{"id":277,"date":"2021-04-14T19:27:33","date_gmt":"2021-04-14T19:27:33","guid":{"rendered":"https:\/\/tsvettlingen.live-website.com\/?page_id=277"},"modified":"2022-01-15T19:44:23","modified_gmt":"2022-01-15T18:44:23","slug":"fsj-2019-2020","status":"publish","type":"page","link":"https:\/\/tsv-ettlingen.de\/tsv\/ueber-uns\/fsj\/fsj-2019-2020","title":{"rendered":"FSJ 2019 \/ 2020"},"content":{"rendered":"\n<div class=\"wp-block-themeisle-blocks-advanced-columns alignfull has-1-columns has-desktop-equal-layout has-tablet-equal-layout has-mobile-equal-layout has-default-gap has-vertical-center\" id=\"wp-block-themeisle-blocks-advanced-columns-4e0d671d\"><div class=\"wp-block-themeisle-blocks-advanced-columns-overlay\"><\/div><div class=\"innerblocks-wrap\">\n<div class=\"wp-block-themeisle-blocks-advanced-column\" id=\"wp-block-themeisle-blocks-advanced-column-d4d96d4a\">\n<h1 id=\"wp-block-themeisle-blocks-advanced-heading-6297c131\" class=\"wp-block-themeisle-blocks-advanced-heading wp-block-themeisle-blocks-advanced-heading-6297c131\">FSJ 2019 \/ 2020<br>Luca Bechler<\/h1>\n<\/div>\n<\/div><\/div>\n\n\n\n<div class=\"wp-block-themeisle-blocks-advanced-columns alignfull has-1-columns has-desktop-equal-layout has-tablet-equal-layout has-mobile-equal-layout has-default-gap has-vertical-unset\" id=\"wp-block-themeisle-blocks-advanced-columns-12e336de\"><div class=\"wp-block-themeisle-blocks-advanced-columns-overlay\"><\/div><div class=\"innerblocks-wrap\">\n<div class=\"wp-block-themeisle-blocks-advanced-column\" id=\"wp-block-themeisle-blocks-advanced-column-2e11648e\"><div class=\"breadcrumbs align  wp-block-bcn-breadcrumb-trail has-text-color has-background\" vocab=\"https:\/\/schema.org\/\" typeof=\"BreadcrumbList\">\n\t<span><\/span>\n\t<span property=\"itemListElement\" typeof=\"ListItem\"><a property=\"item\" typeof=\"WebPage\" title=\"Gehe zu TSV Ettlingen.\" href=\"https:\/\/tsv-ettlingen.de\/tsv\" class=\"home\" ><span property=\"name\">TSV Ettlingen<\/span><\/a><meta property=\"position\" content=\"1\"><\/span> &gt; <span property=\"itemListElement\" typeof=\"ListItem\"><a property=\"item\" typeof=\"WebPage\" title=\"Gehe zu Beitr\u00e4ge.\" href=\"https:\/\/tsv-ettlingen.de\/tsv\/beitraege\" class=\"post-root post post-post\" aria-current=\"page\"><span property=\"name\">Beitr\u00e4ge<\/span><\/a><meta property=\"position\" content=\"2\"><\/span><\/div>\n<\/div>\n<\/div><\/div>\n\n\n\n<div class=\"wp-block-themeisle-blocks-advanced-columns alignfull has-1-columns has-desktop-equal-layout has-tablet-equal-layout has-mobile-equal-layout has-default-gap has-vertical-unset\" id=\"wp-block-themeisle-blocks-advanced-columns-0273539a\"><div class=\"wp-block-themeisle-blocks-advanced-columns-overlay\"><\/div><div class=\"innerblocks-wrap\">\n<div class=\"wp-block-themeisle-blocks-advanced-column\" id=\"wp-block-themeisle-blocks-advanced-column-77cbf08c\">\n<span id=\"wp-block-themeisle-blocks-advanced-heading-96034b55\" class=\"wp-block-themeisle-blocks-advanced-heading wp-block-themeisle-blocks-advanced-heading-96034b55\"><strong>FSJ-INTERVIEW MIT LUCA BECHLER<\/strong><\/span>\n\n\n\n<h2 id=\"wp-block-themeisle-blocks-advanced-heading-b89eeed3\" class=\"wp-block-themeisle-blocks-advanced-heading wp-block-themeisle-blocks-advanced-heading-b89eeed3\">Was ich nicht werden will<\/h2>\n<\/div>\n<\/div><\/div>\n\n\n\n<div class=\"wp-block-themeisle-blocks-advanced-columns alignfull has-1-columns has-desktop-equal-layout has-tablet-equal-layout has-mobile-equal-layout has-default-gap has-vertical-unset\" id=\"wp-block-themeisle-blocks-advanced-columns-d197d5d8\"><div class=\"wp-block-themeisle-blocks-advanced-columns-overlay\"><\/div><div class=\"innerblocks-wrap\">\n<div class=\"wp-block-themeisle-blocks-advanced-column\" id=\"wp-block-themeisle-blocks-advanced-column-c290e298\">\n<span id=\"wp-block-themeisle-blocks-advanced-heading-7fd0e2a0\" class=\"wp-block-themeisle-blocks-advanced-heading wp-block-themeisle-blocks-advanced-heading-7fd0e2a0\"><strong><strong>Luca, konntest du w\u00e4hrend deines FSJs schon herausfinden was du beruflich machen willst oder was auch nicht? Hast du einen besseren Einblick bekommen was du zuk\u00fcnftig vor hast?<\/strong><\/strong><\/span>\n\n\n\n<p>Bevor ich in mein FSJ gestartet bin, war ich mir nicht sicher, ob ich Sportwissenschaft oder Lehramt studieren soll. Im Verlauf meines FSJs bin ich dann vom Beruf als Lehrer immer weiter abgedriftet, es war jedoch nicht so, dass mir die Arbeit mit den Kindern keinen Spa\u00df gemacht hat, sondern ich habe einfach die Zeit genutzt, um dar\u00fcber nachzudenken, was ich in Zukunft als Beruf machen will und das ist dann eben doch nicht die Lehrert\u00e4tigkeit.<\/p>\n<\/div>\n<\/div><\/div>\n\n\n\n<div class=\"wp-block-themeisle-blocks-advanced-columns alignfull has-2-columns has-desktop-oneTwo-layout has-tablet-equal-layout has-mobile-collapsedRows-layout has-default-gap has-vertical-unset\" id=\"wp-block-themeisle-blocks-advanced-columns-bcea4c6b\"><div class=\"wp-block-themeisle-blocks-advanced-columns-overlay\"><\/div><div class=\"innerblocks-wrap\">\n<div class=\"wp-block-themeisle-blocks-advanced-column\" id=\"wp-block-themeisle-blocks-advanced-column-f68eef82\">\n<div class=\"wp-block-image is-style-default\"><figure class=\"alignleft size-large\"><img loading=\"lazy\" decoding=\"async\" width=\"798\" height=\"1024\" src=\"http:\/\/tsv-ettlingen.de\/tsv\/wp-content\/uploads\/2021\/05\/Luca-798x1024.jpeg\" alt=\"\" class=\"wp-image-337\" srcset=\"https:\/\/tsv-ettlingen.de\/tsv\/wp-content\/uploads\/2021\/05\/Luca-798x1024.jpeg 798w, https:\/\/tsv-ettlingen.de\/tsv\/wp-content\/uploads\/2021\/05\/Luca-234x300.jpeg 234w, https:\/\/tsv-ettlingen.de\/tsv\/wp-content\/uploads\/2021\/05\/Luca-768x986.jpeg 768w, https:\/\/tsv-ettlingen.de\/tsv\/wp-content\/uploads\/2021\/05\/Luca-1197x1536.jpeg 1197w, https:\/\/tsv-ettlingen.de\/tsv\/wp-content\/uploads\/2021\/05\/Luca.jpeg 1542w\" sizes=\"auto, (max-width: 798px) 100vw, 798px\" \/><\/figure><\/div>\n<\/div>\n\n\n\n<div class=\"wp-block-themeisle-blocks-advanced-column\" id=\"wp-block-themeisle-blocks-advanced-column-514b122e\">\n<span id=\"wp-block-themeisle-blocks-advanced-heading-27749627\" class=\"wp-block-themeisle-blocks-advanced-heading wp-block-themeisle-blocks-advanced-heading-27749627\"><strong>Welche Aufgaben haben dir bisher am meisten Spa\u00df gemacht w\u00e4hrend deines FSJs?<\/strong><\/span>\n\n\n\n<p>Am meisten Spa\u00df hat mir gemacht, selber in der Halle zu stehen und aktiv zu sein, sei es als Assistenztrainer, Trainer oder auch mal als Mitspieler. Ich bin sehr froh, dass derartige Aufgaben den Gro\u00dfteil meiner T\u00e4tigkeiten ausmachten.<\/p>\n\n\n\n<span id=\"wp-block-themeisle-blocks-advanced-heading-08fe9ba0\" class=\"wp-block-themeisle-blocks-advanced-heading wp-block-themeisle-blocks-advanced-heading-08fe9ba0\"><strong>Wie sieht so im Durchschnitt eine Arbeitswoche bei dir aus?<\/strong><\/span>\n\n\n\n<p>Mein Arbeitsablauf ist sehr abwechslungsreich. Ich bin Assistenztrainer von Kindergruppen verschiedener Altersklassen. Meine T\u00e4tigkeit erstreckt sich vom Eltern-Kind-Turnen bis zu U16 Basketballteams. Auch bei einer Seniorengruppe bin ich einmal in der Woche dabei. Haupts\u00e4chlich spielen die Gruppen Basketball oder turnen. Zus\u00e4tzlich habe ich auch noch AGs in der Grundschule und im Kindergarten, je zwei Stunden pro Woche, welche ich alleine betreue.<\/p>\n<\/div>\n<\/div><\/div>\n\n\n\n<div class=\"wp-block-themeisle-blocks-advanced-columns alignfull has-1-columns has-desktop-equal-layout has-tablet-equal-layout has-mobile-equal-layout has-default-gap has-vertical-unset\" id=\"wp-block-themeisle-blocks-advanced-columns-a3ed5ae1\"><div class=\"wp-block-themeisle-blocks-advanced-columns-overlay\"><\/div><div class=\"innerblocks-wrap\">\n<div class=\"wp-block-themeisle-blocks-advanced-column\" id=\"wp-block-themeisle-blocks-advanced-column-f7a32653\">\n<span id=\"wp-block-themeisle-blocks-advanced-heading-d1a939d0\" class=\"wp-block-themeisle-blocks-advanced-heading wp-block-themeisle-blocks-advanced-heading-d1a939d0\"><strong>Hast du im Moment, w\u00e4hrend der Corona-Phase, frei?<\/strong><\/span>\n\n\n\n<p>Mein normaler Arbeitsablauf hat sich nat\u00fcrlich v\u00f6llig ge\u00e4ndert, frei habe ich jedoch nicht. Das normale Vereinsleben pausiert im Moment, daher bekomme ich andere Aufgaben, wie man trotz Versammlungsverbot eine Vereinsbesprechung abhalten kann oder auch das Mitleiten einer Challenge, welche zum Fithalten der Vereinsmitglieder dient.<\/p>\n\n\n\n<span id=\"wp-block-themeisle-blocks-advanced-heading-cd7e01fd\" class=\"wp-block-themeisle-blocks-advanced-heading wp-block-themeisle-blocks-advanced-heading-cd7e01fd\"><strong>Was w\u00fcrdest du deinem Nachfolger\/deiner Nachfolgerin mit auf den Weg geben?<\/strong><\/span>\n\n\n\n<p>Ich kann sagen, dass sich ein solches FSJ wunderbar eignet, um mal etwas anderes zu machen, statt direkt eine Ausbildung oder ein Studium nach dem Abschluss zu starten. Es ist auch keinesfalls so, dass dieses Jahr eine Verschwendung war. Man kann sehr viel lernen, beispielsweise soziale Kompetenzen, Verantwortung oder auch sportliche Skills, aber nat\u00fcrlich noch viel mehr. Auch der Spa\u00df kommt nicht zu kurz, wenn man einfach authentisch ist und Interesse am Vereinsleben zeigt, wird man super aufgenommen und lernt viele nette Menschen kennen.<\/p>\n\n\n\n<span id=\"wp-block-themeisle-blocks-advanced-heading-2eb9658f\" class=\"wp-block-themeisle-blocks-advanced-heading wp-block-themeisle-blocks-advanced-heading-2eb9658f\"><strong>Was machst du nach deinem FSJ?<\/strong><\/span>\n\n\n\n<p>Ich werde, wenn alles klappt, Sportwissenschaft studieren.<\/p>\n\n\n\n<p><em>Luca Bechler<\/em><\/p>\n<\/div>\n<\/div><\/div>\n","protected":false},"excerpt":{"rendered":"","protected":false},"author":1,"featured_media":0,"parent":270,"menu_order":0,"comment_status":"closed","ping_status":"closed","template":"","meta":{"neve_meta_sidebar":"full-width","neve_meta_container":"","neve_meta_enable_content_width":"on","neve_meta_content_width":100,"neve_meta_title_alignment":"","neve_meta_author_avatar":"","neve_post_elements_order":"","neve_meta_disable_header":"","neve_meta_disable_footer":"","neve_meta_disable_title":"on","_themeisle_gutenberg_block_has_review":false,"footnotes":""},"class_list":["post-277","page","type-page","status-publish","hentry"],"yoast_head":"<!-- This site is optimized with the Yoast SEO plugin v27.3 - https:\/\/yoast.com\/product\/yoast-seo-wordpress\/ -->\n<title>FSJ 2019 \/ 2020 - TSV Ettlingen<\/title>\n<meta name=\"robots\" content=\"index, follow, max-snippet:-1, max-image-preview:large, max-video-preview:-1\" \/>\n<link rel=\"canonical\" href=\"https:\/\/tsv-ettlingen.de\/tsv\/ueber-uns\/fsj\/fsj-2019-2020\" \/>\n<meta property=\"og:locale\" content=\"de_DE\" \/>\n<meta property=\"og:type\" content=\"article\" \/>\n<meta property=\"og:title\" content=\"FSJ 2019 \/ 2020 - TSV Ettlingen\" \/>\n<meta property=\"og:url\" content=\"https:\/\/tsv-ettlingen.de\/tsv\/ueber-uns\/fsj\/fsj-2019-2020\" \/>\n<meta property=\"og:site_name\" content=\"TSV Ettlingen\" \/>\n<meta property=\"article:modified_time\" content=\"2022-01-15T18:44:23+00:00\" \/>\n<meta property=\"og:image\" content=\"http:\/\/tsv-ettlingen.de\/tsv\/wp-content\/uploads\/2021\/05\/Luca-798x1024.jpeg\" \/>\n<meta name=\"twitter:card\" content=\"summary_large_image\" \/>\n<meta name=\"twitter:label1\" content=\"Gesch\u00e4tzte Lesezeit\" \/>\n\t<meta name=\"twitter:data1\" content=\"2\u00a0Minuten\" \/>\n<script type=\"application\/ld+json\" class=\"yoast-schema-graph\">{\"@context\":\"https:\\\/\\\/schema.org\",\"@graph\":[{\"@type\":\"WebPage\",\"@id\":\"https:\\\/\\\/tsv-ettlingen.de\\\/tsv\\\/ueber-uns\\\/fsj\\\/fsj-2019-2020\",\"url\":\"https:\\\/\\\/tsv-ettlingen.de\\\/tsv\\\/ueber-uns\\\/fsj\\\/fsj-2019-2020\",\"name\":\"FSJ 2019 \\\/ 2020 - TSV Ettlingen\",\"isPartOf\":{\"@id\":\"https:\\\/\\\/tsv-ettlingen.de\\\/tsv\\\/#website\"},\"primaryImageOfPage\":{\"@id\":\"https:\\\/\\\/tsv-ettlingen.de\\\/tsv\\\/ueber-uns\\\/fsj\\\/fsj-2019-2020#primaryimage\"},\"image\":{\"@id\":\"https:\\\/\\\/tsv-ettlingen.de\\\/tsv\\\/ueber-uns\\\/fsj\\\/fsj-2019-2020#primaryimage\"},\"thumbnailUrl\":\"http:\\\/\\\/tsv-ettlingen.de\\\/tsv\\\/wp-content\\\/uploads\\\/2021\\\/05\\\/Luca-798x1024.jpeg\",\"datePublished\":\"2021-04-14T19:27:33+00:00\",\"dateModified\":\"2022-01-15T18:44:23+00:00\",\"breadcrumb\":{\"@id\":\"https:\\\/\\\/tsv-ettlingen.de\\\/tsv\\\/ueber-uns\\\/fsj\\\/fsj-2019-2020#breadcrumb\"},\"inLanguage\":\"de\",\"potentialAction\":[{\"@type\":\"ReadAction\",\"target\":[\"https:\\\/\\\/tsv-ettlingen.de\\\/tsv\\\/ueber-uns\\\/fsj\\\/fsj-2019-2020\"]}]},{\"@type\":\"ImageObject\",\"inLanguage\":\"de\",\"@id\":\"https:\\\/\\\/tsv-ettlingen.de\\\/tsv\\\/ueber-uns\\\/fsj\\\/fsj-2019-2020#primaryimage\",\"url\":\"https:\\\/\\\/tsv-ettlingen.de\\\/tsv\\\/wp-content\\\/uploads\\\/2021\\\/05\\\/Luca.jpeg\",\"contentUrl\":\"https:\\\/\\\/tsv-ettlingen.de\\\/tsv\\\/wp-content\\\/uploads\\\/2021\\\/05\\\/Luca.jpeg\",\"width\":1542,\"height\":1979},{\"@type\":\"BreadcrumbList\",\"@id\":\"https:\\\/\\\/tsv-ettlingen.de\\\/tsv\\\/ueber-uns\\\/fsj\\\/fsj-2019-2020#breadcrumb\",\"itemListElement\":[{\"@type\":\"ListItem\",\"position\":1,\"name\":\"Startseite\",\"item\":\"https:\\\/\\\/tsv-ettlingen.de\\\/tsv\\\/\"},{\"@type\":\"ListItem\",\"position\":2,\"name\":\"\u00dcber uns\",\"item\":\"https:\\\/\\\/tsv-ettlingen.de\\\/tsv\\\/ueber-uns\"},{\"@type\":\"ListItem\",\"position\":3,\"name\":\"Freiwilliges Soziales Jahr\",\"item\":\"https:\\\/\\\/tsv-ettlingen.de\\\/tsv\\\/ueber-uns\\\/fsj\"},{\"@type\":\"ListItem\",\"position\":4,\"name\":\"FSJ 2019 \\\/ 2020\"}]},{\"@type\":\"WebSite\",\"@id\":\"https:\\\/\\\/tsv-ettlingen.de\\\/tsv\\\/#website\",\"url\":\"https:\\\/\\\/tsv-ettlingen.de\\\/tsv\\\/\",\"name\":\"TSV Ettlingen\",\"description\":\"Zusammenhalt leben!\",\"publisher\":{\"@id\":\"https:\\\/\\\/tsv-ettlingen.de\\\/tsv\\\/#organization\"},\"potentialAction\":[{\"@type\":\"SearchAction\",\"target\":{\"@type\":\"EntryPoint\",\"urlTemplate\":\"https:\\\/\\\/tsv-ettlingen.de\\\/tsv\\\/?s={search_term_string}\"},\"query-input\":{\"@type\":\"PropertyValueSpecification\",\"valueRequired\":true,\"valueName\":\"search_term_string\"}}],\"inLanguage\":\"de\"},{\"@type\":\"Organization\",\"@id\":\"https:\\\/\\\/tsv-ettlingen.de\\\/tsv\\\/#organization\",\"name\":\"TSV Ettlingen e.V.\",\"url\":\"https:\\\/\\\/tsv-ettlingen.de\\\/tsv\\\/\",\"logo\":{\"@type\":\"ImageObject\",\"inLanguage\":\"de\",\"@id\":\"https:\\\/\\\/tsv-ettlingen.de\\\/tsv\\\/#\\\/schema\\\/logo\\\/image\\\/\",\"url\":\"https:\\\/\\\/tsv-ettlingen.de\\\/tsv\\\/wp-content\\\/uploads\\\/2021\\\/05\\\/LOGO_Farbe.jpg\",\"contentUrl\":\"https:\\\/\\\/tsv-ettlingen.de\\\/tsv\\\/wp-content\\\/uploads\\\/2021\\\/05\\\/LOGO_Farbe.jpg\",\"width\":2008,\"height\":1181,\"caption\":\"TSV Ettlingen e.V.\"},\"image\":{\"@id\":\"https:\\\/\\\/tsv-ettlingen.de\\\/tsv\\\/#\\\/schema\\\/logo\\\/image\\\/\"},\"sameAs\":[\"https:\\\/\\\/www.instagram.com\\\/tsv_ettlingen\\\/\"]}]}<\/script>\n<!-- \/ Yoast SEO plugin. -->","yoast_head_json":{"title":"FSJ 2019 \/ 2020 - TSV Ettlingen","robots":{"index":"index","follow":"follow","max-snippet":"max-snippet:-1","max-image-preview":"max-image-preview:large","max-video-preview":"max-video-preview:-1"},"canonical":"https:\/\/tsv-ettlingen.de\/tsv\/ueber-uns\/fsj\/fsj-2019-2020","og_locale":"de_DE","og_type":"article","og_title":"FSJ 2019 \/ 2020 - TSV Ettlingen","og_url":"https:\/\/tsv-ettlingen.de\/tsv\/ueber-uns\/fsj\/fsj-2019-2020","og_site_name":"TSV Ettlingen","article_modified_time":"2022-01-15T18:44:23+00:00","og_image":[{"url":"http:\/\/tsv-ettlingen.de\/tsv\/wp-content\/uploads\/2021\/05\/Luca-798x1024.jpeg","type":"","width":"","height":""}],"twitter_card":"summary_large_image","twitter_misc":{"Gesch\u00e4tzte Lesezeit":"2\u00a0Minuten"},"schema":{"@context":"https:\/\/schema.org","@graph":[{"@type":"WebPage","@id":"https:\/\/tsv-ettlingen.de\/tsv\/ueber-uns\/fsj\/fsj-2019-2020","url":"https:\/\/tsv-ettlingen.de\/tsv\/ueber-uns\/fsj\/fsj-2019-2020","name":"FSJ 2019 \/ 2020 - TSV Ettlingen","isPartOf":{"@id":"https:\/\/tsv-ettlingen.de\/tsv\/#website"},"primaryImageOfPage":{"@id":"https:\/\/tsv-ettlingen.de\/tsv\/ueber-uns\/fsj\/fsj-2019-2020#primaryimage"},"image":{"@id":"https:\/\/tsv-ettlingen.de\/tsv\/ueber-uns\/fsj\/fsj-2019-2020#primaryimage"},"thumbnailUrl":"http:\/\/tsv-ettlingen.de\/tsv\/wp-content\/uploads\/2021\/05\/Luca-798x1024.jpeg","datePublished":"2021-04-14T19:27:33+00:00","dateModified":"2022-01-15T18:44:23+00:00","breadcrumb":{"@id":"https:\/\/tsv-ettlingen.de\/tsv\/ueber-uns\/fsj\/fsj-2019-2020#breadcrumb"},"inLanguage":"de","potentialAction":[{"@type":"ReadAction","target":["https:\/\/tsv-ettlingen.de\/tsv\/ueber-uns\/fsj\/fsj-2019-2020"]}]},{"@type":"ImageObject","inLanguage":"de","@id":"https:\/\/tsv-ettlingen.de\/tsv\/ueber-uns\/fsj\/fsj-2019-2020#primaryimage","url":"https:\/\/tsv-ettlingen.de\/tsv\/wp-content\/uploads\/2021\/05\/Luca.jpeg","contentUrl":"https:\/\/tsv-ettlingen.de\/tsv\/wp-content\/uploads\/2021\/05\/Luca.jpeg","width":1542,"height":1979},{"@type":"BreadcrumbList","@id":"https:\/\/tsv-ettlingen.de\/tsv\/ueber-uns\/fsj\/fsj-2019-2020#breadcrumb","itemListElement":[{"@type":"ListItem","position":1,"name":"Startseite","item":"https:\/\/tsv-ettlingen.de\/tsv\/"},{"@type":"ListItem","position":2,"name":"\u00dcber uns","item":"https:\/\/tsv-ettlingen.de\/tsv\/ueber-uns"},{"@type":"ListItem","position":3,"name":"Freiwilliges Soziales Jahr","item":"https:\/\/tsv-ettlingen.de\/tsv\/ueber-uns\/fsj"},{"@type":"ListItem","position":4,"name":"FSJ 2019 \/ 2020"}]},{"@type":"WebSite","@id":"https:\/\/tsv-ettlingen.de\/tsv\/#website","url":"https:\/\/tsv-ettlingen.de\/tsv\/","name":"TSV Ettlingen","description":"Zusammenhalt leben!","publisher":{"@id":"https:\/\/tsv-ettlingen.de\/tsv\/#organization"},"potentialAction":[{"@type":"SearchAction","target":{"@type":"EntryPoint","urlTemplate":"https:\/\/tsv-ettlingen.de\/tsv\/?s={search_term_string}"},"query-input":{"@type":"PropertyValueSpecification","valueRequired":true,"valueName":"search_term_string"}}],"inLanguage":"de"},{"@type":"Organization","@id":"https:\/\/tsv-ettlingen.de\/tsv\/#organization","name":"TSV Ettlingen e.V.","url":"https:\/\/tsv-ettlingen.de\/tsv\/","logo":{"@type":"ImageObject","inLanguage":"de","@id":"https:\/\/tsv-ettlingen.de\/tsv\/#\/schema\/logo\/image\/","url":"https:\/\/tsv-ettlingen.de\/tsv\/wp-content\/uploads\/2021\/05\/LOGO_Farbe.jpg","contentUrl":"https:\/\/tsv-ettlingen.de\/tsv\/wp-content\/uploads\/2021\/05\/LOGO_Farbe.jpg","width":2008,"height":1181,"caption":"TSV Ettlingen e.V."},"image":{"@id":"https:\/\/tsv-ettlingen.de\/tsv\/#\/schema\/logo\/image\/"},"sameAs":["https:\/\/www.instagram.com\/tsv_ettlingen\/"]}]}},"_links":{"self":[{"href":"https:\/\/tsv-ettlingen.de\/tsv\/wp-json\/wp\/v2\/pages\/277","targetHints":{"allow":["GET"]}}],"collection":[{"href":"https:\/\/tsv-ettlingen.de\/tsv\/wp-json\/wp\/v2\/pages"}],"about":[{"href":"https:\/\/tsv-ettlingen.de\/tsv\/wp-json\/wp\/v2\/types\/page"}],"author":[{"embeddable":true,"href":"https:\/\/tsv-ettlingen.de\/tsv\/wp-json\/wp\/v2\/users\/1"}],"replies":[{"embeddable":true,"href":"https:\/\/tsv-ettlingen.de\/tsv\/wp-json\/wp\/v2\/comments?post=277"}],"version-history":[{"count":15,"href":"https:\/\/tsv-ettlingen.de\/tsv\/wp-json\/wp\/v2\/pages\/277\/revisions"}],"predecessor-version":[{"id":849,"href":"https:\/\/tsv-ettlingen.de\/tsv\/wp-json\/wp\/v2\/pages\/277\/revisions\/849"}],"up":[{"embeddable":true,"href":"https:\/\/tsv-ettlingen.de\/tsv\/wp-json\/wp\/v2\/pages\/270"}],"wp:attachment":[{"href":"https:\/\/tsv-ettlingen.de\/tsv\/wp-json\/wp\/v2\/media?parent=277"}],"curies":[{"name":"wp","href":"https:\/\/api.w.org\/{rel}","templated":true}]}}