{"id":374,"date":"2021-05-31T12:25:00","date_gmt":"2021-05-31T12:25:00","guid":{"rendered":"https:\/\/tsvettlingen.live-website.com\/?page_id=374"},"modified":"2022-01-15T20:19:53","modified_gmt":"2022-01-15T19:19:53","slug":"fsj-2016-2017","status":"publish","type":"page","link":"https:\/\/tsv-ettlingen.de\/tsv\/ueber-uns\/fsj\/fsj-2016-2017","title":{"rendered":"FSJ 2016 \/ 2017"},"content":{"rendered":"\n<div class=\"wp-block-themeisle-blocks-advanced-columns alignfull has-1-columns has-desktop-equal-layout has-tablet-equal-layout has-mobile-equal-layout has-default-gap has-vertical-center\" id=\"wp-block-themeisle-blocks-advanced-columns-4e0d671d\"><div class=\"wp-block-themeisle-blocks-advanced-columns-overlay\"><\/div><div class=\"innerblocks-wrap\">\n<div class=\"wp-block-themeisle-blocks-advanced-column\" id=\"wp-block-themeisle-blocks-advanced-column-d4d96d4a\">\n<h1 id=\"wp-block-themeisle-blocks-advanced-heading-6297c131\" class=\"wp-block-themeisle-blocks-advanced-heading wp-block-themeisle-blocks-advanced-heading-6297c131\">FSJ 2016 \/ 2017<br>Fabian W\u00fchl<\/h1>\n<\/div>\n<\/div><\/div>\n\n\n\n<div class=\"wp-block-themeisle-blocks-advanced-columns has-1-columns has-desktop-equal-layout has-tablet-equal-layout has-mobile-equal-layout has-default-gap has-vertical-unset\" id=\"wp-block-themeisle-blocks-advanced-columns-d7ce18aa\"><div class=\"wp-block-themeisle-blocks-advanced-columns-overlay\"><\/div><div class=\"innerblocks-wrap\">\n<div class=\"wp-block-themeisle-blocks-advanced-column\" id=\"wp-block-themeisle-blocks-advanced-column-309e0236\"><div class=\"breadcrumbs align  wp-block-bcn-breadcrumb-trail has-text-color has-background\" vocab=\"https:\/\/schema.org\/\" typeof=\"BreadcrumbList\">\n\t<span><\/span>\n\t<span property=\"itemListElement\" typeof=\"ListItem\"><a property=\"item\" typeof=\"WebPage\" title=\"Gehe zu TSV Ettlingen.\" href=\"https:\/\/tsv-ettlingen.de\/tsv\" class=\"home\" ><span property=\"name\">TSV Ettlingen<\/span><\/a><meta property=\"position\" content=\"1\"><\/span> &gt; <span property=\"itemListElement\" typeof=\"ListItem\"><a property=\"item\" typeof=\"WebPage\" title=\"Gehe zu Beitr\u00e4ge.\" href=\"https:\/\/tsv-ettlingen.de\/tsv\/beitraege\" class=\"post-root post post-post\" aria-current=\"page\"><span property=\"name\">Beitr\u00e4ge<\/span><\/a><meta property=\"position\" content=\"2\"><\/span><\/div>\n<\/div>\n<\/div><\/div>\n\n\n\n<div class=\"wp-block-themeisle-blocks-advanced-columns alignfull has-1-columns has-desktop-equal-layout has-tablet-equal-layout has-mobile-equal-layout has-default-gap has-vertical-unset\" id=\"wp-block-themeisle-blocks-advanced-columns-0273539a\"><div class=\"wp-block-themeisle-blocks-advanced-columns-overlay\"><\/div><div class=\"innerblocks-wrap\">\n<div class=\"wp-block-themeisle-blocks-advanced-column\" id=\"wp-block-themeisle-blocks-advanced-column-77cbf08c\">\n<h2 id=\"wp-block-themeisle-blocks-advanced-heading-96034b55\" class=\"wp-block-themeisle-blocks-advanced-heading wp-block-themeisle-blocks-advanced-heading-96034b55\"><strong><strong>Kooperation Schule &#8211; Verein<\/strong><\/strong><\/h2>\n<\/div>\n<\/div><\/div>\n\n\n\n<div class=\"wp-block-themeisle-blocks-advanced-columns alignfull has-1-columns has-desktop-equal-layout has-tablet-equal-layout has-mobile-equal-layout has-default-gap has-vertical-unset\" id=\"wp-block-themeisle-blocks-advanced-columns-d197d5d8\"><div class=\"wp-block-themeisle-blocks-advanced-columns-overlay\"><\/div><div class=\"innerblocks-wrap\">\n<div class=\"wp-block-themeisle-blocks-advanced-column\" id=\"wp-block-themeisle-blocks-advanced-column-c290e298\">\n<div class=\"wp-block-image\"><figure class=\"aligncenter size-full\"><img loading=\"lazy\" decoding=\"async\" width=\"450\" height=\"338\" src=\"http:\/\/tsv-ettlingen.de\/tsv\/wp-content\/uploads\/2022\/01\/penguins.jpg\" alt=\"\" class=\"wp-image-837\" srcset=\"https:\/\/tsv-ettlingen.de\/tsv\/wp-content\/uploads\/2022\/01\/penguins.jpg 450w, https:\/\/tsv-ettlingen.de\/tsv\/wp-content\/uploads\/2022\/01\/penguins-300x225.jpg 300w\" sizes=\"auto, (max-width: 450px) 100vw, 450px\" \/><\/figure><\/div>\n<\/div>\n<\/div><\/div>\n\n\n\n<div class=\"wp-block-themeisle-blocks-advanced-columns alignfull has-1-columns has-desktop-equal-layout has-tablet-equal-layout has-mobile-equal-layout has-default-gap has-vertical-unset\" id=\"wp-block-themeisle-blocks-advanced-columns-a3ed5ae1\"><div class=\"wp-block-themeisle-blocks-advanced-columns-overlay\"><\/div><div class=\"innerblocks-wrap\">\n<div class=\"wp-block-themeisle-blocks-advanced-column\" id=\"wp-block-themeisle-blocks-advanced-column-f7a32653\">\n<p><em><strong>Begeisternde Spiele der Basketball-AG der Grundschule Bruchhausen<\/strong><br>Seit Anfang des Schuljahres haben die Klassen 3a und 3b der GSS Bruchhausen eine Ballsport AG unter der Leitung von Fabian W\u00fchl. Fabian motivierte die Sch\u00fclerinnen und Sch\u00fcler zur Teilnahme an dem Basketballturnier des TSV Ettlingen, das am 29. April in der Albgauhalle stattfand. Seither \u00fcbten die Kinder einmal pro Woche mit sehr viel Spa\u00df und Flei\u00df das Dribbeln und K\u00f6rbe-Werfen unter der Leitung von Fabian. Durch das spannende und sehr abwechslungsreiche Training steigerte sich der Mannschaftsgeist und die Balltechnik der Kinder von Woche zu Woche.<br>Endlich war es soweit. Die GSS-Ballsport AG nahm unter dem Namen Penguins Bruchhausen an dem Basketballturnier des TSV Ettlingen teil. Hochmotiviert und auch ein bisschen aufgeregt traten sie als einzige Schulmannschaft an. Wie das wohl so klappen w\u00fcrde? Alle anderen Teams waren Vereinsmannschaften aus der Region, z.B. Ettlingen, Durlach, Bruchsal, Pforzheim, Karlsbad.<br>Unsere Schulmannschaft schlug sich tapfer, verlor aber ein paar Mal trotz sehr guter Leistung ganz knapp. Zu guter Letzt gewannen die Penguins Bruchhausen das finale Spiel und sicherten sich den 7. Platz, was mit viel Jubel und Gummib\u00e4rchen freudig gefeiert wurde.<br>Die Ballsport AG dankt dem Trainer Fabian W\u00fchl f\u00fcr das spannenden Turnier und freut sich auf die kommenden Trainingsstunden mit ihm. Einen lieben Dank auch an Fabians Mutter, die die Mannschaftstrikots mit Aufdruck organisiert und gesponsert hat.<\/em><\/p>\n\n\n\n<p><em>(Amtsblatt Ettlingen Mai 2017 &#8211; Bericht der Geschwister-Scholl-Schule Bruchhausen)<\/em><em><\/em><\/p>\n<\/div>\n<\/div><\/div>\n\n\n\n<p><\/p>\n","protected":false},"excerpt":{"rendered":"","protected":false},"author":1,"featured_media":0,"parent":270,"menu_order":0,"comment_status":"closed","ping_status":"closed","template":"","meta":{"neve_meta_sidebar":"full-width","neve_meta_container":"","neve_meta_enable_content_width":"on","neve_meta_content_width":100,"neve_meta_title_alignment":"","neve_meta_author_avatar":"","neve_post_elements_order":"","neve_meta_disable_header":"","neve_meta_disable_footer":"","neve_meta_disable_title":"on","_themeisle_gutenberg_block_has_review":false,"footnotes":""},"class_list":["post-374","page","type-page","status-publish","hentry"],"yoast_head":"<!-- This site is optimized with the Yoast SEO plugin v27.3 - https:\/\/yoast.com\/product\/yoast-seo-wordpress\/ -->\n<title>FSJ 2016 \/ 2017 - TSV Ettlingen<\/title>\n<meta name=\"robots\" content=\"index, follow, max-snippet:-1, max-image-preview:large, max-video-preview:-1\" \/>\n<link rel=\"canonical\" href=\"https:\/\/tsv-ettlingen.de\/tsv\/ueber-uns\/fsj\/fsj-2016-2017\" \/>\n<meta property=\"og:locale\" content=\"de_DE\" \/>\n<meta property=\"og:type\" content=\"article\" \/>\n<meta property=\"og:title\" content=\"FSJ 2016 \/ 2017 - TSV Ettlingen\" \/>\n<meta property=\"og:url\" content=\"https:\/\/tsv-ettlingen.de\/tsv\/ueber-uns\/fsj\/fsj-2016-2017\" \/>\n<meta property=\"og:site_name\" content=\"TSV Ettlingen\" \/>\n<meta property=\"article:modified_time\" content=\"2022-01-15T19:19:53+00:00\" \/>\n<meta property=\"og:image\" content=\"http:\/\/tsv-ettlingen.de\/tsv\/wp-content\/uploads\/2022\/01\/penguins.jpg\" \/>\n<meta name=\"twitter:card\" content=\"summary_large_image\" \/>\n<meta name=\"twitter:label1\" content=\"Gesch\u00e4tzte Lesezeit\" \/>\n\t<meta name=\"twitter:data1\" content=\"1\u00a0Minute\" \/>\n<script type=\"application\/ld+json\" class=\"yoast-schema-graph\">{\"@context\":\"https:\\\/\\\/schema.org\",\"@graph\":[{\"@type\":\"WebPage\",\"@id\":\"https:\\\/\\\/tsv-ettlingen.de\\\/tsv\\\/ueber-uns\\\/fsj\\\/fsj-2016-2017\",\"url\":\"https:\\\/\\\/tsv-ettlingen.de\\\/tsv\\\/ueber-uns\\\/fsj\\\/fsj-2016-2017\",\"name\":\"FSJ 2016 \\\/ 2017 - TSV Ettlingen\",\"isPartOf\":{\"@id\":\"https:\\\/\\\/tsv-ettlingen.de\\\/tsv\\\/#website\"},\"primaryImageOfPage\":{\"@id\":\"https:\\\/\\\/tsv-ettlingen.de\\\/tsv\\\/ueber-uns\\\/fsj\\\/fsj-2016-2017#primaryimage\"},\"image\":{\"@id\":\"https:\\\/\\\/tsv-ettlingen.de\\\/tsv\\\/ueber-uns\\\/fsj\\\/fsj-2016-2017#primaryimage\"},\"thumbnailUrl\":\"http:\\\/\\\/tsv-ettlingen.de\\\/tsv\\\/wp-content\\\/uploads\\\/2022\\\/01\\\/penguins.jpg\",\"datePublished\":\"2021-05-31T12:25:00+00:00\",\"dateModified\":\"2022-01-15T19:19:53+00:00\",\"breadcrumb\":{\"@id\":\"https:\\\/\\\/tsv-ettlingen.de\\\/tsv\\\/ueber-uns\\\/fsj\\\/fsj-2016-2017#breadcrumb\"},\"inLanguage\":\"de\",\"potentialAction\":[{\"@type\":\"ReadAction\",\"target\":[\"https:\\\/\\\/tsv-ettlingen.de\\\/tsv\\\/ueber-uns\\\/fsj\\\/fsj-2016-2017\"]}]},{\"@type\":\"ImageObject\",\"inLanguage\":\"de\",\"@id\":\"https:\\\/\\\/tsv-ettlingen.de\\\/tsv\\\/ueber-uns\\\/fsj\\\/fsj-2016-2017#primaryimage\",\"url\":\"https:\\\/\\\/tsv-ettlingen.de\\\/tsv\\\/wp-content\\\/uploads\\\/2022\\\/01\\\/penguins.jpg\",\"contentUrl\":\"https:\\\/\\\/tsv-ettlingen.de\\\/tsv\\\/wp-content\\\/uploads\\\/2022\\\/01\\\/penguins.jpg\",\"width\":450,\"height\":338},{\"@type\":\"BreadcrumbList\",\"@id\":\"https:\\\/\\\/tsv-ettlingen.de\\\/tsv\\\/ueber-uns\\\/fsj\\\/fsj-2016-2017#breadcrumb\",\"itemListElement\":[{\"@type\":\"ListItem\",\"position\":1,\"name\":\"Startseite\",\"item\":\"https:\\\/\\\/tsv-ettlingen.de\\\/tsv\\\/\"},{\"@type\":\"ListItem\",\"position\":2,\"name\":\"\u00dcber uns\",\"item\":\"https:\\\/\\\/tsv-ettlingen.de\\\/tsv\\\/ueber-uns\"},{\"@type\":\"ListItem\",\"position\":3,\"name\":\"Freiwilliges Soziales Jahr\",\"item\":\"https:\\\/\\\/tsv-ettlingen.de\\\/tsv\\\/ueber-uns\\\/fsj\"},{\"@type\":\"ListItem\",\"position\":4,\"name\":\"FSJ 2016 \\\/ 2017\"}]},{\"@type\":\"WebSite\",\"@id\":\"https:\\\/\\\/tsv-ettlingen.de\\\/tsv\\\/#website\",\"url\":\"https:\\\/\\\/tsv-ettlingen.de\\\/tsv\\\/\",\"name\":\"TSV Ettlingen\",\"description\":\"Zusammenhalt leben!\",\"publisher\":{\"@id\":\"https:\\\/\\\/tsv-ettlingen.de\\\/tsv\\\/#organization\"},\"potentialAction\":[{\"@type\":\"SearchAction\",\"target\":{\"@type\":\"EntryPoint\",\"urlTemplate\":\"https:\\\/\\\/tsv-ettlingen.de\\\/tsv\\\/?s={search_term_string}\"},\"query-input\":{\"@type\":\"PropertyValueSpecification\",\"valueRequired\":true,\"valueName\":\"search_term_string\"}}],\"inLanguage\":\"de\"},{\"@type\":\"Organization\",\"@id\":\"https:\\\/\\\/tsv-ettlingen.de\\\/tsv\\\/#organization\",\"name\":\"TSV Ettlingen e.V.\",\"url\":\"https:\\\/\\\/tsv-ettlingen.de\\\/tsv\\\/\",\"logo\":{\"@type\":\"ImageObject\",\"inLanguage\":\"de\",\"@id\":\"https:\\\/\\\/tsv-ettlingen.de\\\/tsv\\\/#\\\/schema\\\/logo\\\/image\\\/\",\"url\":\"https:\\\/\\\/tsv-ettlingen.de\\\/tsv\\\/wp-content\\\/uploads\\\/2021\\\/05\\\/LOGO_Farbe.jpg\",\"contentUrl\":\"https:\\\/\\\/tsv-ettlingen.de\\\/tsv\\\/wp-content\\\/uploads\\\/2021\\\/05\\\/LOGO_Farbe.jpg\",\"width\":2008,\"height\":1181,\"caption\":\"TSV Ettlingen e.V.\"},\"image\":{\"@id\":\"https:\\\/\\\/tsv-ettlingen.de\\\/tsv\\\/#\\\/schema\\\/logo\\\/image\\\/\"},\"sameAs\":[\"https:\\\/\\\/www.instagram.com\\\/tsv_ettlingen\\\/\"]}]}<\/script>\n<!-- \/ Yoast SEO plugin. -->","yoast_head_json":{"title":"FSJ 2016 \/ 2017 - TSV Ettlingen","robots":{"index":"index","follow":"follow","max-snippet":"max-snippet:-1","max-image-preview":"max-image-preview:large","max-video-preview":"max-video-preview:-1"},"canonical":"https:\/\/tsv-ettlingen.de\/tsv\/ueber-uns\/fsj\/fsj-2016-2017","og_locale":"de_DE","og_type":"article","og_title":"FSJ 2016 \/ 2017 - TSV Ettlingen","og_url":"https:\/\/tsv-ettlingen.de\/tsv\/ueber-uns\/fsj\/fsj-2016-2017","og_site_name":"TSV Ettlingen","article_modified_time":"2022-01-15T19:19:53+00:00","og_image":[{"url":"http:\/\/tsv-ettlingen.de\/tsv\/wp-content\/uploads\/2022\/01\/penguins.jpg","type":"","width":"","height":""}],"twitter_card":"summary_large_image","twitter_misc":{"Gesch\u00e4tzte Lesezeit":"1\u00a0Minute"},"schema":{"@context":"https:\/\/schema.org","@graph":[{"@type":"WebPage","@id":"https:\/\/tsv-ettlingen.de\/tsv\/ueber-uns\/fsj\/fsj-2016-2017","url":"https:\/\/tsv-ettlingen.de\/tsv\/ueber-uns\/fsj\/fsj-2016-2017","name":"FSJ 2016 \/ 2017 - TSV Ettlingen","isPartOf":{"@id":"https:\/\/tsv-ettlingen.de\/tsv\/#website"},"primaryImageOfPage":{"@id":"https:\/\/tsv-ettlingen.de\/tsv\/ueber-uns\/fsj\/fsj-2016-2017#primaryimage"},"image":{"@id":"https:\/\/tsv-ettlingen.de\/tsv\/ueber-uns\/fsj\/fsj-2016-2017#primaryimage"},"thumbnailUrl":"http:\/\/tsv-ettlingen.de\/tsv\/wp-content\/uploads\/2022\/01\/penguins.jpg","datePublished":"2021-05-31T12:25:00+00:00","dateModified":"2022-01-15T19:19:53+00:00","breadcrumb":{"@id":"https:\/\/tsv-ettlingen.de\/tsv\/ueber-uns\/fsj\/fsj-2016-2017#breadcrumb"},"inLanguage":"de","potentialAction":[{"@type":"ReadAction","target":["https:\/\/tsv-ettlingen.de\/tsv\/ueber-uns\/fsj\/fsj-2016-2017"]}]},{"@type":"ImageObject","inLanguage":"de","@id":"https:\/\/tsv-ettlingen.de\/tsv\/ueber-uns\/fsj\/fsj-2016-2017#primaryimage","url":"https:\/\/tsv-ettlingen.de\/tsv\/wp-content\/uploads\/2022\/01\/penguins.jpg","contentUrl":"https:\/\/tsv-ettlingen.de\/tsv\/wp-content\/uploads\/2022\/01\/penguins.jpg","width":450,"height":338},{"@type":"BreadcrumbList","@id":"https:\/\/tsv-ettlingen.de\/tsv\/ueber-uns\/fsj\/fsj-2016-2017#breadcrumb","itemListElement":[{"@type":"ListItem","position":1,"name":"Startseite","item":"https:\/\/tsv-ettlingen.de\/tsv\/"},{"@type":"ListItem","position":2,"name":"\u00dcber uns","item":"https:\/\/tsv-ettlingen.de\/tsv\/ueber-uns"},{"@type":"ListItem","position":3,"name":"Freiwilliges Soziales Jahr","item":"https:\/\/tsv-ettlingen.de\/tsv\/ueber-uns\/fsj"},{"@type":"ListItem","position":4,"name":"FSJ 2016 \/ 2017"}]},{"@type":"WebSite","@id":"https:\/\/tsv-ettlingen.de\/tsv\/#website","url":"https:\/\/tsv-ettlingen.de\/tsv\/","name":"TSV Ettlingen","description":"Zusammenhalt leben!","publisher":{"@id":"https:\/\/tsv-ettlingen.de\/tsv\/#organization"},"potentialAction":[{"@type":"SearchAction","target":{"@type":"EntryPoint","urlTemplate":"https:\/\/tsv-ettlingen.de\/tsv\/?s={search_term_string}"},"query-input":{"@type":"PropertyValueSpecification","valueRequired":true,"valueName":"search_term_string"}}],"inLanguage":"de"},{"@type":"Organization","@id":"https:\/\/tsv-ettlingen.de\/tsv\/#organization","name":"TSV Ettlingen e.V.","url":"https:\/\/tsv-ettlingen.de\/tsv\/","logo":{"@type":"ImageObject","inLanguage":"de","@id":"https:\/\/tsv-ettlingen.de\/tsv\/#\/schema\/logo\/image\/","url":"https:\/\/tsv-ettlingen.de\/tsv\/wp-content\/uploads\/2021\/05\/LOGO_Farbe.jpg","contentUrl":"https:\/\/tsv-ettlingen.de\/tsv\/wp-content\/uploads\/2021\/05\/LOGO_Farbe.jpg","width":2008,"height":1181,"caption":"TSV Ettlingen e.V."},"image":{"@id":"https:\/\/tsv-ettlingen.de\/tsv\/#\/schema\/logo\/image\/"},"sameAs":["https:\/\/www.instagram.com\/tsv_ettlingen\/"]}]}},"_links":{"self":[{"href":"https:\/\/tsv-ettlingen.de\/tsv\/wp-json\/wp\/v2\/pages\/374","targetHints":{"allow":["GET"]}}],"collection":[{"href":"https:\/\/tsv-ettlingen.de\/tsv\/wp-json\/wp\/v2\/pages"}],"about":[{"href":"https:\/\/tsv-ettlingen.de\/tsv\/wp-json\/wp\/v2\/types\/page"}],"author":[{"embeddable":true,"href":"https:\/\/tsv-ettlingen.de\/tsv\/wp-json\/wp\/v2\/users\/1"}],"replies":[{"embeddable":true,"href":"https:\/\/tsv-ettlingen.de\/tsv\/wp-json\/wp\/v2\/comments?post=374"}],"version-history":[{"count":3,"href":"https:\/\/tsv-ettlingen.de\/tsv\/wp-json\/wp\/v2\/pages\/374\/revisions"}],"predecessor-version":[{"id":861,"href":"https:\/\/tsv-ettlingen.de\/tsv\/wp-json\/wp\/v2\/pages\/374\/revisions\/861"}],"up":[{"embeddable":true,"href":"https:\/\/tsv-ettlingen.de\/tsv\/wp-json\/wp\/v2\/pages\/270"}],"wp:attachment":[{"href":"https:\/\/tsv-ettlingen.de\/tsv\/wp-json\/wp\/v2\/media?parent=374"}],"curies":[{"name":"wp","href":"https:\/\/api.w.org\/{rel}","templated":true}]}}