{"id":375,"date":"2021-05-31T12:25:12","date_gmt":"2021-05-31T12:25:12","guid":{"rendered":"https:\/\/tsvettlingen.live-website.com\/?page_id=375"},"modified":"2022-01-15T20:18:29","modified_gmt":"2022-01-15T19:18:29","slug":"fsj-2015-2016","status":"publish","type":"page","link":"https:\/\/tsv-ettlingen.de\/tsv\/ueber-uns\/fsj\/fsj-2015-2016","title":{"rendered":"FSJ 2015 \/ 2016"},"content":{"rendered":"\n<div class=\"wp-block-themeisle-blocks-advanced-columns alignfull has-1-columns has-desktop-equal-layout has-tablet-equal-layout has-mobile-equal-layout has-default-gap has-vertical-center\" id=\"wp-block-themeisle-blocks-advanced-columns-dea6b8b1\"><div class=\"wp-block-themeisle-blocks-advanced-columns-overlay\"><\/div><div class=\"innerblocks-wrap\">\n<div class=\"wp-block-themeisle-blocks-advanced-column\" id=\"wp-block-themeisle-blocks-advanced-column-8833feba\">\n<h1 id=\"wp-block-themeisle-blocks-advanced-heading-1c7aaf88\" class=\"wp-block-themeisle-blocks-advanced-heading wp-block-themeisle-blocks-advanced-heading-1c7aaf88\">FSJ 2015 \/ 2016<br><strong>Felix Roskos<\/strong><\/h1>\n<\/div>\n<\/div><\/div>\n\n\n\n<div class=\"wp-block-themeisle-blocks-advanced-columns alignfull has-1-columns has-desktop-equal-layout has-tablet-equal-layout has-mobile-equal-layout has-default-gap has-vertical-unset\" id=\"wp-block-themeisle-blocks-advanced-columns-6f86d100\"><div class=\"wp-block-themeisle-blocks-advanced-columns-overlay\"><\/div><div class=\"innerblocks-wrap\">\n<div class=\"wp-block-themeisle-blocks-advanced-column\" id=\"wp-block-themeisle-blocks-advanced-column-610b7cb3\"><div class=\"breadcrumbs align  wp-block-bcn-breadcrumb-trail has-text-color has-background\" vocab=\"https:\/\/schema.org\/\" typeof=\"BreadcrumbList\">\n\t<span><\/span>\n\t<span property=\"itemListElement\" typeof=\"ListItem\"><a property=\"item\" typeof=\"WebPage\" title=\"Gehe zu TSV Ettlingen.\" href=\"https:\/\/tsv-ettlingen.de\/tsv\" class=\"home\" ><span property=\"name\">TSV Ettlingen<\/span><\/a><meta property=\"position\" content=\"1\"><\/span> &gt; <span property=\"itemListElement\" typeof=\"ListItem\"><a property=\"item\" typeof=\"WebPage\" title=\"Gehe zu Beitr\u00e4ge.\" href=\"https:\/\/tsv-ettlingen.de\/tsv\/beitraege\" class=\"post-root post post-post\" aria-current=\"page\"><span property=\"name\">Beitr\u00e4ge<\/span><\/a><meta property=\"position\" content=\"2\"><\/span><\/div>\n<\/div>\n<\/div><\/div>\n\n\n\n<div class=\"wp-block-themeisle-blocks-advanced-columns alignfull has-1-columns has-desktop-equal-layout has-tablet-equal-layout has-mobile-equal-layout has-default-gap has-vertical-unset\" id=\"wp-block-themeisle-blocks-advanced-columns-8798c3c4\"><div class=\"wp-block-themeisle-blocks-advanced-columns-overlay\"><\/div><div class=\"innerblocks-wrap\">\n<div class=\"wp-block-themeisle-blocks-advanced-column\" id=\"wp-block-themeisle-blocks-advanced-column-ddefbf1d\">\n<h2 id=\"wp-block-themeisle-blocks-advanced-heading-249bfc2b\" class=\"wp-block-themeisle-blocks-advanced-heading wp-block-themeisle-blocks-advanced-heading-249bfc2b\"><strong><strong>FSJ Bericht<\/strong><\/strong> von Felix Roskos<\/h2>\n<\/div>\n<\/div><\/div>\n\n\n\n<div class=\"wp-block-themeisle-blocks-advanced-columns alignfull has-1-columns has-desktop-equal-layout has-tablet-equal-layout has-mobile-equal-layout has-default-gap has-vertical-unset\" id=\"wp-block-themeisle-blocks-advanced-columns-e71276c3\"><div class=\"wp-block-themeisle-blocks-advanced-columns-overlay\"><\/div><div class=\"innerblocks-wrap\">\n<div class=\"wp-block-themeisle-blocks-advanced-column\" id=\"wp-block-themeisle-blocks-advanced-column-24339ae7\">\n<p><strong>Hallo zusammen,<\/strong><\/p>\n\n\n\n<p>Mein Name ist Felix Roskos. Ich habe 2015\/2016 mein Freiwilliges Soziales Jahr beim TSV Ettlingen absolviert. \u00dcber Freunde und das Internet wurde ich darauf aufmerksam gemacht, dass ein FSJ im Bereich Sport m\u00f6glich ist und da Sport eine meiner Leidenschaften ist, habe ich mein Gl\u00fcck versucht und mich beim TSV beworben (eine sehr gute Entscheidung).<\/p>\n<\/div>\n<\/div><\/div>\n\n\n\n<div class=\"wp-block-themeisle-blocks-advanced-columns has-2-columns has-desktop-twoOne-layout has-tablet-equal-layout has-mobile-equal-layout has-default-gap has-vertical-unset\" id=\"wp-block-themeisle-blocks-advanced-columns-83dba61a\"><div class=\"wp-block-themeisle-blocks-advanced-columns-overlay\"><\/div><div class=\"innerblocks-wrap\">\n<div class=\"wp-block-themeisle-blocks-advanced-column\" id=\"wp-block-themeisle-blocks-advanced-column-dcfa802e\">\n<p><strong>Ich werde hier ein bisschen aus meinem Freiwilligen Sozialen Jahr im Sport erz\u00e4hlen&#8230;<\/strong><br>Nachdem ich mit einigen Vereinsmitgliedern bekannt gemacht wurde und die Hallen besichtigt hatte, begann das FSJ f\u00fcr mich Anfang September mit einer Seminar-Woche in der Sportschule Sch\u00f6neck. Dort wurde ich zusammen mit ca. 30 anderen FSJ\u2019lern aus der Umgebung auf die Arbeit mit Kindern im Sport vorbereitet: Die grobe Planung einer Sportstunde, wie gehe ich mit Gruppen um, die besonders laut\/zur\u00fcckhaltend sind und s\u00e4mtliche p\u00e4dagogischen Grundlagen, die man f\u00fcr den Sport braucht, wurden uns n\u00e4her gebracht. Nat\u00fcrlich ging es in der Woche auch um den Austausch mit anderen FSJ\u2018lern, um Erfahrungen, die wir schon im Sport gemacht hatten und ums gegenseitige Kennenlernen. Die meisten der Kursteilnehmer begleiteten mich \u00fcber das Jahr in weiteren Lehrg\u00e4ngen und manche sogar dar\u00fcber hinaus. <\/p>\n<\/div>\n\n\n\n<div class=\"wp-block-themeisle-blocks-advanced-column\" id=\"wp-block-themeisle-blocks-advanced-column-19093109\">\n<div class=\"wp-block-image\"><figure class=\"aligncenter size-full is-resized\"><img loading=\"lazy\" decoding=\"async\" src=\"http:\/\/tsv-ettlingen.de\/tsv\/wp-content\/uploads\/2022\/01\/felix6.jpg\" alt=\"\" class=\"wp-image-831\" width=\"225\" height=\"336\" srcset=\"https:\/\/tsv-ettlingen.de\/tsv\/wp-content\/uploads\/2022\/01\/felix6.jpg 300w, https:\/\/tsv-ettlingen.de\/tsv\/wp-content\/uploads\/2022\/01\/felix6-201x300.jpg 201w\" sizes=\"auto, (max-width: 225px) 100vw, 225px\" \/><\/figure><\/div>\n<\/div>\n<\/div><\/div>\n\n\n\n<div class=\"wp-block-themeisle-blocks-advanced-columns alignfull has-1-columns has-desktop-equal-layout has-tablet-equal-layout has-mobile-equal-layout has-default-gap has-vertical-unset\" id=\"wp-block-themeisle-blocks-advanced-columns-c210eee4\"><div class=\"wp-block-themeisle-blocks-advanced-columns-overlay\"><\/div><div class=\"innerblocks-wrap\">\n<div class=\"wp-block-themeisle-blocks-advanced-column\" id=\"wp-block-themeisle-blocks-advanced-column-b1b7ae3a\">\n<p>Nach dieser Woche f\u00fchlte ich mich auf jeden Fall f\u00fcr die Praxis vorbereitet und war bereit loszulegen. Ich habe von Michi (Michaela Jancke, der Jugendleiterin vom TSV) eine Art Stundenplan bekommen auf dem meine ersten Arbeitszeiten vermerkt waren.<\/p>\n\n\n\n<p>Um einen genaueren Einblick in meine T\u00e4tigkeit zu bekommen werde ich mal einen Arbeitstag beim TSV aufdr\u00f6seln. <\/p>\n\n\n\n<p>Der Montag, der wohl der abwechslungsreichste Tag war, startete mit dem Mutter-Vater-Kind Turnen. In dieser Gruppe turnen Kinder im Alter von 1 \u00bd bis 3 Jahren zusammen mit ihren Eltern in der Kasernenhalle in Ettlingen. Das Ganze wird angeleitet von Verena, die mich als FSJ\u2019ler gleich von Beginn in die Stunden eingebunden hat und auch im weiteren Verlauf des Jahres immer bereit war auf Vorschl\u00e4ge und Fragen einzugehen.<br>Der Tag ging weiter mit der Fitnessgymnastikgruppe, die inzwischen von Nadia geleitet wird. Da dies eine Gruppe f\u00fcr Erwachsene ist, hatte ich meine Aufgabe nicht direkt in der Gruppe sondern im Nebenraum bei der Kinderbetreuung. Die Teilnehmerinnen mit Kleinkind k\u00f6nnen ihre Kinder mitbringen und der FSJ\u2019ler \u00fcbernimmt dann die Betreuung mit Spielzeug, B\u00e4llen oder durch simple Spiele. Man findet f\u00fcr jedes Kind das Richtige.<br>Nach der Gymnastikgruppe ist montags die Seniorengruppe dran. Bei dieser hatte ich die Aufgabe die \u00dcbungsleiterin mit Hilfestellungen und Tipps zu unterst\u00fctzen. Auch in dieser Gruppe wurde es nie langweilig und man f\u00fchlte sich bei den \u00e4lteren Damen und Herren immer herzlichst willkommen.<br>Nach dem Morgenprogramm waren abends die Kinder der u12 und u14 im Basketball dran. In der Albgauhalle durfte ich zusammen mit je ein oder zwei Trainern die Kiddies durch die Halle jagen. Die u14, welche meine \u00e4lteste Gruppe war, stellte sich in der Hinsicht als eine ganz besondere Herausforderung dar. Mit diesen \u201eteens\u201c musste man schon v\u00f6llig anders trainieren, um bei ihnen nicht die Langeweile aufkochen zu lassen. Allerdings durfte nat\u00fcrlich auch der Spa\u00df nicht fehlen. Ein gutes Mittelma\u00df zwischen Spa\u00df und fordernden \u00dcbungen zu finden war jede Woche aufs Neue eine Herausforderung. <\/p>\n<\/div>\n<\/div><\/div>\n\n\n\n<div class=\"wp-block-themeisle-blocks-advanced-columns has-2-columns has-desktop-equal-layout has-tablet-equal-layout has-mobile-equal-layout has-default-gap has-vertical-unset\" id=\"wp-block-themeisle-blocks-advanced-columns-9e808f37\"><div class=\"wp-block-themeisle-blocks-advanced-columns-overlay\"><\/div><div class=\"innerblocks-wrap\">\n<div class=\"wp-block-themeisle-blocks-advanced-column\" id=\"wp-block-themeisle-blocks-advanced-column-aae327ef\">\n<div class=\"wp-block-image\"><figure class=\"aligncenter size-full\"><img loading=\"lazy\" decoding=\"async\" width=\"450\" height=\"254\" src=\"http:\/\/tsv-ettlingen.de\/tsv\/wp-content\/uploads\/2022\/01\/felix4.jpg\" alt=\"\" class=\"wp-image-832\" srcset=\"https:\/\/tsv-ettlingen.de\/tsv\/wp-content\/uploads\/2022\/01\/felix4.jpg 450w, https:\/\/tsv-ettlingen.de\/tsv\/wp-content\/uploads\/2022\/01\/felix4-300x169.jpg 300w\" sizes=\"auto, (max-width: 450px) 100vw, 450px\" \/><\/figure><\/div>\n<\/div>\n\n\n\n<div class=\"wp-block-themeisle-blocks-advanced-column\" id=\"wp-block-themeisle-blocks-advanced-column-deaa7c97\">\n<p>An den anderen Wochentagen standen morgens Kooperationen mit dem Kindergarten Regenbogen, der Geschwister-Scholl-Grundschule in Bruchhausen und dem Albertus-Magnus-Gymnasium in Ettlingen auf dem Plan. Gefolgt von Veranstaltungen am Nachmittag wie dem Kinderturnen, der Ballspielgruppe oder dem Basketballtraining.<\/p>\n\n\n\n<p>Zwei Besonderheiten will ich noch hervorheben und zwar mein Jahresprojekt und die Woche in B\u00e4renthal.<\/p>\n<\/div>\n<\/div><\/div>\n\n\n\n<div class=\"wp-block-themeisle-blocks-advanced-columns alignfull has-1-columns has-desktop-equal-layout has-tablet-equal-layout has-mobile-equal-layout has-default-gap has-vertical-unset\" id=\"wp-block-themeisle-blocks-advanced-columns-eb84e09b\"><div class=\"wp-block-themeisle-blocks-advanced-columns-overlay\"><\/div><div class=\"innerblocks-wrap\">\n<div class=\"wp-block-themeisle-blocks-advanced-column\" id=\"wp-block-themeisle-blocks-advanced-column-4875afac\">\n<p><strong>FSJ-Jahresprojekt:<\/strong><br>Jeder FSJ\u2019ler muss in seinem FSJ ein Jahresprojekt ausarbeiten und durchf\u00fchren. Dies kann so ziemlich alles sein &#8211; ein Sporttag in einer Schule, ein Turnier f\u00fcr die eigenen Gruppen oder etwas v\u00f6llig anderes. F\u00fcr mich war das Jahresprojekt eine Fortbildung, die ich zusammen mit Verena vom Mutter-Vater-Kind Turnen f\u00fcr den Tageselternverein Ettlingen gehalten habe. Wir wurden angefragt eine Veranstaltung f\u00fcr Tagesm\u00fctter\/-v\u00e4ter unter dem Thema \u201eBewegungsanregungen f\u00fcr (Klein-)Kinder\u201c zu organisieren. Nach einiger \u00dcberlegung haben wir das Ganze in zwei Teile aufgeteilt: einen Theoretischen mit allen Teilnehmern und dem praktischen Teil, bei der wir die Teilnehmer in zwei Gruppen aufgeteilt haben. Der theoretische Teil wurde mit einem Vortrag von mir und einer Fragerunde abgedeckt. Bei den praktischen Teilen waren wir im TIGER-Haus des TEV in Spessart. Dort beleuchteten wir mit den Tageseltern das Spielen unter dem sportlichen Aspekt. So verbrachten wir zwei recht lustige Nachmittage mit den Tageseltern und den Kindern (teils eigene, teils Tageskinder) an denen wir versucht haben so viel wie m\u00f6glich zu vermitteln, das ist uns laut dem Feedback auch gut gelungen.<\/p>\n<\/div>\n<\/div><\/div>\n\n\n\n<div class=\"wp-block-themeisle-blocks-advanced-columns alignfull has-2-columns has-desktop-equal-layout has-tablet-equal-layout has-mobile-collapsedRows-layout has-default-gap has-vertical-unset\" id=\"wp-block-themeisle-blocks-advanced-columns-8779bcb3\"><div class=\"wp-block-themeisle-blocks-advanced-columns-overlay\"><\/div><div class=\"innerblocks-wrap\">\n<div class=\"wp-block-themeisle-blocks-advanced-column\" id=\"wp-block-themeisle-blocks-advanced-column-0a990ce6\">\n<div class=\"wp-block-image\"><figure class=\"aligncenter size-full\"><img loading=\"lazy\" decoding=\"async\" width=\"400\" height=\"300\" src=\"http:\/\/tsv-ettlingen.de\/tsv\/wp-content\/uploads\/2022\/01\/felix2.jpg\" alt=\"\" class=\"wp-image-833\" srcset=\"https:\/\/tsv-ettlingen.de\/tsv\/wp-content\/uploads\/2022\/01\/felix2.jpg 400w, https:\/\/tsv-ettlingen.de\/tsv\/wp-content\/uploads\/2022\/01\/felix2-300x225.jpg 300w\" sizes=\"auto, (max-width: 400px) 100vw, 400px\" \/><\/figure><\/div>\n<\/div>\n\n\n\n<div class=\"wp-block-themeisle-blocks-advanced-column\" id=\"wp-block-themeisle-blocks-advanced-column-8355fadb\">\n<div class=\"wp-block-image\"><figure class=\"aligncenter size-full is-resized\"><img loading=\"lazy\" decoding=\"async\" src=\"http:\/\/tsv-ettlingen.de\/tsv\/wp-content\/uploads\/2022\/01\/felix5.jpg\" alt=\"\" class=\"wp-image-834\" width=\"400\" height=\"300\" srcset=\"https:\/\/tsv-ettlingen.de\/tsv\/wp-content\/uploads\/2022\/01\/felix5.jpg 450w, https:\/\/tsv-ettlingen.de\/tsv\/wp-content\/uploads\/2022\/01\/felix5-300x225.jpg 300w\" sizes=\"auto, (max-width: 400px) 100vw, 400px\" \/><\/figure><\/div>\n<\/div>\n<\/div><\/div>\n\n\n\n<div class=\"wp-block-themeisle-blocks-advanced-columns alignfull has-1-columns has-desktop-equal-layout has-tablet-equal-layout has-mobile-equal-layout has-default-gap has-vertical-unset\" id=\"wp-block-themeisle-blocks-advanced-columns-77094ddd\"><div class=\"wp-block-themeisle-blocks-advanced-columns-overlay\"><\/div><div class=\"innerblocks-wrap\">\n<div class=\"wp-block-themeisle-blocks-advanced-column\" id=\"wp-block-themeisle-blocks-advanced-column-733a8fb6\">\n<p><strong>Jugendfreizeit B\u00e4renthal:<\/strong><br>Wir verbrachten mit 27 Kindern f\u00fcnf Tage im sonnigen B\u00e4renthal, in denen wir nat\u00fcrlich viel trainierten (war ja nicht umsonst eine Trainingsfreizeit), aber auch sonst uns mit Freizeitaktivit\u00e4ten zu unterhalten wussten. In dieser Zeit konnten die jugendlichen Teilnehmer sich mannschafts\u00fcbergreifend kennenlernen. Durch lockere Atmosph\u00e4re und die gemeinsamen Aktivit\u00e4ten kam ein gutes Gruppengef\u00fchl auf. Und so wussten wir auch die Zeit au\u00dferhalb des Basketballtrainings mit z.B. Beachvolleyball, Fu\u00dfball, dem Entspannen in der Sonne usw. gut zu nutzen.<\/p>\n\n\n\n<p>Abschlie\u00dfend m\u00f6chte ich mich f\u00fcr dieses Jahr bedanken und zwar bei allen Menschen, die es mir m\u00f6glich gemacht haben so viele neue Erfahrungen und Eindr\u00fccke zu sammeln. Daf\u00fcr besonders hervorheben m\u00f6chte ich nat\u00fcrlich Michi, die sich Jahr f\u00fcr Jahr um die FSJ\u2018ler k\u00fcmmert (zus\u00e4tzlich zu den anderen T\u00e4tigkeiten im Verein!!). Danke auch an jeden der einzelnen Trainer, die mich (und sicher auch jeden kommenden FSJ\u2018ler) allesamt mit offenen Armen aufgenommen haben und jede Turnstunde oder jedes Training zu einem spa\u00dfigen Erlebnis gemacht haben. Um also die am h\u00e4ufigsten gestellte Frage zu beantworten: W\u00fcrdest du das FSJ noch einmal machen oder es weiter empfehlen? Auf jeden Fall! Es ist eine Wahnsinns Gelegenheit f\u00fcr jeden der Sport liebt und sich gerne mit Menschen umgibt (bevorzugt Kinder-Jugendliche).<\/p>\n\n\n\n<p>In diesem Sinne w\u00fcnsche ich meinen Nachfolgern\/Nachfolgerinnen alles Gute und allen Interessierten viel Gl\u00fcck beim Bewerben.<\/p>\n\n\n\n<p><em>Felix Roskos<\/em><\/p>\n<\/div>\n<\/div><\/div>\n\n\n\n<p><\/p>\n","protected":false},"excerpt":{"rendered":"","protected":false},"author":1,"featured_media":0,"parent":270,"menu_order":0,"comment_status":"closed","ping_status":"closed","template":"","meta":{"neve_meta_sidebar":"full-width","neve_meta_container":"","neve_meta_enable_content_width":"on","neve_meta_content_width":100,"neve_meta_title_alignment":"","neve_meta_author_avatar":"","neve_post_elements_order":"","neve_meta_disable_header":"","neve_meta_disable_footer":"","neve_meta_disable_title":"on","_themeisle_gutenberg_block_has_review":false,"footnotes":""},"class_list":["post-375","page","type-page","status-publish","hentry"],"yoast_head":"<!-- This site is optimized with the Yoast SEO plugin v27.3 - https:\/\/yoast.com\/product\/yoast-seo-wordpress\/ -->\n<title>FSJ 2015 \/ 2016 - TSV Ettlingen<\/title>\n<meta name=\"robots\" content=\"index, follow, max-snippet:-1, max-image-preview:large, max-video-preview:-1\" \/>\n<link rel=\"canonical\" href=\"https:\/\/tsv-ettlingen.de\/tsv\/ueber-uns\/fsj\/fsj-2015-2016\" \/>\n<meta property=\"og:locale\" content=\"de_DE\" \/>\n<meta property=\"og:type\" content=\"article\" \/>\n<meta property=\"og:title\" content=\"FSJ 2015 \/ 2016 - TSV Ettlingen\" \/>\n<meta property=\"og:url\" content=\"https:\/\/tsv-ettlingen.de\/tsv\/ueber-uns\/fsj\/fsj-2015-2016\" \/>\n<meta property=\"og:site_name\" content=\"TSV Ettlingen\" \/>\n<meta property=\"article:modified_time\" content=\"2022-01-15T19:18:29+00:00\" \/>\n<meta property=\"og:image\" content=\"http:\/\/tsv-ettlingen.de\/tsv\/wp-content\/uploads\/2022\/01\/felix6.jpg\" \/>\n<meta name=\"twitter:card\" content=\"summary_large_image\" \/>\n<meta name=\"twitter:label1\" content=\"Gesch\u00e4tzte Lesezeit\" \/>\n\t<meta name=\"twitter:data1\" content=\"5\u00a0Minuten\" \/>\n<script type=\"application\/ld+json\" class=\"yoast-schema-graph\">{\"@context\":\"https:\\\/\\\/schema.org\",\"@graph\":[{\"@type\":\"WebPage\",\"@id\":\"https:\\\/\\\/tsv-ettlingen.de\\\/tsv\\\/ueber-uns\\\/fsj\\\/fsj-2015-2016\",\"url\":\"https:\\\/\\\/tsv-ettlingen.de\\\/tsv\\\/ueber-uns\\\/fsj\\\/fsj-2015-2016\",\"name\":\"FSJ 2015 \\\/ 2016 - TSV Ettlingen\",\"isPartOf\":{\"@id\":\"https:\\\/\\\/tsv-ettlingen.de\\\/tsv\\\/#website\"},\"primaryImageOfPage\":{\"@id\":\"https:\\\/\\\/tsv-ettlingen.de\\\/tsv\\\/ueber-uns\\\/fsj\\\/fsj-2015-2016#primaryimage\"},\"image\":{\"@id\":\"https:\\\/\\\/tsv-ettlingen.de\\\/tsv\\\/ueber-uns\\\/fsj\\\/fsj-2015-2016#primaryimage\"},\"thumbnailUrl\":\"http:\\\/\\\/tsv-ettlingen.de\\\/tsv\\\/wp-content\\\/uploads\\\/2022\\\/01\\\/felix6.jpg\",\"datePublished\":\"2021-05-31T12:25:12+00:00\",\"dateModified\":\"2022-01-15T19:18:29+00:00\",\"breadcrumb\":{\"@id\":\"https:\\\/\\\/tsv-ettlingen.de\\\/tsv\\\/ueber-uns\\\/fsj\\\/fsj-2015-2016#breadcrumb\"},\"inLanguage\":\"de\",\"potentialAction\":[{\"@type\":\"ReadAction\",\"target\":[\"https:\\\/\\\/tsv-ettlingen.de\\\/tsv\\\/ueber-uns\\\/fsj\\\/fsj-2015-2016\"]}]},{\"@type\":\"ImageObject\",\"inLanguage\":\"de\",\"@id\":\"https:\\\/\\\/tsv-ettlingen.de\\\/tsv\\\/ueber-uns\\\/fsj\\\/fsj-2015-2016#primaryimage\",\"url\":\"https:\\\/\\\/tsv-ettlingen.de\\\/tsv\\\/wp-content\\\/uploads\\\/2022\\\/01\\\/felix6.jpg\",\"contentUrl\":\"https:\\\/\\\/tsv-ettlingen.de\\\/tsv\\\/wp-content\\\/uploads\\\/2022\\\/01\\\/felix6.jpg\",\"width\":300,\"height\":448},{\"@type\":\"BreadcrumbList\",\"@id\":\"https:\\\/\\\/tsv-ettlingen.de\\\/tsv\\\/ueber-uns\\\/fsj\\\/fsj-2015-2016#breadcrumb\",\"itemListElement\":[{\"@type\":\"ListItem\",\"position\":1,\"name\":\"Startseite\",\"item\":\"https:\\\/\\\/tsv-ettlingen.de\\\/tsv\\\/\"},{\"@type\":\"ListItem\",\"position\":2,\"name\":\"\u00dcber uns\",\"item\":\"https:\\\/\\\/tsv-ettlingen.de\\\/tsv\\\/ueber-uns\"},{\"@type\":\"ListItem\",\"position\":3,\"name\":\"Freiwilliges Soziales Jahr\",\"item\":\"https:\\\/\\\/tsv-ettlingen.de\\\/tsv\\\/ueber-uns\\\/fsj\"},{\"@type\":\"ListItem\",\"position\":4,\"name\":\"FSJ 2015 \\\/ 2016\"}]},{\"@type\":\"WebSite\",\"@id\":\"https:\\\/\\\/tsv-ettlingen.de\\\/tsv\\\/#website\",\"url\":\"https:\\\/\\\/tsv-ettlingen.de\\\/tsv\\\/\",\"name\":\"TSV Ettlingen\",\"description\":\"Zusammenhalt leben!\",\"publisher\":{\"@id\":\"https:\\\/\\\/tsv-ettlingen.de\\\/tsv\\\/#organization\"},\"potentialAction\":[{\"@type\":\"SearchAction\",\"target\":{\"@type\":\"EntryPoint\",\"urlTemplate\":\"https:\\\/\\\/tsv-ettlingen.de\\\/tsv\\\/?s={search_term_string}\"},\"query-input\":{\"@type\":\"PropertyValueSpecification\",\"valueRequired\":true,\"valueName\":\"search_term_string\"}}],\"inLanguage\":\"de\"},{\"@type\":\"Organization\",\"@id\":\"https:\\\/\\\/tsv-ettlingen.de\\\/tsv\\\/#organization\",\"name\":\"TSV Ettlingen e.V.\",\"url\":\"https:\\\/\\\/tsv-ettlingen.de\\\/tsv\\\/\",\"logo\":{\"@type\":\"ImageObject\",\"inLanguage\":\"de\",\"@id\":\"https:\\\/\\\/tsv-ettlingen.de\\\/tsv\\\/#\\\/schema\\\/logo\\\/image\\\/\",\"url\":\"https:\\\/\\\/tsv-ettlingen.de\\\/tsv\\\/wp-content\\\/uploads\\\/2021\\\/05\\\/LOGO_Farbe.jpg\",\"contentUrl\":\"https:\\\/\\\/tsv-ettlingen.de\\\/tsv\\\/wp-content\\\/uploads\\\/2021\\\/05\\\/LOGO_Farbe.jpg\",\"width\":2008,\"height\":1181,\"caption\":\"TSV Ettlingen e.V.\"},\"image\":{\"@id\":\"https:\\\/\\\/tsv-ettlingen.de\\\/tsv\\\/#\\\/schema\\\/logo\\\/image\\\/\"},\"sameAs\":[\"https:\\\/\\\/www.instagram.com\\\/tsv_ettlingen\\\/\"]}]}<\/script>\n<!-- \/ Yoast SEO plugin. -->","yoast_head_json":{"title":"FSJ 2015 \/ 2016 - TSV Ettlingen","robots":{"index":"index","follow":"follow","max-snippet":"max-snippet:-1","max-image-preview":"max-image-preview:large","max-video-preview":"max-video-preview:-1"},"canonical":"https:\/\/tsv-ettlingen.de\/tsv\/ueber-uns\/fsj\/fsj-2015-2016","og_locale":"de_DE","og_type":"article","og_title":"FSJ 2015 \/ 2016 - TSV Ettlingen","og_url":"https:\/\/tsv-ettlingen.de\/tsv\/ueber-uns\/fsj\/fsj-2015-2016","og_site_name":"TSV Ettlingen","article_modified_time":"2022-01-15T19:18:29+00:00","og_image":[{"url":"http:\/\/tsv-ettlingen.de\/tsv\/wp-content\/uploads\/2022\/01\/felix6.jpg","type":"","width":"","height":""}],"twitter_card":"summary_large_image","twitter_misc":{"Gesch\u00e4tzte Lesezeit":"5\u00a0Minuten"},"schema":{"@context":"https:\/\/schema.org","@graph":[{"@type":"WebPage","@id":"https:\/\/tsv-ettlingen.de\/tsv\/ueber-uns\/fsj\/fsj-2015-2016","url":"https:\/\/tsv-ettlingen.de\/tsv\/ueber-uns\/fsj\/fsj-2015-2016","name":"FSJ 2015 \/ 2016 - TSV Ettlingen","isPartOf":{"@id":"https:\/\/tsv-ettlingen.de\/tsv\/#website"},"primaryImageOfPage":{"@id":"https:\/\/tsv-ettlingen.de\/tsv\/ueber-uns\/fsj\/fsj-2015-2016#primaryimage"},"image":{"@id":"https:\/\/tsv-ettlingen.de\/tsv\/ueber-uns\/fsj\/fsj-2015-2016#primaryimage"},"thumbnailUrl":"http:\/\/tsv-ettlingen.de\/tsv\/wp-content\/uploads\/2022\/01\/felix6.jpg","datePublished":"2021-05-31T12:25:12+00:00","dateModified":"2022-01-15T19:18:29+00:00","breadcrumb":{"@id":"https:\/\/tsv-ettlingen.de\/tsv\/ueber-uns\/fsj\/fsj-2015-2016#breadcrumb"},"inLanguage":"de","potentialAction":[{"@type":"ReadAction","target":["https:\/\/tsv-ettlingen.de\/tsv\/ueber-uns\/fsj\/fsj-2015-2016"]}]},{"@type":"ImageObject","inLanguage":"de","@id":"https:\/\/tsv-ettlingen.de\/tsv\/ueber-uns\/fsj\/fsj-2015-2016#primaryimage","url":"https:\/\/tsv-ettlingen.de\/tsv\/wp-content\/uploads\/2022\/01\/felix6.jpg","contentUrl":"https:\/\/tsv-ettlingen.de\/tsv\/wp-content\/uploads\/2022\/01\/felix6.jpg","width":300,"height":448},{"@type":"BreadcrumbList","@id":"https:\/\/tsv-ettlingen.de\/tsv\/ueber-uns\/fsj\/fsj-2015-2016#breadcrumb","itemListElement":[{"@type":"ListItem","position":1,"name":"Startseite","item":"https:\/\/tsv-ettlingen.de\/tsv\/"},{"@type":"ListItem","position":2,"name":"\u00dcber uns","item":"https:\/\/tsv-ettlingen.de\/tsv\/ueber-uns"},{"@type":"ListItem","position":3,"name":"Freiwilliges Soziales Jahr","item":"https:\/\/tsv-ettlingen.de\/tsv\/ueber-uns\/fsj"},{"@type":"ListItem","position":4,"name":"FSJ 2015 \/ 2016"}]},{"@type":"WebSite","@id":"https:\/\/tsv-ettlingen.de\/tsv\/#website","url":"https:\/\/tsv-ettlingen.de\/tsv\/","name":"TSV Ettlingen","description":"Zusammenhalt leben!","publisher":{"@id":"https:\/\/tsv-ettlingen.de\/tsv\/#organization"},"potentialAction":[{"@type":"SearchAction","target":{"@type":"EntryPoint","urlTemplate":"https:\/\/tsv-ettlingen.de\/tsv\/?s={search_term_string}"},"query-input":{"@type":"PropertyValueSpecification","valueRequired":true,"valueName":"search_term_string"}}],"inLanguage":"de"},{"@type":"Organization","@id":"https:\/\/tsv-ettlingen.de\/tsv\/#organization","name":"TSV Ettlingen e.V.","url":"https:\/\/tsv-ettlingen.de\/tsv\/","logo":{"@type":"ImageObject","inLanguage":"de","@id":"https:\/\/tsv-ettlingen.de\/tsv\/#\/schema\/logo\/image\/","url":"https:\/\/tsv-ettlingen.de\/tsv\/wp-content\/uploads\/2021\/05\/LOGO_Farbe.jpg","contentUrl":"https:\/\/tsv-ettlingen.de\/tsv\/wp-content\/uploads\/2021\/05\/LOGO_Farbe.jpg","width":2008,"height":1181,"caption":"TSV Ettlingen e.V."},"image":{"@id":"https:\/\/tsv-ettlingen.de\/tsv\/#\/schema\/logo\/image\/"},"sameAs":["https:\/\/www.instagram.com\/tsv_ettlingen\/"]}]}},"_links":{"self":[{"href":"https:\/\/tsv-ettlingen.de\/tsv\/wp-json\/wp\/v2\/pages\/375","targetHints":{"allow":["GET"]}}],"collection":[{"href":"https:\/\/tsv-ettlingen.de\/tsv\/wp-json\/wp\/v2\/pages"}],"about":[{"href":"https:\/\/tsv-ettlingen.de\/tsv\/wp-json\/wp\/v2\/types\/page"}],"author":[{"embeddable":true,"href":"https:\/\/tsv-ettlingen.de\/tsv\/wp-json\/wp\/v2\/users\/1"}],"replies":[{"embeddable":true,"href":"https:\/\/tsv-ettlingen.de\/tsv\/wp-json\/wp\/v2\/comments?post=375"}],"version-history":[{"count":3,"href":"https:\/\/tsv-ettlingen.de\/tsv\/wp-json\/wp\/v2\/pages\/375\/revisions"}],"predecessor-version":[{"id":860,"href":"https:\/\/tsv-ettlingen.de\/tsv\/wp-json\/wp\/v2\/pages\/375\/revisions\/860"}],"up":[{"embeddable":true,"href":"https:\/\/tsv-ettlingen.de\/tsv\/wp-json\/wp\/v2\/pages\/270"}],"wp:attachment":[{"href":"https:\/\/tsv-ettlingen.de\/tsv\/wp-json\/wp\/v2\/media?parent=375"}],"curies":[{"name":"wp","href":"https:\/\/api.w.org\/{rel}","templated":true}]}}