{"id":377,"date":"2021-05-31T12:25:38","date_gmt":"2021-05-31T12:25:38","guid":{"rendered":"https:\/\/tsvettlingen.live-website.com\/?page_id=377"},"modified":"2022-01-11T20:56:54","modified_gmt":"2022-01-11T19:56:54","slug":"fsj-2013-2014","status":"publish","type":"page","link":"https:\/\/tsv-ettlingen.de\/tsv\/ueber-uns\/fsj\/fsj-2013-2014","title":{"rendered":"FSJ 2013 \/ 2014"},"content":{"rendered":"\n<div class=\"wp-block-themeisle-blocks-advanced-columns alignfull has-1-columns has-desktop-equal-layout has-tablet-equal-layout has-mobile-equal-layout has-default-gap has-vertical-center\" id=\"wp-block-themeisle-blocks-advanced-columns-4e0d671d\"><div class=\"wp-block-themeisle-blocks-advanced-columns-overlay\"><\/div><div class=\"innerblocks-wrap\">\n<div class=\"wp-block-themeisle-blocks-advanced-column\" id=\"wp-block-themeisle-blocks-advanced-column-d4d96d4a\">\n<h1 id=\"wp-block-themeisle-blocks-advanced-heading-6297c131\" class=\"wp-block-themeisle-blocks-advanced-heading wp-block-themeisle-blocks-advanced-heading-6297c131\">FSJ 2013 \/ 2014<br>Jasper Klos<\/h1>\n<\/div>\n<\/div><\/div>\n\n\n\n<div class=\"wp-block-themeisle-blocks-advanced-columns has-1-columns has-desktop-equal-layout has-tablet-equal-layout has-mobile-equal-layout has-default-gap has-vertical-unset\" id=\"wp-block-themeisle-blocks-advanced-columns-fd96e130\"><div class=\"wp-block-themeisle-blocks-advanced-columns-overlay\"><\/div><div class=\"innerblocks-wrap\">\n<div class=\"wp-block-themeisle-blocks-advanced-column\" id=\"wp-block-themeisle-blocks-advanced-column-4958edef\"><div class=\"breadcrumbs align  wp-block-bcn-breadcrumb-trail has-text-color has-background\" vocab=\"https:\/\/schema.org\/\" typeof=\"BreadcrumbList\">\n\t<span><\/span>\n\t<span property=\"itemListElement\" typeof=\"ListItem\"><a property=\"item\" typeof=\"WebPage\" title=\"Gehe zu TSV Ettlingen.\" href=\"https:\/\/tsv-ettlingen.de\/tsv\" class=\"home\" ><span property=\"name\">TSV Ettlingen<\/span><\/a><meta property=\"position\" content=\"1\"><\/span> &gt; <span property=\"itemListElement\" typeof=\"ListItem\"><a property=\"item\" typeof=\"WebPage\" title=\"Gehe zu Beitr\u00e4ge.\" href=\"https:\/\/tsv-ettlingen.de\/tsv\/beitraege\" class=\"post-root post post-post\" aria-current=\"page\"><span property=\"name\">Beitr\u00e4ge<\/span><\/a><meta property=\"position\" content=\"2\"><\/span><\/div>\n<\/div>\n<\/div><\/div>\n\n\n\n<div class=\"wp-block-themeisle-blocks-advanced-columns alignfull has-1-columns has-desktop-equal-layout has-tablet-equal-layout has-mobile-equal-layout has-default-gap has-vertical-unset\" id=\"wp-block-themeisle-blocks-advanced-columns-0273539a\"><div class=\"wp-block-themeisle-blocks-advanced-columns-overlay\"><\/div><div class=\"innerblocks-wrap\">\n<div class=\"wp-block-themeisle-blocks-advanced-column\" id=\"wp-block-themeisle-blocks-advanced-column-77cbf08c\">\n<h2 class=\"has-text-align-center wp-block-heading\">Dokumentation der FSJ-Projektarbeit von Jasper Klos<\/h2>\n<\/div>\n<\/div><\/div>\n\n\n\n<div class=\"wp-block-themeisle-blocks-advanced-columns alignfull has-2-columns has-desktop-oneTwo-layout has-tablet-equal-layout has-mobile-equal-layout has-default-gap has-vertical-unset\" id=\"wp-block-themeisle-blocks-advanced-columns-ee77df7f\"><div class=\"wp-block-themeisle-blocks-advanced-columns-overlay\"><\/div><div class=\"innerblocks-wrap\">\n<div class=\"wp-block-themeisle-blocks-advanced-column\" id=\"wp-block-themeisle-blocks-advanced-column-0251677d\">\n<div class=\"wp-block-image\"><figure class=\"aligncenter size-full is-resized\"><img loading=\"lazy\" decoding=\"async\" src=\"http:\/\/tsv-ettlingen.de\/tsv\/wp-content\/uploads\/2022\/01\/jasper-klos.jpg\" alt=\"\" class=\"wp-image-806\" width=\"230\" height=\"315\" srcset=\"https:\/\/tsv-ettlingen.de\/tsv\/wp-content\/uploads\/2022\/01\/jasper-klos.jpg 306w, https:\/\/tsv-ettlingen.de\/tsv\/wp-content\/uploads\/2022\/01\/jasper-klos-219x300.jpg 219w\" sizes=\"auto, (max-width: 230px) 100vw, 230px\" \/><\/figure><\/div>\n<\/div>\n\n\n\n<div class=\"wp-block-themeisle-blocks-advanced-column\" id=\"wp-block-themeisle-blocks-advanced-column-b8f008c2\">\n<span id=\"wp-block-themeisle-blocks-advanced-heading-bc08a50b\" class=\"wp-block-themeisle-blocks-advanced-heading wp-block-themeisle-blocks-advanced-heading-bc08a50b\"><strong>Projektname:<\/strong><\/span>\n\n\n\n<h3 class=\"wp-block-heading\"><strong>Fahrsicherheitstraining f\u00fcr \u00dcbungsleiter<\/strong><\/h3>\n\n\n\n<p>Teilnehmerzahl: max. 12 Personen<br>Alter der Teilnehmer\/innen: von 18 \u2013 50 Jahren<\/p>\n\n\n\n<p><strong>Projektziel:<\/strong><br>Erlernen des Umgangs mit schwierigen Fahrsituationen zum Schutz der \u00dcbungsleiter und der Vereinsmitglieder mit ihren privaten PKWs und vor allem mit dem vereinseigenen Bus<\/p>\n<\/div>\n<\/div><\/div>\n\n\n\n<div class=\"wp-block-themeisle-blocks-advanced-columns alignfull has-1-columns has-desktop-equal-layout has-tablet-equal-layout has-mobile-equal-layout has-default-gap has-vertical-unset\" id=\"wp-block-themeisle-blocks-advanced-columns-a3ed5ae1\"><div class=\"wp-block-themeisle-blocks-advanced-columns-overlay\"><\/div><div class=\"innerblocks-wrap\">\n<div class=\"wp-block-themeisle-blocks-advanced-column\" id=\"wp-block-themeisle-blocks-advanced-column-f7a32653\">\n<p><strong><em>1. Wie hast du die Planungsphase f\u00fcr dein Projekt gestaltet?<\/em><\/strong><\/p>\n\n\n\n<p>Die Projektidee, ein Fahrsicherheitstraining f\u00fcr haupts\u00e4chlich junge \u00dcbungsleiter anzubieten, beruhte auf dem Vorschlag des 2. Vorstandsvorsitzenden und sportlichen Leiter des Vereins.<br>Der Grundgedanke f\u00fcr ein solches Fahrsicherheitstraining war, dass der TSV Ettlingen fr\u00fch jungen Menschen die M\u00f6glichkeit bietet als \u00dcbungsleiter\/Basketball-Coach Erfahrungen zu sammeln. So wie ich selbst, beginnen viele Jugendliche im Alter von 16 Jahren bereits eine Co-Trainer-Funktion in einer Jugendmannschaft zu \u00fcbernehmen. Sp\u00e4testens wenn der Trainer die Vollj\u00e4hrigkeit erreicht und eine Fahrerlaubnis erworben hat, kann es vorkommen, dass dieser mit seinem Privatwagen zu Ausw\u00e4rtsspielen f\u00e4hrt und dabei auch Jugendliche mitnimmt. Hieraus resultiert gro\u00dfe Verantwortung f\u00fcr die Trainer und den Verein. Der Vereinsbus darf erst mit Beendigung des 21. Lebensjahres gefahren werden, weil eine gewisse Fahrpraxis Voraussetzung ist.<\/p>\n<\/div>\n<\/div><\/div>\n\n\n\n<div class=\"wp-block-themeisle-blocks-advanced-columns alignfull has-2-columns has-desktop-twoOne-layout has-tablet-equal-layout has-mobile-equal-layout has-default-gap has-vertical-unset\" id=\"wp-block-themeisle-blocks-advanced-columns-e7bceab8\"><div class=\"wp-block-themeisle-blocks-advanced-columns-overlay\"><\/div><div class=\"innerblocks-wrap\">\n<div class=\"wp-block-themeisle-blocks-advanced-column\" id=\"wp-block-themeisle-blocks-advanced-column-8f5aa1e8\">\n<p>Um das Risiko zu mindern, entstand die Idee ein Fahrsicherheitstraining anzubieten,\u00a0in welchem der \u00dcbungsleiter zu aller erst den Umgang mit seinem Privatwagen in schwierigen Situationen \u00fcben kann. Im weiteren Verlauf des Trainings sollen alle Teilnehmer den Umgang mit dem vereinseigenen Bus (PKW Klasse) in selbigen Situationen \u00fcben.<br>Zu Beginn der Planungsphase war die Vorgabe, dass die Kosten f\u00fcr ein solches Fahrsicherheitstraining nicht auf die \u00dcbungsleiter zur\u00fcckfallen sollten. Die Verwaltungs-Berufsgenossenschaft (VBG) bietet hier die L\u00f6sung an. Sie \u00fcbernimmt die Kosten f\u00fcr ein 4 \u00bd st\u00fcndiges Fahrsicherheitstraining f\u00fcr Personen, die im Auftrag des Vereins t\u00e4tig sind.<\/p>\n<\/div>\n\n\n\n<div class=\"wp-block-themeisle-blocks-advanced-column\" id=\"wp-block-themeisle-blocks-advanced-column-4712f53f\">\n<div class=\"wp-block-image\"><figure class=\"aligncenter size-full\"><img loading=\"lazy\" decoding=\"async\" width=\"300\" height=\"225\" src=\"http:\/\/tsv-ettlingen.de\/tsv\/wp-content\/uploads\/2022\/01\/sicherheitstraining_3-1.jpg\" alt=\"\" class=\"wp-image-808\"\/><\/figure><\/div>\n<\/div>\n<\/div><\/div>\n\n\n\n<div class=\"wp-block-themeisle-blocks-advanced-columns alignfull has-1-columns has-desktop-equal-layout has-tablet-equal-layout has-mobile-collapsedRows-layout has-default-gap has-vertical-unset\" id=\"wp-block-themeisle-blocks-advanced-columns-670fc87f\"><div class=\"wp-block-themeisle-blocks-advanced-columns-overlay\"><\/div><div class=\"innerblocks-wrap\">\n<div class=\"wp-block-themeisle-blocks-advanced-column\" id=\"wp-block-themeisle-blocks-advanced-column-96b6e4aa\">\n<p><strong><em>2. Beschreibe die Durchf\u00fchrung\/Ablauf deines Projektes:<\/em><\/strong><\/p>\n\n\n\n<p>Der erste Schritt in der Durchf\u00fchrung des Projekts&nbsp;war die Kontaktaufnahme zu verschiedenen Anbietern von Verkehrssicherheitstrainings, \u00fcber die eine Kostenabwicklung mit der VBG m\u00f6glich ist. Nach einiger Recherche fand sich die Verkehrswacht Karlsruhe, die einen 4 \u00bd st\u00fcndigen Kurs f\u00fcr 8 \u2013 12 Teilnehmer anbietet.<br>Nach einer Absprache \u00fcber m\u00f6gliche Termine wurde der 19. Juli ausgew\u00e4hlt, kurz vor den Sommerferien findet kein Spielbetrieb mehr statt, die Trainer f\u00fcr die n\u00e4chste Saison stehen alle fest und die Wahrscheinlichkeit, dass m\u00f6glichst viele junge \u00dcbungsleiter Zeit haben ist hoch.<br>Als n\u00e4chstes habe ich an alle \u00dcbungsleiter eine Rundmail mit der Vorstellung des geplanten Projektes, dem Termin und der Bitte um R\u00fcckmeldung versandt. Momentan sind neun Teilnahmepl\u00e4tze besetzt, die letzten m\u00f6glichen drei werden noch durch Interessenten gef\u00fcllt. Zur Abrechnung braucht der Veranstalter, in diesem Fall die Verkehrswacht, nur die Namen und Geburtsdaten der Teilnehmer sowie die Mitgliedsnummer des Vereins bei der VBG. Die Kostenabwicklung wird also sehr durch den Anbieter erleichtert.<br>In den n\u00e4chsten Tagen bekommen die Teilnehmer von mir noch eine Anmeldebest\u00e4tigung, einen Ablaufplan und den Treffpunkt per E-Mail.<\/p>\n<\/div>\n<\/div><\/div>\n\n\n\n<div class=\"wp-block-themeisle-blocks-advanced-columns alignfull has-2-columns has-desktop-oneTwo-layout has-tablet-equal-layout has-mobile-collapsedRows-layout has-default-gap has-vertical-unset\" id=\"wp-block-themeisle-blocks-advanced-columns-0f31b50b\"><div class=\"wp-block-themeisle-blocks-advanced-columns-overlay\"><\/div><div class=\"innerblocks-wrap\">\n<div class=\"wp-block-themeisle-blocks-advanced-column\" id=\"wp-block-themeisle-blocks-advanced-column-0f88b3fd\">\n<div class=\"wp-block-image\"><figure class=\"aligncenter size-full\"><img loading=\"lazy\" decoding=\"async\" width=\"300\" height=\"207\" src=\"http:\/\/tsv-ettlingen.de\/tsv\/wp-content\/uploads\/2022\/01\/sicherheitstraining_2.jpg\" alt=\"\" class=\"wp-image-809\"\/><\/figure><\/div>\n<\/div>\n\n\n\n<div class=\"wp-block-themeisle-blocks-advanced-column\" id=\"wp-block-themeisle-blocks-advanced-column-fa863485\">\n<p>Das angebotene Fahrsicherheitstraining besteht aus zwei Bestandteilen. Eine Theorieeinheit \u00fcber die Fahrphysik in verschiedenen Situationen und eine Praxiseinheit die den Umgang mit den angesprochenen Situationen trainiert.<br>Hierzu geh\u00f6rt u.a.:<br>&#8211; Gefahrenbremsung in unterschiedlichen Situationen<br>&#8211; Ausweichman\u00f6ver<br>&#8211; Abfangen eines ausbrechenden Fahrzeuges<\/p>\n<\/div>\n<\/div><\/div>\n\n\n\n<div class=\"wp-block-themeisle-blocks-advanced-columns alignfull has-1-columns has-desktop-equal-layout has-tablet-equal-layout has-mobile-equal-layout has-default-gap has-vertical-unset\" id=\"wp-block-themeisle-blocks-advanced-columns-661feefa\"><div class=\"wp-block-themeisle-blocks-advanced-columns-overlay\"><\/div><div class=\"innerblocks-wrap\">\n<div class=\"wp-block-themeisle-blocks-advanced-column\" id=\"wp-block-themeisle-blocks-advanced-column-1df5ffe8\">\n<p><strong><em>3. Man\u00f6verkritik: Was lief gut\/schlecht?<\/em><\/strong><\/p>\n\n\n\n<p>Da mein Projekt bisher nur geplant wurde aber noch nicht stattgefunden hat, kann ich bisher nur eine kleine Man\u00f6verkritik abgeben. Die Projektidee gefiel mir selber sehr gut. Da ich begeisterter PKW- und Motorradfahrer bin und selbst auch auf Ausw\u00e4rtsspiele fahre, war ich sehr interessiert. Informationen an welche Institutionen ich mich f\u00fcr die Planung meines Projektes wenden konnte erhielt ich von meinem Verein. Aus\u00fcbungsort und Zeitpunkt konnte ich in Absprache mit der Jugendleitung schnell festlegen. Die Kommunikation mit m\u00f6glichen Teilnehmern verl\u00e4uft gut und die Idee findet gro\u00dfes Interesse. Am Ende des Fahrsicherheitstrainings werden alle \u00dcbungsleiter mit mehr Erfahrung und einer gr\u00f6\u00dferen Sicherheit f\u00fcr Gefahrensituationen am Stra\u00dfenverkehr teilnehmen.<\/p>\n<\/div>\n<\/div><\/div>\n\n\n\n<div class=\"wp-block-themeisle-blocks-advanced-columns alignfull has-2-columns has-desktop-equal-layout has-tablet-equal-layout has-mobile-collapsedRows-layout has-default-gap has-vertical-unset\" id=\"wp-block-themeisle-blocks-advanced-columns-aec0ba0f\"><div class=\"wp-block-themeisle-blocks-advanced-columns-overlay\"><\/div><div class=\"innerblocks-wrap\">\n<div class=\"wp-block-themeisle-blocks-advanced-column\" id=\"wp-block-themeisle-blocks-advanced-column-7ac7b81d\">\n<div class=\"wp-block-image\"><figure class=\"aligncenter size-full\"><img loading=\"lazy\" decoding=\"async\" width=\"400\" height=\"300\" src=\"http:\/\/tsv-ettlingen.de\/tsv\/wp-content\/uploads\/2022\/01\/sicherheitstraining_4.jpg\" alt=\"\" class=\"wp-image-810\" srcset=\"https:\/\/tsv-ettlingen.de\/tsv\/wp-content\/uploads\/2022\/01\/sicherheitstraining_4.jpg 400w, https:\/\/tsv-ettlingen.de\/tsv\/wp-content\/uploads\/2022\/01\/sicherheitstraining_4-300x225.jpg 300w\" sizes=\"auto, (max-width: 400px) 100vw, 400px\" \/><\/figure><\/div>\n<\/div>\n\n\n\n<div class=\"wp-block-themeisle-blocks-advanced-column\" id=\"wp-block-themeisle-blocks-advanced-column-d07d1d1a\">\n<p><strong><em>4. Pers\u00f6nliches Fazit:<\/em><\/strong><\/p>\n\n\n\n<p>Mein Fazit zu diesem Projekt ist, dass es nicht nur einen gro\u00dfen Nutzen f\u00fcr Verein und Mitglieder hat, sondern auch pers\u00f6nlich wird jeder Teilnehmer von diesem Training profitieren.<\/p>\n\n\n\n<p><strong><em>5. Highlights:<\/em><\/strong><\/p>\n\n\n\n<p>Da das Projekt leider erst nach Abgabefrist der Projektdokumentation stattfindet, kann ich keine Highlights pr\u00e4sentieren, aber sicherlich wird es f\u00fcr alle Teilnehmer ein spannendes Erlebnis und die Reifen der PKWs werden ordentlich qualmen&#8230;..<\/p>\n\n\n\n<p class=\"has-text-align-right\"><em>Jasper Klos<\/em><\/p>\n<\/div>\n<\/div><\/div>\n\n\n\n<div class=\"wp-block-themeisle-blocks-advanced-columns alignfull has-1-columns has-desktop-equal-layout has-tablet-equal-layout has-mobile-equal-layout has-default-gap has-vertical-unset\" id=\"wp-block-themeisle-blocks-advanced-columns-6f6337c9\"><div class=\"wp-block-themeisle-blocks-advanced-columns-overlay\"><\/div><div class=\"innerblocks-wrap\">\n<div class=\"wp-block-themeisle-blocks-advanced-column\" id=\"wp-block-themeisle-blocks-advanced-column-826d4bd7\">\n<span id=\"wp-block-themeisle-blocks-advanced-heading-4278cb7b\" class=\"wp-block-themeisle-blocks-advanced-heading wp-block-themeisle-blocks-advanced-heading-4278cb7b\"><strong>Amtsblatt Ettlingen, Juli 2014:<\/strong><\/span>\n\n\n\n<p><em><strong>Fahrsicherheitstraining<\/strong><br>Am 19. Juli trafen sich 11 \u00dcbungsleiter, Trainer und Schiedsrichter des TSV Ettlingen auf dem \u00dcbungsplatz der Verkehrswacht Karlsruhe. Am hei\u00dfesten Tag des Jahres \u00fcbten sie unter der erfahrenen Leitung des Instruktors Rolf w\u00e4hrend eines 4 \u00bd st\u00fcndigen Trainings das Fahrverhalten in verschiedenen Gefahrensituationen mit ihren Privatwagen und teilweise auch mit dem Vereinsbus. Zu den \u00dcbungen z\u00e4hlten die Gefahrenbremsung auf verschiedenen Untergr\u00fcnden, das Umfahren und Ausweichen von Hindernissen auf glatter Fahrbahn und das Abfangen eines ausbrechenden Fahrzeugs. Am Ende des Fahrsicherheitstrainings waren alle Teilnehmer und Teilnehmerinnen sensibilisiert f\u00fcr m\u00f6gliche Gefahrensituationen im Alltag und f\u00fcr die Wege zu Ausw\u00e4rtsspielen.<br>Die Koordination der Veranstaltung lag in den H\u00e4nden von Jasper Klos, der beim TSV sein freiwilliges soziales Jahr im Sport absolviert und das Thema f\u00fcr seine Projektarbeit gew\u00e4hlt hatte. Eine super Idee!<\/em><\/p>\n<\/div>\n<\/div><\/div>\n","protected":false},"excerpt":{"rendered":"","protected":false},"author":1,"featured_media":0,"parent":270,"menu_order":0,"comment_status":"closed","ping_status":"closed","template":"","meta":{"neve_meta_sidebar":"full-width","neve_meta_container":"","neve_meta_enable_content_width":"on","neve_meta_content_width":100,"neve_meta_title_alignment":"","neve_meta_author_avatar":"","neve_post_elements_order":"","neve_meta_disable_header":"","neve_meta_disable_footer":"","neve_meta_disable_title":"on","_themeisle_gutenberg_block_has_review":false,"footnotes":""},"class_list":["post-377","page","type-page","status-publish","hentry"],"yoast_head":"<!-- This site is optimized with the Yoast SEO plugin v27.3 - https:\/\/yoast.com\/product\/yoast-seo-wordpress\/ -->\n<title>FSJ 2013 \/ 2014 - TSV Ettlingen<\/title>\n<meta name=\"robots\" content=\"index, follow, max-snippet:-1, max-image-preview:large, max-video-preview:-1\" \/>\n<link rel=\"canonical\" href=\"https:\/\/tsv-ettlingen.de\/tsv\/ueber-uns\/fsj\/fsj-2013-2014\" \/>\n<meta property=\"og:locale\" content=\"de_DE\" \/>\n<meta property=\"og:type\" content=\"article\" \/>\n<meta property=\"og:title\" content=\"FSJ 2013 \/ 2014 - TSV Ettlingen\" \/>\n<meta property=\"og:url\" content=\"https:\/\/tsv-ettlingen.de\/tsv\/ueber-uns\/fsj\/fsj-2013-2014\" \/>\n<meta property=\"og:site_name\" content=\"TSV Ettlingen\" \/>\n<meta property=\"article:modified_time\" content=\"2022-01-11T19:56:54+00:00\" \/>\n<meta property=\"og:image\" content=\"http:\/\/tsv-ettlingen.de\/tsv\/wp-content\/uploads\/2022\/01\/jasper-klos.jpg\" \/>\n<meta name=\"twitter:card\" content=\"summary_large_image\" \/>\n<meta name=\"twitter:label1\" content=\"Gesch\u00e4tzte Lesezeit\" \/>\n\t<meta name=\"twitter:data1\" content=\"4\u00a0Minuten\" \/>\n<script type=\"application\/ld+json\" class=\"yoast-schema-graph\">{\"@context\":\"https:\\\/\\\/schema.org\",\"@graph\":[{\"@type\":\"WebPage\",\"@id\":\"https:\\\/\\\/tsv-ettlingen.de\\\/tsv\\\/ueber-uns\\\/fsj\\\/fsj-2013-2014\",\"url\":\"https:\\\/\\\/tsv-ettlingen.de\\\/tsv\\\/ueber-uns\\\/fsj\\\/fsj-2013-2014\",\"name\":\"FSJ 2013 \\\/ 2014 - TSV Ettlingen\",\"isPartOf\":{\"@id\":\"https:\\\/\\\/tsv-ettlingen.de\\\/tsv\\\/#website\"},\"primaryImageOfPage\":{\"@id\":\"https:\\\/\\\/tsv-ettlingen.de\\\/tsv\\\/ueber-uns\\\/fsj\\\/fsj-2013-2014#primaryimage\"},\"image\":{\"@id\":\"https:\\\/\\\/tsv-ettlingen.de\\\/tsv\\\/ueber-uns\\\/fsj\\\/fsj-2013-2014#primaryimage\"},\"thumbnailUrl\":\"http:\\\/\\\/tsv-ettlingen.de\\\/tsv\\\/wp-content\\\/uploads\\\/2022\\\/01\\\/jasper-klos.jpg\",\"datePublished\":\"2021-05-31T12:25:38+00:00\",\"dateModified\":\"2022-01-11T19:56:54+00:00\",\"breadcrumb\":{\"@id\":\"https:\\\/\\\/tsv-ettlingen.de\\\/tsv\\\/ueber-uns\\\/fsj\\\/fsj-2013-2014#breadcrumb\"},\"inLanguage\":\"de\",\"potentialAction\":[{\"@type\":\"ReadAction\",\"target\":[\"https:\\\/\\\/tsv-ettlingen.de\\\/tsv\\\/ueber-uns\\\/fsj\\\/fsj-2013-2014\"]}]},{\"@type\":\"ImageObject\",\"inLanguage\":\"de\",\"@id\":\"https:\\\/\\\/tsv-ettlingen.de\\\/tsv\\\/ueber-uns\\\/fsj\\\/fsj-2013-2014#primaryimage\",\"url\":\"https:\\\/\\\/tsv-ettlingen.de\\\/tsv\\\/wp-content\\\/uploads\\\/2022\\\/01\\\/jasper-klos.jpg\",\"contentUrl\":\"https:\\\/\\\/tsv-ettlingen.de\\\/tsv\\\/wp-content\\\/uploads\\\/2022\\\/01\\\/jasper-klos.jpg\",\"width\":306,\"height\":420},{\"@type\":\"BreadcrumbList\",\"@id\":\"https:\\\/\\\/tsv-ettlingen.de\\\/tsv\\\/ueber-uns\\\/fsj\\\/fsj-2013-2014#breadcrumb\",\"itemListElement\":[{\"@type\":\"ListItem\",\"position\":1,\"name\":\"Startseite\",\"item\":\"https:\\\/\\\/tsv-ettlingen.de\\\/tsv\\\/\"},{\"@type\":\"ListItem\",\"position\":2,\"name\":\"\u00dcber uns\",\"item\":\"https:\\\/\\\/tsv-ettlingen.de\\\/tsv\\\/ueber-uns\"},{\"@type\":\"ListItem\",\"position\":3,\"name\":\"Freiwilliges Soziales Jahr\",\"item\":\"https:\\\/\\\/tsv-ettlingen.de\\\/tsv\\\/ueber-uns\\\/fsj\"},{\"@type\":\"ListItem\",\"position\":4,\"name\":\"FSJ 2013 \\\/ 2014\"}]},{\"@type\":\"WebSite\",\"@id\":\"https:\\\/\\\/tsv-ettlingen.de\\\/tsv\\\/#website\",\"url\":\"https:\\\/\\\/tsv-ettlingen.de\\\/tsv\\\/\",\"name\":\"TSV Ettlingen\",\"description\":\"Zusammenhalt leben!\",\"publisher\":{\"@id\":\"https:\\\/\\\/tsv-ettlingen.de\\\/tsv\\\/#organization\"},\"potentialAction\":[{\"@type\":\"SearchAction\",\"target\":{\"@type\":\"EntryPoint\",\"urlTemplate\":\"https:\\\/\\\/tsv-ettlingen.de\\\/tsv\\\/?s={search_term_string}\"},\"query-input\":{\"@type\":\"PropertyValueSpecification\",\"valueRequired\":true,\"valueName\":\"search_term_string\"}}],\"inLanguage\":\"de\"},{\"@type\":\"Organization\",\"@id\":\"https:\\\/\\\/tsv-ettlingen.de\\\/tsv\\\/#organization\",\"name\":\"TSV Ettlingen e.V.\",\"url\":\"https:\\\/\\\/tsv-ettlingen.de\\\/tsv\\\/\",\"logo\":{\"@type\":\"ImageObject\",\"inLanguage\":\"de\",\"@id\":\"https:\\\/\\\/tsv-ettlingen.de\\\/tsv\\\/#\\\/schema\\\/logo\\\/image\\\/\",\"url\":\"https:\\\/\\\/tsv-ettlingen.de\\\/tsv\\\/wp-content\\\/uploads\\\/2021\\\/05\\\/LOGO_Farbe.jpg\",\"contentUrl\":\"https:\\\/\\\/tsv-ettlingen.de\\\/tsv\\\/wp-content\\\/uploads\\\/2021\\\/05\\\/LOGO_Farbe.jpg\",\"width\":2008,\"height\":1181,\"caption\":\"TSV Ettlingen e.V.\"},\"image\":{\"@id\":\"https:\\\/\\\/tsv-ettlingen.de\\\/tsv\\\/#\\\/schema\\\/logo\\\/image\\\/\"},\"sameAs\":[\"https:\\\/\\\/www.instagram.com\\\/tsv_ettlingen\\\/\"]}]}<\/script>\n<!-- \/ Yoast SEO plugin. -->","yoast_head_json":{"title":"FSJ 2013 \/ 2014 - TSV Ettlingen","robots":{"index":"index","follow":"follow","max-snippet":"max-snippet:-1","max-image-preview":"max-image-preview:large","max-video-preview":"max-video-preview:-1"},"canonical":"https:\/\/tsv-ettlingen.de\/tsv\/ueber-uns\/fsj\/fsj-2013-2014","og_locale":"de_DE","og_type":"article","og_title":"FSJ 2013 \/ 2014 - TSV Ettlingen","og_url":"https:\/\/tsv-ettlingen.de\/tsv\/ueber-uns\/fsj\/fsj-2013-2014","og_site_name":"TSV Ettlingen","article_modified_time":"2022-01-11T19:56:54+00:00","og_image":[{"url":"http:\/\/tsv-ettlingen.de\/tsv\/wp-content\/uploads\/2022\/01\/jasper-klos.jpg","type":"","width":"","height":""}],"twitter_card":"summary_large_image","twitter_misc":{"Gesch\u00e4tzte Lesezeit":"4\u00a0Minuten"},"schema":{"@context":"https:\/\/schema.org","@graph":[{"@type":"WebPage","@id":"https:\/\/tsv-ettlingen.de\/tsv\/ueber-uns\/fsj\/fsj-2013-2014","url":"https:\/\/tsv-ettlingen.de\/tsv\/ueber-uns\/fsj\/fsj-2013-2014","name":"FSJ 2013 \/ 2014 - TSV Ettlingen","isPartOf":{"@id":"https:\/\/tsv-ettlingen.de\/tsv\/#website"},"primaryImageOfPage":{"@id":"https:\/\/tsv-ettlingen.de\/tsv\/ueber-uns\/fsj\/fsj-2013-2014#primaryimage"},"image":{"@id":"https:\/\/tsv-ettlingen.de\/tsv\/ueber-uns\/fsj\/fsj-2013-2014#primaryimage"},"thumbnailUrl":"http:\/\/tsv-ettlingen.de\/tsv\/wp-content\/uploads\/2022\/01\/jasper-klos.jpg","datePublished":"2021-05-31T12:25:38+00:00","dateModified":"2022-01-11T19:56:54+00:00","breadcrumb":{"@id":"https:\/\/tsv-ettlingen.de\/tsv\/ueber-uns\/fsj\/fsj-2013-2014#breadcrumb"},"inLanguage":"de","potentialAction":[{"@type":"ReadAction","target":["https:\/\/tsv-ettlingen.de\/tsv\/ueber-uns\/fsj\/fsj-2013-2014"]}]},{"@type":"ImageObject","inLanguage":"de","@id":"https:\/\/tsv-ettlingen.de\/tsv\/ueber-uns\/fsj\/fsj-2013-2014#primaryimage","url":"https:\/\/tsv-ettlingen.de\/tsv\/wp-content\/uploads\/2022\/01\/jasper-klos.jpg","contentUrl":"https:\/\/tsv-ettlingen.de\/tsv\/wp-content\/uploads\/2022\/01\/jasper-klos.jpg","width":306,"height":420},{"@type":"BreadcrumbList","@id":"https:\/\/tsv-ettlingen.de\/tsv\/ueber-uns\/fsj\/fsj-2013-2014#breadcrumb","itemListElement":[{"@type":"ListItem","position":1,"name":"Startseite","item":"https:\/\/tsv-ettlingen.de\/tsv\/"},{"@type":"ListItem","position":2,"name":"\u00dcber uns","item":"https:\/\/tsv-ettlingen.de\/tsv\/ueber-uns"},{"@type":"ListItem","position":3,"name":"Freiwilliges Soziales Jahr","item":"https:\/\/tsv-ettlingen.de\/tsv\/ueber-uns\/fsj"},{"@type":"ListItem","position":4,"name":"FSJ 2013 \/ 2014"}]},{"@type":"WebSite","@id":"https:\/\/tsv-ettlingen.de\/tsv\/#website","url":"https:\/\/tsv-ettlingen.de\/tsv\/","name":"TSV Ettlingen","description":"Zusammenhalt leben!","publisher":{"@id":"https:\/\/tsv-ettlingen.de\/tsv\/#organization"},"potentialAction":[{"@type":"SearchAction","target":{"@type":"EntryPoint","urlTemplate":"https:\/\/tsv-ettlingen.de\/tsv\/?s={search_term_string}"},"query-input":{"@type":"PropertyValueSpecification","valueRequired":true,"valueName":"search_term_string"}}],"inLanguage":"de"},{"@type":"Organization","@id":"https:\/\/tsv-ettlingen.de\/tsv\/#organization","name":"TSV Ettlingen e.V.","url":"https:\/\/tsv-ettlingen.de\/tsv\/","logo":{"@type":"ImageObject","inLanguage":"de","@id":"https:\/\/tsv-ettlingen.de\/tsv\/#\/schema\/logo\/image\/","url":"https:\/\/tsv-ettlingen.de\/tsv\/wp-content\/uploads\/2021\/05\/LOGO_Farbe.jpg","contentUrl":"https:\/\/tsv-ettlingen.de\/tsv\/wp-content\/uploads\/2021\/05\/LOGO_Farbe.jpg","width":2008,"height":1181,"caption":"TSV Ettlingen e.V."},"image":{"@id":"https:\/\/tsv-ettlingen.de\/tsv\/#\/schema\/logo\/image\/"},"sameAs":["https:\/\/www.instagram.com\/tsv_ettlingen\/"]}]}},"_links":{"self":[{"href":"https:\/\/tsv-ettlingen.de\/tsv\/wp-json\/wp\/v2\/pages\/377","targetHints":{"allow":["GET"]}}],"collection":[{"href":"https:\/\/tsv-ettlingen.de\/tsv\/wp-json\/wp\/v2\/pages"}],"about":[{"href":"https:\/\/tsv-ettlingen.de\/tsv\/wp-json\/wp\/v2\/types\/page"}],"author":[{"embeddable":true,"href":"https:\/\/tsv-ettlingen.de\/tsv\/wp-json\/wp\/v2\/users\/1"}],"replies":[{"embeddable":true,"href":"https:\/\/tsv-ettlingen.de\/tsv\/wp-json\/wp\/v2\/comments?post=377"}],"version-history":[{"count":2,"href":"https:\/\/tsv-ettlingen.de\/tsv\/wp-json\/wp\/v2\/pages\/377\/revisions"}],"predecessor-version":[{"id":811,"href":"https:\/\/tsv-ettlingen.de\/tsv\/wp-json\/wp\/v2\/pages\/377\/revisions\/811"}],"up":[{"embeddable":true,"href":"https:\/\/tsv-ettlingen.de\/tsv\/wp-json\/wp\/v2\/pages\/270"}],"wp:attachment":[{"href":"https:\/\/tsv-ettlingen.de\/tsv\/wp-json\/wp\/v2\/media?parent=377"}],"curies":[{"name":"wp","href":"https:\/\/api.w.org\/{rel}","templated":true}]}}