{"id":4076,"date":"2024-09-30T20:08:16","date_gmt":"2024-09-30T18:08:16","guid":{"rendered":"https:\/\/tsv-ettlingen.de\/tsv\/?page_id=4076"},"modified":"2025-10-10T20:43:46","modified_gmt":"2025-10-10T18:43:46","slug":"tischtennis","status":"publish","type":"page","link":"https:\/\/tsv-ettlingen.de\/tsv\/sportangebot\/tischtennis","title":{"rendered":"Tischtennis"},"content":{"rendered":"\n<div id=\"wp-block-themeisle-blocks-advanced-columns-50d76ec4\" class=\"wp-block-themeisle-blocks-advanced-columns alignfull has-1-columns has-desktop-equal-layout has-tablet-equal-layout has-mobile-equal-layout has-vertical-center has-dark-bg\"><div class=\"wp-block-themeisle-blocks-advanced-columns-overlay\"><\/div><div class=\"innerblocks-wrap\">\n<div id=\"wp-block-themeisle-blocks-advanced-column-4d049713\" class=\"wp-block-themeisle-blocks-advanced-column\">\n<h1 id=\"wp-block-themeisle-blocks-advanced-heading-706f65a4\" class=\"wp-block-themeisle-blocks-advanced-heading wp-block-themeisle-blocks-advanced-heading-706f65a4\">Tischtennis<\/h1>\n<\/div>\n<\/div><\/div>\n\n\n\n<div id=\"wp-block-themeisle-blocks-advanced-columns-43606b9e\" class=\"wp-block-themeisle-blocks-advanced-columns has-1-columns has-desktop-equal-layout has-tablet-equal-layout has-mobile-equal-layout has-vertical-unset\"><div class=\"wp-block-themeisle-blocks-advanced-columns-overlay\"><\/div><div class=\"innerblocks-wrap\">\n<div id=\"wp-block-themeisle-blocks-advanced-column-36ee43bb\" class=\"wp-block-themeisle-blocks-advanced-column\"><div class=\"breadcrumbs align  wp-block-bcn-breadcrumb-trail has-text-color has-background\" vocab=\"https:\/\/schema.org\/\" typeof=\"BreadcrumbList\">\n\t<span><\/span>\n\t<span property=\"itemListElement\" typeof=\"ListItem\"><a property=\"item\" typeof=\"WebPage\" title=\"Gehe zu TSV Ettlingen.\" href=\"https:\/\/tsv-ettlingen.de\/tsv\" class=\"home\" ><span property=\"name\">TSV Ettlingen<\/span><\/a><meta property=\"position\" content=\"1\"><\/span> &gt; <span property=\"itemListElement\" typeof=\"ListItem\"><a property=\"item\" typeof=\"WebPage\" title=\"Gehe zu Beitr\u00e4ge.\" href=\"https:\/\/tsv-ettlingen.de\/tsv\/beitraege\" class=\"post-root post post-post\" aria-current=\"page\"><span property=\"name\">Beitr\u00e4ge<\/span><\/a><meta property=\"position\" content=\"2\"><\/span><\/div>\n<\/div>\n<\/div><\/div>\n\n\n\n<section id=\"wp-block-themeisle-blocks-advanced-columns-e4373a2b\" class=\"wp-block-themeisle-blocks-advanced-columns has-1-columns has-desktop-equal-layout has-tablet-equal-layout has-mobile-equal-layout has-vertical-flex-start\"><div class=\"wp-block-themeisle-blocks-advanced-columns-overlay\"><\/div><div class=\"innerblocks-wrap\">\n<div id=\"wp-block-themeisle-blocks-advanced-column-0b9db5af\" class=\"wp-block-themeisle-blocks-advanced-column\">\n<section id=\"wp-block-themeisle-blocks-advanced-columns-62d68e08\" class=\"wp-block-themeisle-blocks-advanced-columns has-1-columns has-desktop-equal-layout has-tablet-equal-layout has-mobile-equal-layout has-vertical-flex-end\"><div class=\"wp-block-themeisle-blocks-advanced-columns-overlay\"><\/div><div class=\"innerblocks-wrap\">\n<div id=\"wp-block-themeisle-blocks-advanced-column-ba020b38\" class=\"wp-block-themeisle-blocks-advanced-column\">\n<span id=\"wp-block-themeisle-blocks-advanced-heading-acff9ebd\" class=\"wp-block-themeisle-blocks-advanced-heading wp-block-themeisle-blocks-advanced-heading-acff9ebd\">Spielen = Spa\u00df<\/span>\n\n\n\n<h2 class=\"wp-block-heading wp-block-themeisle-blocks-advanced-heading wp-block-themeisle-blocks-advanced-heading-a3e4dce8\" id=\"wp-block-themeisle-blocks-advanced-heading-a3e4dce8\">Tischtennis<\/h2>\n\n\n\n<p><strong>Spiel, Spa\u00df und Teamgeist seit \u00fcber 35 Jahren<\/strong><\/p>\n\n\n\n<p>Die Tischtennis-Gruppe beim TSV Ettlingen verbindet \u00fcber 35 Jahre Leidenschaft f\u00fcr den Sport! Was als Hobby in der Firmenverbandsrunde begann, bleibt bis heute lebendig \u2013 dank eines engagierten Kerns aus Thomas Butz, J\u00fcrgen Leistner und Hermann B\u00fccherl. Seit 1987 spielt die Gruppe mit Spa\u00df und Teamgeist, aktuell in der Staffel 3 der Tischtennisvereinigung Karlsruhe.<\/p>\n\n\n\n<p>Interessierte Wiedereinsteiger und Wiedereinsteigerinnen mit solider Grundausbildung k\u00f6nnen sich gerne melden, wenn sie mal im Training vorbeischauen m\u00f6chten.<\/p>\n<\/div>\n<\/div><\/section>\n\n\n\n<div id=\"wp-block-themeisle-blocks-advanced-columns-708d3536\" class=\"wp-block-themeisle-blocks-advanced-columns has-2-columns has-desktop-equal-layout has-tablet-equal-layout has-mobile-collapsedRows-layout has-vertical-unset has-default-gap\"><div class=\"wp-block-themeisle-blocks-advanced-columns-overlay\"><\/div><div class=\"innerblocks-wrap\">\n<div id=\"wp-block-themeisle-blocks-advanced-column-849305f6\" class=\"wp-block-themeisle-blocks-advanced-column\">\n<hr class=\"wp-block-separator has-css-opacity is-style-wide\"\/>\n\n\n\n<p class=\"has-text-align-center\"><strong>Ansprechpartner: <\/strong> <\/p>\n\n\n\n<p class=\"has-text-align-center\">Thomas Butz<br>Tel: 0721 31723<br>E-Mail: <a href=\"mailto:tischtennis@tsv-ettlingen.de\">tischtennis@tsv-ettlingen.de<\/a><\/p>\n<\/div>\n\n\n\n<div id=\"wp-block-themeisle-blocks-advanced-column-5d0ed9fc\" class=\"wp-block-themeisle-blocks-advanced-column\">\n<hr class=\"wp-block-separator has-alpha-channel-opacity is-style-wide\" id=\"block-92489361-066b-4c00-baf1-0bd4a1b8d31e\"\/>\n\n\n\n<p class=\"has-text-align-center\" id=\"block-14954f17-f56c-4572-82f8-c454e277d431\"><strong>Training:<\/strong><\/p>\n\n\n\n<p class=\"has-text-align-center\" id=\"block-14954f17-f56c-4572-82f8-c454e277d431\">Hellberghalle des St. Augustinusheimes, Sch\u00f6llbronner Str. 78<\/p>\n\n\n\n<div id=\"wp-block-themeisle-blocks-button-group-52703406\" class=\"wp-block-themeisle-blocks-button-group wp-block-buttons align-center-desktop\">\n<div id=\"wp-block-themeisle-blocks-button-1608cac8\" class=\"wp-block-themeisle-blocks-button wp-block-button\"><a target=\"_self\" rel=\"noopener noreferrer\" class=\"wp-block-button__link\"><i class=\"far fa-fw fa-clock margin-right\"><\/i><span> Dienstag, 18:30 &#8211; 20:30 Uhr<\/span><\/a><\/div>\n<\/div>\n<\/div>\n<\/div><\/div>\n<\/div>\n<\/div><\/section>\n\n\n\n<div id=\"wp-block-themeisle-blocks-advanced-columns-10be2c35\" class=\"wp-block-themeisle-blocks-advanced-columns alignfull has-1-columns has-desktop-equal-layout has-tablet-equal-layout has-mobile-equal-layout has-vertical-unset\"><div class=\"wp-block-themeisle-blocks-advanced-columns-overlay\"><\/div><div class=\"innerblocks-wrap\">\n<div id=\"wp-block-themeisle-blocks-advanced-column-6cf76ff1\" class=\"wp-block-themeisle-blocks-advanced-column\">\n<h2 id=\"wp-block-themeisle-blocks-advanced-heading-48feee11\" class=\"wp-block-themeisle-blocks-advanced-heading wp-block-themeisle-blocks-advanced-heading-48feee11\">Spielbetrieb<\/h2>\n<\/div>\n<\/div><\/div>\n\n\n\n<p class=\"has-text-align-center\"><strong>Unsere Mannschaft tritt unter dem Namen &#8222;Augustinusheim&#8220; an!<\/strong><\/p>\n\n\n\n<div id=\"wp-block-themeisle-blocks-advanced-columns-a452298f\" class=\"wp-block-themeisle-blocks-advanced-columns has-1-columns has-desktop-equal-layout has-tablet-equal-layout has-mobile-equal-layout has-vertical-unset\"><div class=\"wp-block-themeisle-blocks-advanced-columns-overlay\"><\/div><div class=\"innerblocks-wrap\">\n<div id=\"wp-block-themeisle-blocks-advanced-column-28ae5e29\" class=\"wp-block-themeisle-blocks-advanced-column\">\n<div class=\"wp-block-buttons is-content-justification-center is-layout-flex wp-container-core-buttons-is-layout-16018d1d wp-block-buttons-is-layout-flex\">\n<div class=\"wp-block-button is-style-primary\"><a class=\"wp-block-button__link wp-element-button\" href=\"https:\/\/ttvkarlsruhe.tischtennislive.de\/default.aspx?L1=Ergebnisse&amp;L2=TTStaffeln&amp;L2P=20666&amp;L3=Spielplan&amp;L3p=1\" target=\"_blank\" rel=\"noreferrer noopener\">Hier geht&#8217;s zum Spielplan<\/a><\/div>\n<\/div>\n<\/div>\n<\/div><\/div>\n\n\n\n<hr class=\"wp-block-separator has-alpha-channel-opacity is-style-wide\"\/>\n\n\n\n<p><\/p>\n\n\n\n<p><\/p>\n","protected":false},"excerpt":{"rendered":"<p>Unsere Mannschaft tritt unter dem Namen &#8222;Augustinusheim&#8220; an!<\/p>\n","protected":false},"author":18,"featured_media":4087,"parent":262,"menu_order":0,"comment_status":"closed","ping_status":"closed","template":"page-templates\/template-pagebuilder-full-width.php","meta":{"neve_meta_sidebar":"full-width","neve_meta_container":"","neve_meta_enable_content_width":"on","neve_meta_content_width":100,"neve_meta_title_alignment":"","neve_meta_author_avatar":"","neve_post_elements_order":"","neve_meta_disable_header":"","neve_meta_disable_footer":"","neve_meta_disable_title":"","_themeisle_gutenberg_block_has_review":false,"footnotes":""},"class_list":["post-4076","page","type-page","status-publish","has-post-thumbnail","hentry"],"yoast_head":"<!-- This site is optimized with the Yoast SEO plugin v27.3 - https:\/\/yoast.com\/product\/yoast-seo-wordpress\/ -->\n<title>Tischtennis - TSV Ettlingen<\/title>\n<meta name=\"description\" content=\"Die Tischtennis-Gruppe verbindet \u00fcber 35 Jahre Leidenschaft f\u00fcr den Sport! Interessierte k\u00f6nnen gerne im Training vorbeischauen.\" \/>\n<meta name=\"robots\" content=\"index, follow, max-snippet:-1, max-image-preview:large, max-video-preview:-1\" \/>\n<link rel=\"canonical\" href=\"https:\/\/tsv-ettlingen.de\/tsv\/sportangebot\/tischtennis\" \/>\n<meta property=\"og:locale\" content=\"de_DE\" \/>\n<meta property=\"og:type\" content=\"article\" \/>\n<meta property=\"og:title\" content=\"Tischtennis - TSV Ettlingen\" \/>\n<meta property=\"og:description\" content=\"Die Tischtennis-Gruppe verbindet \u00fcber 35 Jahre Leidenschaft f\u00fcr den Sport! Interessierte k\u00f6nnen gerne im Training vorbeischauen.\" \/>\n<meta property=\"og:url\" content=\"https:\/\/tsv-ettlingen.de\/tsv\/sportangebot\/tischtennis\" \/>\n<meta property=\"og:site_name\" content=\"TSV Ettlingen\" \/>\n<meta property=\"article:modified_time\" content=\"2025-10-10T18:43:46+00:00\" \/>\n<meta property=\"og:image\" content=\"https:\/\/tsv-ettlingen.de\/tsv\/wp-content\/uploads\/2024\/09\/Website_icons_Tischtennis.png\" \/>\n\t<meta property=\"og:image:width\" content=\"2000\" \/>\n\t<meta property=\"og:image:height\" content=\"2000\" \/>\n\t<meta property=\"og:image:type\" content=\"image\/png\" \/>\n<meta name=\"twitter:card\" content=\"summary_large_image\" \/>\n<meta name=\"twitter:label1\" content=\"Gesch\u00e4tzte Lesezeit\" \/>\n\t<meta name=\"twitter:data1\" content=\"1\u00a0Minute\" \/>\n<script type=\"application\/ld+json\" class=\"yoast-schema-graph\">{\"@context\":\"https:\\\/\\\/schema.org\",\"@graph\":[{\"@type\":\"WebPage\",\"@id\":\"https:\\\/\\\/tsv-ettlingen.de\\\/tsv\\\/sportangebot\\\/tischtennis\",\"url\":\"https:\\\/\\\/tsv-ettlingen.de\\\/tsv\\\/sportangebot\\\/tischtennis\",\"name\":\"Tischtennis - TSV Ettlingen\",\"isPartOf\":{\"@id\":\"https:\\\/\\\/tsv-ettlingen.de\\\/tsv\\\/#website\"},\"primaryImageOfPage\":{\"@id\":\"https:\\\/\\\/tsv-ettlingen.de\\\/tsv\\\/sportangebot\\\/tischtennis#primaryimage\"},\"image\":{\"@id\":\"https:\\\/\\\/tsv-ettlingen.de\\\/tsv\\\/sportangebot\\\/tischtennis#primaryimage\"},\"thumbnailUrl\":\"https:\\\/\\\/tsv-ettlingen.de\\\/tsv\\\/wp-content\\\/uploads\\\/2024\\\/09\\\/Website_icons_Tischtennis.png\",\"datePublished\":\"2024-09-30T18:08:16+00:00\",\"dateModified\":\"2025-10-10T18:43:46+00:00\",\"description\":\"Die Tischtennis-Gruppe verbindet \u00fcber 35 Jahre Leidenschaft f\u00fcr den Sport! Interessierte k\u00f6nnen gerne im Training vorbeischauen.\",\"breadcrumb\":{\"@id\":\"https:\\\/\\\/tsv-ettlingen.de\\\/tsv\\\/sportangebot\\\/tischtennis#breadcrumb\"},\"inLanguage\":\"de\",\"potentialAction\":[{\"@type\":\"ReadAction\",\"target\":[\"https:\\\/\\\/tsv-ettlingen.de\\\/tsv\\\/sportangebot\\\/tischtennis\"]}]},{\"@type\":\"ImageObject\",\"inLanguage\":\"de\",\"@id\":\"https:\\\/\\\/tsv-ettlingen.de\\\/tsv\\\/sportangebot\\\/tischtennis#primaryimage\",\"url\":\"https:\\\/\\\/tsv-ettlingen.de\\\/tsv\\\/wp-content\\\/uploads\\\/2024\\\/09\\\/Website_icons_Tischtennis.png\",\"contentUrl\":\"https:\\\/\\\/tsv-ettlingen.de\\\/tsv\\\/wp-content\\\/uploads\\\/2024\\\/09\\\/Website_icons_Tischtennis.png\",\"width\":2000,\"height\":2000},{\"@type\":\"BreadcrumbList\",\"@id\":\"https:\\\/\\\/tsv-ettlingen.de\\\/tsv\\\/sportangebot\\\/tischtennis#breadcrumb\",\"itemListElement\":[{\"@type\":\"ListItem\",\"position\":1,\"name\":\"Startseite\",\"item\":\"https:\\\/\\\/tsv-ettlingen.de\\\/tsv\\\/\"},{\"@type\":\"ListItem\",\"position\":2,\"name\":\"Sportangebot\",\"item\":\"https:\\\/\\\/tsv-ettlingen.de\\\/tsv\\\/sportangebot\"},{\"@type\":\"ListItem\",\"position\":3,\"name\":\"Tischtennis\"}]},{\"@type\":\"WebSite\",\"@id\":\"https:\\\/\\\/tsv-ettlingen.de\\\/tsv\\\/#website\",\"url\":\"https:\\\/\\\/tsv-ettlingen.de\\\/tsv\\\/\",\"name\":\"TSV Ettlingen\",\"description\":\"Zusammenhalt leben!\",\"publisher\":{\"@id\":\"https:\\\/\\\/tsv-ettlingen.de\\\/tsv\\\/#organization\"},\"potentialAction\":[{\"@type\":\"SearchAction\",\"target\":{\"@type\":\"EntryPoint\",\"urlTemplate\":\"https:\\\/\\\/tsv-ettlingen.de\\\/tsv\\\/?s={search_term_string}\"},\"query-input\":{\"@type\":\"PropertyValueSpecification\",\"valueRequired\":true,\"valueName\":\"search_term_string\"}}],\"inLanguage\":\"de\"},{\"@type\":\"Organization\",\"@id\":\"https:\\\/\\\/tsv-ettlingen.de\\\/tsv\\\/#organization\",\"name\":\"TSV Ettlingen e.V.\",\"url\":\"https:\\\/\\\/tsv-ettlingen.de\\\/tsv\\\/\",\"logo\":{\"@type\":\"ImageObject\",\"inLanguage\":\"de\",\"@id\":\"https:\\\/\\\/tsv-ettlingen.de\\\/tsv\\\/#\\\/schema\\\/logo\\\/image\\\/\",\"url\":\"https:\\\/\\\/tsv-ettlingen.de\\\/tsv\\\/wp-content\\\/uploads\\\/2021\\\/05\\\/LOGO_Farbe.jpg\",\"contentUrl\":\"https:\\\/\\\/tsv-ettlingen.de\\\/tsv\\\/wp-content\\\/uploads\\\/2021\\\/05\\\/LOGO_Farbe.jpg\",\"width\":2008,\"height\":1181,\"caption\":\"TSV Ettlingen e.V.\"},\"image\":{\"@id\":\"https:\\\/\\\/tsv-ettlingen.de\\\/tsv\\\/#\\\/schema\\\/logo\\\/image\\\/\"},\"sameAs\":[\"https:\\\/\\\/www.instagram.com\\\/tsv_ettlingen\\\/\"]}]}<\/script>\n<!-- \/ Yoast SEO plugin. -->","yoast_head_json":{"title":"Tischtennis - TSV Ettlingen","description":"Die Tischtennis-Gruppe verbindet \u00fcber 35 Jahre Leidenschaft f\u00fcr den Sport! Interessierte k\u00f6nnen gerne im Training vorbeischauen.","robots":{"index":"index","follow":"follow","max-snippet":"max-snippet:-1","max-image-preview":"max-image-preview:large","max-video-preview":"max-video-preview:-1"},"canonical":"https:\/\/tsv-ettlingen.de\/tsv\/sportangebot\/tischtennis","og_locale":"de_DE","og_type":"article","og_title":"Tischtennis - TSV Ettlingen","og_description":"Die Tischtennis-Gruppe verbindet \u00fcber 35 Jahre Leidenschaft f\u00fcr den Sport! Interessierte k\u00f6nnen gerne im Training vorbeischauen.","og_url":"https:\/\/tsv-ettlingen.de\/tsv\/sportangebot\/tischtennis","og_site_name":"TSV Ettlingen","article_modified_time":"2025-10-10T18:43:46+00:00","og_image":[{"width":2000,"height":2000,"url":"https:\/\/tsv-ettlingen.de\/tsv\/wp-content\/uploads\/2024\/09\/Website_icons_Tischtennis.png","type":"image\/png"}],"twitter_card":"summary_large_image","twitter_misc":{"Gesch\u00e4tzte Lesezeit":"1\u00a0Minute"},"schema":{"@context":"https:\/\/schema.org","@graph":[{"@type":"WebPage","@id":"https:\/\/tsv-ettlingen.de\/tsv\/sportangebot\/tischtennis","url":"https:\/\/tsv-ettlingen.de\/tsv\/sportangebot\/tischtennis","name":"Tischtennis - TSV Ettlingen","isPartOf":{"@id":"https:\/\/tsv-ettlingen.de\/tsv\/#website"},"primaryImageOfPage":{"@id":"https:\/\/tsv-ettlingen.de\/tsv\/sportangebot\/tischtennis#primaryimage"},"image":{"@id":"https:\/\/tsv-ettlingen.de\/tsv\/sportangebot\/tischtennis#primaryimage"},"thumbnailUrl":"https:\/\/tsv-ettlingen.de\/tsv\/wp-content\/uploads\/2024\/09\/Website_icons_Tischtennis.png","datePublished":"2024-09-30T18:08:16+00:00","dateModified":"2025-10-10T18:43:46+00:00","description":"Die Tischtennis-Gruppe verbindet \u00fcber 35 Jahre Leidenschaft f\u00fcr den Sport! Interessierte k\u00f6nnen gerne im Training vorbeischauen.","breadcrumb":{"@id":"https:\/\/tsv-ettlingen.de\/tsv\/sportangebot\/tischtennis#breadcrumb"},"inLanguage":"de","potentialAction":[{"@type":"ReadAction","target":["https:\/\/tsv-ettlingen.de\/tsv\/sportangebot\/tischtennis"]}]},{"@type":"ImageObject","inLanguage":"de","@id":"https:\/\/tsv-ettlingen.de\/tsv\/sportangebot\/tischtennis#primaryimage","url":"https:\/\/tsv-ettlingen.de\/tsv\/wp-content\/uploads\/2024\/09\/Website_icons_Tischtennis.png","contentUrl":"https:\/\/tsv-ettlingen.de\/tsv\/wp-content\/uploads\/2024\/09\/Website_icons_Tischtennis.png","width":2000,"height":2000},{"@type":"BreadcrumbList","@id":"https:\/\/tsv-ettlingen.de\/tsv\/sportangebot\/tischtennis#breadcrumb","itemListElement":[{"@type":"ListItem","position":1,"name":"Startseite","item":"https:\/\/tsv-ettlingen.de\/tsv\/"},{"@type":"ListItem","position":2,"name":"Sportangebot","item":"https:\/\/tsv-ettlingen.de\/tsv\/sportangebot"},{"@type":"ListItem","position":3,"name":"Tischtennis"}]},{"@type":"WebSite","@id":"https:\/\/tsv-ettlingen.de\/tsv\/#website","url":"https:\/\/tsv-ettlingen.de\/tsv\/","name":"TSV Ettlingen","description":"Zusammenhalt leben!","publisher":{"@id":"https:\/\/tsv-ettlingen.de\/tsv\/#organization"},"potentialAction":[{"@type":"SearchAction","target":{"@type":"EntryPoint","urlTemplate":"https:\/\/tsv-ettlingen.de\/tsv\/?s={search_term_string}"},"query-input":{"@type":"PropertyValueSpecification","valueRequired":true,"valueName":"search_term_string"}}],"inLanguage":"de"},{"@type":"Organization","@id":"https:\/\/tsv-ettlingen.de\/tsv\/#organization","name":"TSV Ettlingen e.V.","url":"https:\/\/tsv-ettlingen.de\/tsv\/","logo":{"@type":"ImageObject","inLanguage":"de","@id":"https:\/\/tsv-ettlingen.de\/tsv\/#\/schema\/logo\/image\/","url":"https:\/\/tsv-ettlingen.de\/tsv\/wp-content\/uploads\/2021\/05\/LOGO_Farbe.jpg","contentUrl":"https:\/\/tsv-ettlingen.de\/tsv\/wp-content\/uploads\/2021\/05\/LOGO_Farbe.jpg","width":2008,"height":1181,"caption":"TSV Ettlingen e.V."},"image":{"@id":"https:\/\/tsv-ettlingen.de\/tsv\/#\/schema\/logo\/image\/"},"sameAs":["https:\/\/www.instagram.com\/tsv_ettlingen\/"]}]}},"_links":{"self":[{"href":"https:\/\/tsv-ettlingen.de\/tsv\/wp-json\/wp\/v2\/pages\/4076","targetHints":{"allow":["GET"]}}],"collection":[{"href":"https:\/\/tsv-ettlingen.de\/tsv\/wp-json\/wp\/v2\/pages"}],"about":[{"href":"https:\/\/tsv-ettlingen.de\/tsv\/wp-json\/wp\/v2\/types\/page"}],"author":[{"embeddable":true,"href":"https:\/\/tsv-ettlingen.de\/tsv\/wp-json\/wp\/v2\/users\/18"}],"replies":[{"embeddable":true,"href":"https:\/\/tsv-ettlingen.de\/tsv\/wp-json\/wp\/v2\/comments?post=4076"}],"version-history":[{"count":17,"href":"https:\/\/tsv-ettlingen.de\/tsv\/wp-json\/wp\/v2\/pages\/4076\/revisions"}],"predecessor-version":[{"id":4945,"href":"https:\/\/tsv-ettlingen.de\/tsv\/wp-json\/wp\/v2\/pages\/4076\/revisions\/4945"}],"up":[{"embeddable":true,"href":"https:\/\/tsv-ettlingen.de\/tsv\/wp-json\/wp\/v2\/pages\/262"}],"wp:featuredmedia":[{"embeddable":true,"href":"https:\/\/tsv-ettlingen.de\/tsv\/wp-json\/wp\/v2\/media\/4087"}],"wp:attachment":[{"href":"https:\/\/tsv-ettlingen.de\/tsv\/wp-json\/wp\/v2\/media?parent=4076"}],"curies":[{"name":"wp","href":"https:\/\/api.w.org\/{rel}","templated":true}]}}