{"id":535,"date":"2021-10-25T16:55:06","date_gmt":"2021-10-25T16:55:06","guid":{"rendered":"https:\/\/tsvettlingen.live-website.com\/?page_id=535"},"modified":"2025-07-06T16:32:00","modified_gmt":"2025-07-06T14:32:00","slug":"gymnastik","status":"publish","type":"page","link":"https:\/\/tsv-ettlingen.de\/tsv\/sportangebot\/gymnastik","title":{"rendered":"Gymnastik"},"content":{"rendered":"\n<div id=\"wp-block-themeisle-blocks-advanced-columns-50d76ec4\" class=\"wp-block-themeisle-blocks-advanced-columns alignfull has-1-columns has-desktop-equal-layout has-tablet-equal-layout has-mobile-equal-layout has-vertical-center has-dark-bg\"><div class=\"wp-block-themeisle-blocks-advanced-columns-overlay\"><\/div><div class=\"innerblocks-wrap\">\n<div id=\"wp-block-themeisle-blocks-advanced-column-4d049713\" class=\"wp-block-themeisle-blocks-advanced-column\">\n<h1 id=\"wp-block-themeisle-blocks-advanced-heading-706f65a4\" class=\"wp-block-themeisle-blocks-advanced-heading wp-block-themeisle-blocks-advanced-heading-706f65a4\">Gymnastik<\/h1>\n<\/div>\n<\/div><\/div>\n\n\n\n<div id=\"wp-block-themeisle-blocks-advanced-columns-b0e2ed2e\" class=\"wp-block-themeisle-blocks-advanced-columns has-1-columns has-desktop-equal-layout has-tablet-equal-layout has-mobile-equal-layout has-vertical-unset\"><div class=\"wp-block-themeisle-blocks-advanced-columns-overlay\"><\/div><div class=\"innerblocks-wrap\">\n<div id=\"wp-block-themeisle-blocks-advanced-column-b07509e4\" class=\"wp-block-themeisle-blocks-advanced-column\"><div class=\"breadcrumbs align  wp-block-bcn-breadcrumb-trail has-text-color has-background\" vocab=\"https:\/\/schema.org\/\" typeof=\"BreadcrumbList\">\n\t<span><\/span>\n\t<span property=\"itemListElement\" typeof=\"ListItem\"><a property=\"item\" typeof=\"WebPage\" title=\"Gehe zu TSV Ettlingen.\" href=\"https:\/\/tsv-ettlingen.de\/tsv\" class=\"home\" ><span property=\"name\">TSV Ettlingen<\/span><\/a><meta property=\"position\" content=\"1\"><\/span> &gt; <span property=\"itemListElement\" typeof=\"ListItem\"><a property=\"item\" typeof=\"WebPage\" title=\"Gehe zu Beitr\u00e4ge.\" href=\"https:\/\/tsv-ettlingen.de\/tsv\/beitraege\" class=\"post-root post post-post\" aria-current=\"page\"><span property=\"name\">Beitr\u00e4ge<\/span><\/a><meta property=\"position\" content=\"2\"><\/span><\/div>\n<\/div>\n<\/div><\/div>\n\n\n\n<section id=\"wp-block-themeisle-blocks-advanced-columns-e4373a2b\" class=\"wp-block-themeisle-blocks-advanced-columns has-1-columns has-desktop-equal-layout has-tablet-equal-layout has-mobile-equal-layout has-vertical-flex-start\"><div class=\"wp-block-themeisle-blocks-advanced-columns-overlay\"><\/div><div class=\"innerblocks-wrap\">\n<div id=\"wp-block-themeisle-blocks-advanced-column-0b9db5af\" class=\"wp-block-themeisle-blocks-advanced-column\">\n<section id=\"wp-block-themeisle-blocks-advanced-columns-62d68e08\" class=\"wp-block-themeisle-blocks-advanced-columns has-1-columns has-desktop-equal-layout has-tablet-equal-layout has-mobile-equal-layout has-vertical-center\"><div class=\"wp-block-themeisle-blocks-advanced-columns-overlay\"><\/div><div class=\"innerblocks-wrap\">\n<div id=\"wp-block-themeisle-blocks-advanced-column-ba020b38\" class=\"wp-block-themeisle-blocks-advanced-column\">\n<span id=\"wp-block-themeisle-blocks-advanced-heading-acff9ebd\" class=\"wp-block-themeisle-blocks-advanced-heading wp-block-themeisle-blocks-advanced-heading-acff9ebd\"><strong>F\u00dcR JEDE\/N WAS DABEI<\/strong><\/span>\n\n\n\n<h2 class=\"wp-block-heading wp-block-themeisle-blocks-advanced-heading wp-block-themeisle-blocks-advanced-heading-a3e4dce8\" id=\"wp-block-themeisle-blocks-advanced-heading-a3e4dce8\">Gymnastik<\/h2>\n\n\n\n<p>Mit ihren unterschiedlichen Schwerpunkten bieten die verschiedenen Gymnastikgruppen ihren Teilnehmerinnen und Teilnehmern ein ganzheitliches Trainingsprogramm.<\/p>\n\n\n\n<p>W\u00e4hrend es bei der Fit-Mix-Gymnastik mit fetziger Musik und einer Mischung aus verschiedenen Fitnessbereichen ordentlich zur Sache geht, wird f\u00fcr die \u00e4ltere Generation ein abwechslungsreiches Bewegungsprogramm angeboten, um sich auch im Alter fit und mobil zu halten.<\/p>\n\n\n\n<p>Die Wassergymnastik ist eine besonders gelenkschonende Art Sport zu treiben, w\u00e4hrend bei der M\u00e4nner-Gymnastik der Slogan &#8222;Fit bleiben durch Bewegung&#8220; hei\u00dft.<\/p>\n<\/div>\n<\/div><\/section>\n\n\n\n<div id=\"wp-block-themeisle-blocks-advanced-columns-708d3536\" class=\"wp-block-themeisle-blocks-advanced-columns has-2-columns has-desktop-equal-layout has-tablet-equal-layout has-mobile-collapsedRows-layout has-vertical-unset has-default-gap\"><div class=\"wp-block-themeisle-blocks-advanced-columns-overlay\"><\/div><div class=\"innerblocks-wrap\">\n<div id=\"wp-block-themeisle-blocks-advanced-column-849305f6\" class=\"wp-block-themeisle-blocks-advanced-column\"><div class=\"wp-block-image\">\n<figure class=\"aligncenter size-full is-resized\"><img loading=\"lazy\" decoding=\"async\" width=\"283\" height=\"213\" src=\"http:\/\/tsv-ettlingen.de\/tsv\/wp-content\/uploads\/Fit-Mix.jpg\" alt=\"Fit-Mix\" class=\"wp-image-592\" style=\"width:283px;height:213px\"\/><\/figure>\n<\/div>\n\n\n<div style=\"height:50px\" aria-hidden=\"true\" class=\"wp-block-spacer\"><\/div>\n\n\n\n<h3 id=\"wp-block-themeisle-blocks-advanced-heading-608024df\" class=\"wp-block-themeisle-blocks-advanced-heading wp-block-themeisle-blocks-advanced-heading-608024df\">Fit-Mix<\/h3>\n\n\n\n<p><strong>Das Rundumtraining am Vormittag <\/strong>&#8211; hier werden Ausdauer, Beweglichkeit und Koordination trainiert. Nach dem gemeinsamen Warm Up werden von Kopf bis Fu\u00df alle wichtigen Muskelgruppen mit funktionellen \u00dcbungen gekr\u00e4ftigt. Passende Musik und verschiedene Kleinger\u00e4te sorgen f\u00fcr ein abwechslungsreiches Training. Dehnungs\u00fcbungen runden die Stunde ab.<\/p>\n\n\n\n<p>Der Einstieg ist jederzeit m\u00f6glich. Bitte feste Turnschuhe, Handtuch und Getr\u00e4nk mitbringen. <br><\/p>\n\n\n\n<hr class=\"wp-block-separator has-css-opacity is-style-wide\"\/>\n\n\n\n<p class=\"has-text-align-center\"><strong>Ansprechpartnerin: <\/strong><br>Nadia Cappel<br>Tel: 0157 83241292 <\/p>\n\n\n\n<hr class=\"wp-block-separator has-css-opacity is-style-wide\"\/>\n\n\n\n<p class=\"has-text-align-center has-neve-link-hover-color-color has-text-color\">Sporthalle Kaserne, Am Dickh\u00e4uterplatz<\/p>\n\n\n\n<p class=\"has-text-align-center has-neve-link-color-color has-text-color\"><\/p>\n\n\n\n<div id=\"wp-block-themeisle-blocks-button-group-d26ddf40\" class=\"wp-block-themeisle-blocks-button-group wp-block-buttons align-center-desktop\">\n<div id=\"wp-block-themeisle-blocks-button-d0cf2457\" class=\"wp-block-themeisle-blocks-button wp-block-button is-style-fill\"><a target=\"_self\" rel=\"noopener noreferrer\" class=\"wp-block-button__link\"><i class=\"far fa-fw fa-clock margin-right\"><\/i><span>Montag, 10:00 &#8211; 11:00 Uhr<\/span><\/a><\/div>\n<\/div>\n<\/div>\n\n\n\n<div id=\"wp-block-themeisle-blocks-advanced-column-5d0ed9fc\" class=\"wp-block-themeisle-blocks-advanced-column\"><div class=\"wp-block-image\">\n<figure class=\"aligncenter size-full\"><img loading=\"lazy\" decoding=\"async\" width=\"283\" height=\"213\" src=\"http:\/\/tsv-ettlingen.de\/tsv\/wp-content\/uploads\/Senioren-Gymnastik.jpg\" alt=\"Seniorengymnastik\" class=\"wp-image-593\"\/><\/figure>\n<\/div>\n\n\n<div style=\"height:50px\" aria-hidden=\"true\" class=\"wp-block-spacer\"><\/div>\n\n\n\n<h3 id=\"wp-block-themeisle-blocks-advanced-heading-2653c084\" class=\"wp-block-themeisle-blocks-advanced-heading wp-block-themeisle-blocks-advanced-heading-2653c084\">Seniorengymnastik<\/h3>\n\n\n\n<p>Fit bis ins hohe Alter &#8211; Mitmachen und Spa\u00df haben, wenn es hei\u00dft auch im Alter gemeinsam in der Gruppe zu trainieren. Wir bieten f\u00fcr M\u00e4nner und Frauen ein&nbsp;<strong>abwechslungsreiches Bewegungsprogramm<\/strong>&nbsp;mit funktioneller Dehn- und Kr\u00e4ftigungsgymnastik, Ausdauertraining, Wirbels\u00e4ulengymnastik, Elemente aus der Osteoporose-Prophylaxe und der Sturzpr\u00e4vention.<\/p>\n\n\n\n<p>Auch Neueinsteiger und Neueinsteigerinnen sind immer willkommen. Bitte feste Turnschuhe, Handtuch und Getr\u00e4nk mitbringen.<\/p>\n\n\n\n<hr class=\"wp-block-separator has-alpha-channel-opacity is-style-wide\" id=\"block-19dbaac6-db0b-4fd3-8894-d799fd09be53\"\/>\n\n\n\n<p class=\"has-text-align-center\" id=\"block-a2cd167e-b4b8-421d-94d3-25ad5c1665d9\"><strong>Ansprechpartnerin:<\/strong><br>Nadia Cappel<br>Tel: 0157 83241292<\/p>\n\n\n\n<hr class=\"wp-block-separator has-alpha-channel-opacity is-style-wide\" id=\"block-92489361-066b-4c00-baf1-0bd4a1b8d31e\"\/>\n\n\n\n<p class=\"has-text-align-center\" id=\"block-14954f17-f56c-4572-82f8-c454e277d431\">Sporthalle Kaserne, Am Dickh\u00e4uterplatz<\/p>\n\n\n\n<p class=\"has-text-align-center has-neve-link-color-color has-text-color has-link-color wp-elements-6ffb2cc80f9663b5d13f03bace3e2d32\" id=\"block-14954f17-f56c-4572-82f8-c454e277d431\"><\/p>\n\n\n\n<div id=\"wp-block-themeisle-blocks-button-group-52703406\" class=\"wp-block-themeisle-blocks-button-group wp-block-buttons align-center-desktop\">\n<div id=\"wp-block-themeisle-blocks-button-1608cac8\" class=\"wp-block-themeisle-blocks-button wp-block-button\"><a target=\"_self\" rel=\"noopener noreferrer\" class=\"wp-block-button__link\"><i class=\"far fa-fw fa-clock margin-right\"><\/i><span> Montag, 11:15 &#8211; 12:15 Uhr <\/span><\/a><\/div>\n<\/div>\n<\/div>\n<\/div><\/div>\n\n\n\n<section id=\"wp-block-themeisle-blocks-advanced-columns-8b3795af\" class=\"wp-block-themeisle-blocks-advanced-columns has-2-columns has-desktop-equal-layout has-tablet-equal-layout has-mobile-collapsedRows-layout has-vertical-flex-start\"><div class=\"wp-block-themeisle-blocks-advanced-columns-overlay\"><\/div><div class=\"innerblocks-wrap\">\n<div id=\"wp-block-themeisle-blocks-advanced-column-7333ef71\" class=\"wp-block-themeisle-blocks-advanced-column\"><div class=\"wp-block-image\">\n<figure class=\"aligncenter size-large is-resized\"><img loading=\"lazy\" decoding=\"async\" width=\"1024\" height=\"1024\" src=\"http:\/\/tsv-ettlingen.de\/tsv\/wp-content\/uploads\/2021\/10\/Website_icons_Gymnastik2-1024x1024.png\" alt=\"\" class=\"wp-image-516\" style=\"width:256px;height:256px\" srcset=\"https:\/\/tsv-ettlingen.de\/tsv\/wp-content\/uploads\/2021\/10\/Website_icons_Gymnastik2-1024x1024.png 1024w, https:\/\/tsv-ettlingen.de\/tsv\/wp-content\/uploads\/2021\/10\/Website_icons_Gymnastik2-300x300.png 300w, https:\/\/tsv-ettlingen.de\/tsv\/wp-content\/uploads\/2021\/10\/Website_icons_Gymnastik2-150x150.png 150w, https:\/\/tsv-ettlingen.de\/tsv\/wp-content\/uploads\/2021\/10\/Website_icons_Gymnastik2-768x768.png 768w, https:\/\/tsv-ettlingen.de\/tsv\/wp-content\/uploads\/2021\/10\/Website_icons_Gymnastik2-1536x1536.png 1536w, https:\/\/tsv-ettlingen.de\/tsv\/wp-content\/uploads\/2021\/10\/Website_icons_Gymnastik2.png 2001w\" sizes=\"auto, (max-width: 1024px) 100vw, 1024px\" \/><\/figure>\n<\/div>\n\n\n<div style=\"height:50px\" aria-hidden=\"true\" class=\"wp-block-spacer\"><\/div>\n\n\n\n<h3 id=\"wp-block-themeisle-blocks-advanced-heading-0841c723\" class=\"wp-block-themeisle-blocks-advanced-heading wp-block-themeisle-blocks-advanced-heading-0841c723\">Wassergymnastik<\/h3>\n\n\n\n<p>Ein <strong>schonendes Allroundprogramm f\u00fcr M\u00e4nner und Frauen<\/strong>:<br>Die spezielle Gymnastik im Wasser ist mit ihren weichen Bewegungen eine sehr gelenkschonende Art Sport zu treiben.<\/p>\n\n\n\n<p>Au\u00dfer der \u00fcblichen Badebekleidung und Duschutensilien ist nur die Begeisterung f\u00fcrs nasse Element mitzubringen.<\/p>\n\n\n\n<hr class=\"wp-block-separator has-css-opacity is-style-wide\"\/>\n\n\n\n<p class=\"has-text-align-center\"><strong>Ansprechpartner: <\/strong><br>Bernd Rau<br>Tel:<strong> <\/strong>07243 13338<\/p>\n\n\n\n<hr class=\"wp-block-separator has-css-opacity is-style-wide\"\/>\n\n\n\n<p class=\"has-text-align-center has-neve-text-color-color has-text-color\">Neue Lehrschwimmhalle <br>beim Albgaubad, Luisenstra\u00dfe <\/p>\n\n\n\n<p class=\"has-text-align-center has-neve-link-hover-color-color has-text-color\">Sportangebot von September bis zum Sommer<\/p>\n\n\n\n<div id=\"wp-block-themeisle-blocks-button-group-7c18c987\" class=\"wp-block-themeisle-blocks-button-group wp-block-buttons align-center-desktop\">\n<div id=\"wp-block-themeisle-blocks-button-1ff86196\" class=\"wp-block-themeisle-blocks-button wp-block-button is-style-fill\"><a target=\"_self\" rel=\"noopener noreferrer\" class=\"wp-block-button__link\"><i class=\"far fa-fw fa-clock margin-right\"><\/i><span>Dienstag, 16:30 &#8211; 17:30 Uhr, Zugang ab 16:15 Uhr <\/span><\/a><\/div>\n<\/div>\n<\/div>\n\n\n\n<div id=\"wp-block-themeisle-blocks-advanced-column-abe4e534\" class=\"wp-block-themeisle-blocks-advanced-column\"><div class=\"wp-block-image\">\n<figure class=\"aligncenter size-full\"><img loading=\"lazy\" decoding=\"async\" width=\"283\" height=\"213\" src=\"http:\/\/tsv-ettlingen.de\/tsv\/wp-content\/uploads\/Maenner-Gymnastik.jpg\" alt=\"M\u00e4nner-Gymnastik\" class=\"wp-image-594\"\/><\/figure>\n<\/div>\n\n\n<div style=\"height:50px\" aria-hidden=\"true\" class=\"wp-block-spacer\"><\/div>\n\n\n\n<h3 id=\"wp-block-themeisle-blocks-advanced-heading-04edc18a\" class=\"wp-block-themeisle-blocks-advanced-heading wp-block-themeisle-blocks-advanced-heading-04edc18a\">M\u00e4nner-Gymnastik mit Pfiff<\/h3>\n\n\n\n<p>Unser Slogan hei\u00dft&nbsp;<strong>Fit bleiben durch Bewegung!<\/strong><br>Bei lockerem Ausdauertraining bringen wir zun\u00e4chst unseren Kreislauf in Schwung und versuchen mit Gymnastik unseren &#8222;Rost&#8220; loszuwerden. Anschlie\u00dfend  lassen wir in gem\u00fctlicher Runde unseren allw\u00f6chentlichen Sportabend ausklingen.<\/p>\n\n\n\n<p>Einstieg ist jederzeit m\u00f6glich. Bitte leichte Sportbekleidung und Hallenschuhe&nbsp;mitbringen und schon kann&#8217;s losgehen!<\/p>\n\n\n\n<hr class=\"wp-block-separator has-css-opacity is-style-wide\"\/>\n\n\n\n<p class=\"has-text-align-center\"><strong>Ansprechpartner:<\/strong><br>Bernd Rau<br>Tel: 07243 13338<\/p>\n\n\n\n<hr class=\"wp-block-separator has-css-opacity is-style-wide\"\/>\n\n\n\n<p class=\"has-text-align-center\">Hellbergsporthalle, Sch\u00f6llbronnerstra\u00dfe 78<br>Bei w\u00e4rmeren Temperaturen nebenan auf dem Freiplatz.<\/p>\n\n\n\n<p class=\"has-text-align-center\">Ganzj\u00e4hriges Sportangebot <\/p>\n\n\n\n<div id=\"wp-block-themeisle-blocks-button-group-bf140f6a\" class=\"wp-block-themeisle-blocks-button-group wp-block-buttons align-center-desktop\">\n<div id=\"wp-block-themeisle-blocks-button-dd2bf93c\" class=\"wp-block-themeisle-blocks-button wp-block-button\"><a target=\"_self\" rel=\"noopener noreferrer\" class=\"wp-block-button__link\"><i class=\"far fa-fw fa-clock margin-right\"><\/i><span>Mittwoch, 18:30 &#8211; 19:15 Uhr<\/span><\/a><\/div>\n<\/div>\n<\/div>\n<\/div><\/section>\n<\/div>\n<\/div><\/section>\n\n\n\n<hr class=\"wp-block-separator has-alpha-channel-opacity is-style-wide\"\/>\n","protected":false},"excerpt":{"rendered":"","protected":false},"author":1,"featured_media":516,"parent":262,"menu_order":0,"comment_status":"closed","ping_status":"closed","template":"page-templates\/template-pagebuilder-full-width.php","meta":{"neve_meta_sidebar":"full-width","neve_meta_container":"","neve_meta_enable_content_width":"on","neve_meta_content_width":100,"neve_meta_title_alignment":"","neve_meta_author_avatar":"","neve_post_elements_order":"","neve_meta_disable_header":"","neve_meta_disable_footer":"","neve_meta_disable_title":"","_themeisle_gutenberg_block_has_review":false,"footnotes":""},"class_list":["post-535","page","type-page","status-publish","has-post-thumbnail","hentry"],"yoast_head":"<!-- This site is optimized with the Yoast SEO plugin v27.5 - https:\/\/yoast.com\/product\/yoast-seo-wordpress\/ -->\n<title>Gymnastik - TSV Ettlingen<\/title>\n<meta name=\"description\" content=\"F\u00fcr jede\/n was dabei! Die verschiedenen Gymnastikgruppen bieten ihren Teilnehmerinnen und Teilnehmern ein ganzheitliches Trainingsprogramm.\" \/>\n<meta name=\"robots\" content=\"index, follow, max-snippet:-1, max-image-preview:large, max-video-preview:-1\" \/>\n<link rel=\"canonical\" href=\"https:\/\/tsv-ettlingen.de\/tsv\/sportangebot\/gymnastik\" \/>\n<meta property=\"og:locale\" content=\"de_DE\" \/>\n<meta property=\"og:type\" content=\"article\" \/>\n<meta property=\"og:title\" content=\"Gymnastik - TSV Ettlingen\" \/>\n<meta property=\"og:description\" content=\"F\u00fcr jede\/n was dabei! Die verschiedenen Gymnastikgruppen bieten ihren Teilnehmerinnen und Teilnehmern ein ganzheitliches Trainingsprogramm.\" \/>\n<meta property=\"og:url\" content=\"https:\/\/tsv-ettlingen.de\/tsv\/sportangebot\/gymnastik\" \/>\n<meta property=\"og:site_name\" content=\"TSV Ettlingen\" \/>\n<meta property=\"article:modified_time\" content=\"2025-07-06T14:32:00+00:00\" \/>\n<meta property=\"og:image\" content=\"https:\/\/tsv-ettlingen.de\/tsv\/wp-content\/uploads\/2021\/10\/Website_icons_Gymnastik2.png\" \/>\n\t<meta property=\"og:image:width\" content=\"2001\" \/>\n\t<meta property=\"og:image:height\" content=\"2001\" \/>\n\t<meta property=\"og:image:type\" content=\"image\/png\" \/>\n<meta name=\"twitter:card\" content=\"summary_large_image\" \/>\n<meta name=\"twitter:label1\" content=\"Gesch\u00e4tzte Lesezeit\" \/>\n\t<meta name=\"twitter:data1\" content=\"4\u00a0Minuten\" \/>\n<script type=\"application\/ld+json\" class=\"yoast-schema-graph\">{\"@context\":\"https:\\\/\\\/schema.org\",\"@graph\":[{\"@type\":\"WebPage\",\"@id\":\"https:\\\/\\\/tsv-ettlingen.de\\\/tsv\\\/sportangebot\\\/gymnastik\",\"url\":\"https:\\\/\\\/tsv-ettlingen.de\\\/tsv\\\/sportangebot\\\/gymnastik\",\"name\":\"Gymnastik - TSV Ettlingen\",\"isPartOf\":{\"@id\":\"https:\\\/\\\/tsv-ettlingen.de\\\/tsv\\\/#website\"},\"primaryImageOfPage\":{\"@id\":\"https:\\\/\\\/tsv-ettlingen.de\\\/tsv\\\/sportangebot\\\/gymnastik#primaryimage\"},\"image\":{\"@id\":\"https:\\\/\\\/tsv-ettlingen.de\\\/tsv\\\/sportangebot\\\/gymnastik#primaryimage\"},\"thumbnailUrl\":\"https:\\\/\\\/tsv-ettlingen.de\\\/tsv\\\/wp-content\\\/uploads\\\/2021\\\/10\\\/Website_icons_Gymnastik2.png\",\"datePublished\":\"2021-10-25T16:55:06+00:00\",\"dateModified\":\"2025-07-06T14:32:00+00:00\",\"description\":\"F\u00fcr jede\\\/n was dabei! Die verschiedenen Gymnastikgruppen bieten ihren Teilnehmerinnen und Teilnehmern ein ganzheitliches Trainingsprogramm.\",\"breadcrumb\":{\"@id\":\"https:\\\/\\\/tsv-ettlingen.de\\\/tsv\\\/sportangebot\\\/gymnastik#breadcrumb\"},\"inLanguage\":\"de\",\"potentialAction\":[{\"@type\":\"ReadAction\",\"target\":[\"https:\\\/\\\/tsv-ettlingen.de\\\/tsv\\\/sportangebot\\\/gymnastik\"]}]},{\"@type\":\"ImageObject\",\"inLanguage\":\"de\",\"@id\":\"https:\\\/\\\/tsv-ettlingen.de\\\/tsv\\\/sportangebot\\\/gymnastik#primaryimage\",\"url\":\"https:\\\/\\\/tsv-ettlingen.de\\\/tsv\\\/wp-content\\\/uploads\\\/2021\\\/10\\\/Website_icons_Gymnastik2.png\",\"contentUrl\":\"https:\\\/\\\/tsv-ettlingen.de\\\/tsv\\\/wp-content\\\/uploads\\\/2021\\\/10\\\/Website_icons_Gymnastik2.png\",\"width\":2001,\"height\":2001},{\"@type\":\"BreadcrumbList\",\"@id\":\"https:\\\/\\\/tsv-ettlingen.de\\\/tsv\\\/sportangebot\\\/gymnastik#breadcrumb\",\"itemListElement\":[{\"@type\":\"ListItem\",\"position\":1,\"name\":\"Startseite\",\"item\":\"https:\\\/\\\/tsv-ettlingen.de\\\/tsv\\\/\"},{\"@type\":\"ListItem\",\"position\":2,\"name\":\"Sportangebot\",\"item\":\"https:\\\/\\\/tsv-ettlingen.de\\\/tsv\\\/sportangebot\"},{\"@type\":\"ListItem\",\"position\":3,\"name\":\"Gymnastik\"}]},{\"@type\":\"WebSite\",\"@id\":\"https:\\\/\\\/tsv-ettlingen.de\\\/tsv\\\/#website\",\"url\":\"https:\\\/\\\/tsv-ettlingen.de\\\/tsv\\\/\",\"name\":\"TSV Ettlingen\",\"description\":\"Zusammenhalt leben!\",\"publisher\":{\"@id\":\"https:\\\/\\\/tsv-ettlingen.de\\\/tsv\\\/#organization\"},\"potentialAction\":[{\"@type\":\"SearchAction\",\"target\":{\"@type\":\"EntryPoint\",\"urlTemplate\":\"https:\\\/\\\/tsv-ettlingen.de\\\/tsv\\\/?s={search_term_string}\"},\"query-input\":{\"@type\":\"PropertyValueSpecification\",\"valueRequired\":true,\"valueName\":\"search_term_string\"}}],\"inLanguage\":\"de\"},{\"@type\":\"Organization\",\"@id\":\"https:\\\/\\\/tsv-ettlingen.de\\\/tsv\\\/#organization\",\"name\":\"TSV Ettlingen e.V.\",\"url\":\"https:\\\/\\\/tsv-ettlingen.de\\\/tsv\\\/\",\"logo\":{\"@type\":\"ImageObject\",\"inLanguage\":\"de\",\"@id\":\"https:\\\/\\\/tsv-ettlingen.de\\\/tsv\\\/#\\\/schema\\\/logo\\\/image\\\/\",\"url\":\"https:\\\/\\\/tsv-ettlingen.de\\\/tsv\\\/wp-content\\\/uploads\\\/2021\\\/05\\\/LOGO_Farbe.jpg\",\"contentUrl\":\"https:\\\/\\\/tsv-ettlingen.de\\\/tsv\\\/wp-content\\\/uploads\\\/2021\\\/05\\\/LOGO_Farbe.jpg\",\"width\":2008,\"height\":1181,\"caption\":\"TSV Ettlingen e.V.\"},\"image\":{\"@id\":\"https:\\\/\\\/tsv-ettlingen.de\\\/tsv\\\/#\\\/schema\\\/logo\\\/image\\\/\"},\"sameAs\":[\"https:\\\/\\\/www.instagram.com\\\/tsv_ettlingen\\\/\"]}]}<\/script>\n<!-- \/ Yoast SEO plugin. -->","yoast_head_json":{"title":"Gymnastik - TSV Ettlingen","description":"F\u00fcr jede\/n was dabei! Die verschiedenen Gymnastikgruppen bieten ihren Teilnehmerinnen und Teilnehmern ein ganzheitliches Trainingsprogramm.","robots":{"index":"index","follow":"follow","max-snippet":"max-snippet:-1","max-image-preview":"max-image-preview:large","max-video-preview":"max-video-preview:-1"},"canonical":"https:\/\/tsv-ettlingen.de\/tsv\/sportangebot\/gymnastik","og_locale":"de_DE","og_type":"article","og_title":"Gymnastik - TSV Ettlingen","og_description":"F\u00fcr jede\/n was dabei! Die verschiedenen Gymnastikgruppen bieten ihren Teilnehmerinnen und Teilnehmern ein ganzheitliches Trainingsprogramm.","og_url":"https:\/\/tsv-ettlingen.de\/tsv\/sportangebot\/gymnastik","og_site_name":"TSV Ettlingen","article_modified_time":"2025-07-06T14:32:00+00:00","og_image":[{"width":2001,"height":2001,"url":"https:\/\/tsv-ettlingen.de\/tsv\/wp-content\/uploads\/2021\/10\/Website_icons_Gymnastik2.png","type":"image\/png"}],"twitter_card":"summary_large_image","twitter_misc":{"Gesch\u00e4tzte Lesezeit":"4\u00a0Minuten"},"schema":{"@context":"https:\/\/schema.org","@graph":[{"@type":"WebPage","@id":"https:\/\/tsv-ettlingen.de\/tsv\/sportangebot\/gymnastik","url":"https:\/\/tsv-ettlingen.de\/tsv\/sportangebot\/gymnastik","name":"Gymnastik - TSV Ettlingen","isPartOf":{"@id":"https:\/\/tsv-ettlingen.de\/tsv\/#website"},"primaryImageOfPage":{"@id":"https:\/\/tsv-ettlingen.de\/tsv\/sportangebot\/gymnastik#primaryimage"},"image":{"@id":"https:\/\/tsv-ettlingen.de\/tsv\/sportangebot\/gymnastik#primaryimage"},"thumbnailUrl":"https:\/\/tsv-ettlingen.de\/tsv\/wp-content\/uploads\/2021\/10\/Website_icons_Gymnastik2.png","datePublished":"2021-10-25T16:55:06+00:00","dateModified":"2025-07-06T14:32:00+00:00","description":"F\u00fcr jede\/n was dabei! Die verschiedenen Gymnastikgruppen bieten ihren Teilnehmerinnen und Teilnehmern ein ganzheitliches Trainingsprogramm.","breadcrumb":{"@id":"https:\/\/tsv-ettlingen.de\/tsv\/sportangebot\/gymnastik#breadcrumb"},"inLanguage":"de","potentialAction":[{"@type":"ReadAction","target":["https:\/\/tsv-ettlingen.de\/tsv\/sportangebot\/gymnastik"]}]},{"@type":"ImageObject","inLanguage":"de","@id":"https:\/\/tsv-ettlingen.de\/tsv\/sportangebot\/gymnastik#primaryimage","url":"https:\/\/tsv-ettlingen.de\/tsv\/wp-content\/uploads\/2021\/10\/Website_icons_Gymnastik2.png","contentUrl":"https:\/\/tsv-ettlingen.de\/tsv\/wp-content\/uploads\/2021\/10\/Website_icons_Gymnastik2.png","width":2001,"height":2001},{"@type":"BreadcrumbList","@id":"https:\/\/tsv-ettlingen.de\/tsv\/sportangebot\/gymnastik#breadcrumb","itemListElement":[{"@type":"ListItem","position":1,"name":"Startseite","item":"https:\/\/tsv-ettlingen.de\/tsv\/"},{"@type":"ListItem","position":2,"name":"Sportangebot","item":"https:\/\/tsv-ettlingen.de\/tsv\/sportangebot"},{"@type":"ListItem","position":3,"name":"Gymnastik"}]},{"@type":"WebSite","@id":"https:\/\/tsv-ettlingen.de\/tsv\/#website","url":"https:\/\/tsv-ettlingen.de\/tsv\/","name":"TSV Ettlingen","description":"Zusammenhalt leben!","publisher":{"@id":"https:\/\/tsv-ettlingen.de\/tsv\/#organization"},"potentialAction":[{"@type":"SearchAction","target":{"@type":"EntryPoint","urlTemplate":"https:\/\/tsv-ettlingen.de\/tsv\/?s={search_term_string}"},"query-input":{"@type":"PropertyValueSpecification","valueRequired":true,"valueName":"search_term_string"}}],"inLanguage":"de"},{"@type":"Organization","@id":"https:\/\/tsv-ettlingen.de\/tsv\/#organization","name":"TSV Ettlingen e.V.","url":"https:\/\/tsv-ettlingen.de\/tsv\/","logo":{"@type":"ImageObject","inLanguage":"de","@id":"https:\/\/tsv-ettlingen.de\/tsv\/#\/schema\/logo\/image\/","url":"https:\/\/tsv-ettlingen.de\/tsv\/wp-content\/uploads\/2021\/05\/LOGO_Farbe.jpg","contentUrl":"https:\/\/tsv-ettlingen.de\/tsv\/wp-content\/uploads\/2021\/05\/LOGO_Farbe.jpg","width":2008,"height":1181,"caption":"TSV Ettlingen e.V."},"image":{"@id":"https:\/\/tsv-ettlingen.de\/tsv\/#\/schema\/logo\/image\/"},"sameAs":["https:\/\/www.instagram.com\/tsv_ettlingen\/"]}]}},"_links":{"self":[{"href":"https:\/\/tsv-ettlingen.de\/tsv\/wp-json\/wp\/v2\/pages\/535","targetHints":{"allow":["GET"]}}],"collection":[{"href":"https:\/\/tsv-ettlingen.de\/tsv\/wp-json\/wp\/v2\/pages"}],"about":[{"href":"https:\/\/tsv-ettlingen.de\/tsv\/wp-json\/wp\/v2\/types\/page"}],"author":[{"embeddable":true,"href":"https:\/\/tsv-ettlingen.de\/tsv\/wp-json\/wp\/v2\/users\/1"}],"replies":[{"embeddable":true,"href":"https:\/\/tsv-ettlingen.de\/tsv\/wp-json\/wp\/v2\/comments?post=535"}],"version-history":[{"count":65,"href":"https:\/\/tsv-ettlingen.de\/tsv\/wp-json\/wp\/v2\/pages\/535\/revisions"}],"predecessor-version":[{"id":4770,"href":"https:\/\/tsv-ettlingen.de\/tsv\/wp-json\/wp\/v2\/pages\/535\/revisions\/4770"}],"up":[{"embeddable":true,"href":"https:\/\/tsv-ettlingen.de\/tsv\/wp-json\/wp\/v2\/pages\/262"}],"wp:featuredmedia":[{"embeddable":true,"href":"https:\/\/tsv-ettlingen.de\/tsv\/wp-json\/wp\/v2\/media\/516"}],"wp:attachment":[{"href":"https:\/\/tsv-ettlingen.de\/tsv\/wp-json\/wp\/v2\/media?parent=535"}],"curies":[{"name":"wp","href":"https:\/\/api.w.org\/{rel}","templated":true}]}}