{"id":567,"date":"2021-11-09T21:21:28","date_gmt":"2021-11-09T20:21:28","guid":{"rendered":"https:\/\/tsvettlingen.live-website.com\/?page_id=567"},"modified":"2024-10-08T20:57:38","modified_gmt":"2024-10-08T18:57:38","slug":"freizeit-fussball","status":"publish","type":"page","link":"https:\/\/tsv-ettlingen.de\/tsv\/sportangebot\/freizeit-fussball","title":{"rendered":"Freizeit-Fu\u00dfball"},"content":{"rendered":"\n<div id=\"wp-block-themeisle-blocks-advanced-columns-50d76ec4\" class=\"wp-block-themeisle-blocks-advanced-columns alignfull has-1-columns has-desktop-equal-layout has-tablet-equal-layout has-mobile-equal-layout has-vertical-center has-dark-bg\"><div class=\"wp-block-themeisle-blocks-advanced-columns-overlay\"><\/div><div class=\"innerblocks-wrap\">\n<div id=\"wp-block-themeisle-blocks-advanced-column-4d049713\" class=\"wp-block-themeisle-blocks-advanced-column\">\n<h1 id=\"wp-block-themeisle-blocks-advanced-heading-706f65a4\" class=\"wp-block-themeisle-blocks-advanced-heading wp-block-themeisle-blocks-advanced-heading-706f65a4\">Freizeit-Fu\u00dfball<\/h1>\n<\/div>\n<\/div><\/div>\n\n\n\n<div id=\"wp-block-themeisle-blocks-advanced-columns-f3a16c43\" class=\"wp-block-themeisle-blocks-advanced-columns has-1-columns has-desktop-equal-layout has-tablet-equal-layout has-mobile-equal-layout has-vertical-unset\"><div class=\"wp-block-themeisle-blocks-advanced-columns-overlay\"><\/div><div class=\"innerblocks-wrap\">\n<div id=\"wp-block-themeisle-blocks-advanced-column-82fe865d\" class=\"wp-block-themeisle-blocks-advanced-column\"><div class=\"breadcrumbs align  wp-block-bcn-breadcrumb-trail has-text-color has-background\" vocab=\"https:\/\/schema.org\/\" typeof=\"BreadcrumbList\">\n\t<span><\/span>\n\t<span property=\"itemListElement\" typeof=\"ListItem\"><a property=\"item\" typeof=\"WebPage\" title=\"Gehe zu TSV Ettlingen.\" href=\"https:\/\/tsv-ettlingen.de\/tsv\" class=\"home\" ><span property=\"name\">TSV Ettlingen<\/span><\/a><meta property=\"position\" content=\"1\"><\/span> &gt; <span property=\"itemListElement\" typeof=\"ListItem\"><a property=\"item\" typeof=\"WebPage\" title=\"Gehe zu Beitr\u00e4ge.\" href=\"https:\/\/tsv-ettlingen.de\/tsv\/beitraege\" class=\"post-root post post-post\" aria-current=\"page\"><span property=\"name\">Beitr\u00e4ge<\/span><\/a><meta property=\"position\" content=\"2\"><\/span><\/div>\n<\/div>\n<\/div><\/div>\n\n\n\n<section id=\"wp-block-themeisle-blocks-advanced-columns-e4373a2b\" class=\"wp-block-themeisle-blocks-advanced-columns has-1-columns has-desktop-equal-layout has-tablet-equal-layout has-mobile-equal-layout has-vertical-flex-start\"><div class=\"wp-block-themeisle-blocks-advanced-columns-overlay\"><\/div><div class=\"innerblocks-wrap\">\n<div id=\"wp-block-themeisle-blocks-advanced-column-0b9db5af\" class=\"wp-block-themeisle-blocks-advanced-column\">\n<section id=\"wp-block-themeisle-blocks-advanced-columns-62d68e08\" class=\"wp-block-themeisle-blocks-advanced-columns has-1-columns has-desktop-equal-layout has-tablet-equal-layout has-mobile-equal-layout has-vertical-center\"><div class=\"wp-block-themeisle-blocks-advanced-columns-overlay\"><\/div><div class=\"innerblocks-wrap\">\n<div id=\"wp-block-themeisle-blocks-advanced-column-ba020b38\" class=\"wp-block-themeisle-blocks-advanced-column\">\n<span id=\"wp-block-themeisle-blocks-advanced-heading-c3d9ae2d\" class=\"wp-block-themeisle-blocks-advanced-heading wp-block-themeisle-blocks-advanced-heading-c3d9ae2d\"><strong>GUT GELAUNTE M\u00c4NNERTRUPPE<\/strong><\/span>\n\n\n\n<h2 class=\"wp-block-heading\" id=\"freizeit-fussball\">Freizeit-Fu\u00dfball<\/h2>\n\n\n\n<p>Wenn man freitagabends auf eine gut gelaunte M\u00e4nnertruppe trifft, kann es sich eigentlich nur um die Freizeit-Fu\u00dfballer vom TSV handeln.  Hier trifft sich Alt und Jung \u2013 ohne den Stress der Verbandsspiele \u2013 regelm\u00e4\u00dfig zum gemeinsamen Fu\u00dfball spielen. Hier kann jeder vorbeikommen und mitspielen. <\/p>\n\n\n\n<p>Am Training nehmen zwischen acht und 15 Spieler im Alter von 25 bis 60 Jahren teil. Die Mannschaft beschr\u00e4nkt sich auf das ein oder andere Er\u00f6ffnungsspiel bei Sportfesten oder spielt manchmal bei einem Kleinfeldturnier mit.<\/p>\n<\/div>\n<\/div><\/section>\n\n\n\n<section id=\"wp-block-themeisle-blocks-advanced-columns-6fc7adce\" class=\"wp-block-themeisle-blocks-advanced-columns has-3-columns has-desktop-equal-layout has-tablet-equal-layout has-mobile-collapsedRows-layout has-vertical-flex-start\"><div class=\"wp-block-themeisle-blocks-advanced-columns-overlay\"><\/div><div class=\"innerblocks-wrap\">\n<div id=\"wp-block-themeisle-blocks-advanced-column-b5b3ad1c\" class=\"wp-block-themeisle-blocks-advanced-column\"><div class=\"wp-block-image\">\n<figure class=\"aligncenter size-full\"><img loading=\"lazy\" decoding=\"async\" width=\"360\" height=\"236\" src=\"http:\/\/tsv-ettlingen.de\/tsv\/wp-content\/uploads\/1935-36_Meisterelf_FV.EttlingenSpinnerei_360x236px.jpg\" alt=\"Meistermannschaft von 1935-36\" class=\"wp-image-582\" srcset=\"https:\/\/tsv-ettlingen.de\/tsv\/wp-content\/uploads\/1935-36_Meisterelf_FV.EttlingenSpinnerei_360x236px.jpg 360w, https:\/\/tsv-ettlingen.de\/tsv\/wp-content\/uploads\/1935-36_Meisterelf_FV.EttlingenSpinnerei_360x236px-300x197.jpg 300w\" sizes=\"auto, (max-width: 360px) 100vw, 360px\" \/><\/figure>\n<\/div><\/div>\n\n\n\n<div id=\"wp-block-themeisle-blocks-advanced-column-6be03cf4\" class=\"wp-block-themeisle-blocks-advanced-column\"><div class=\"wp-block-image\">\n<figure class=\"aligncenter size-full\"><img loading=\"lazy\" decoding=\"async\" width=\"360\" height=\"360\" src=\"http:\/\/tsv-ettlingen.de\/tsv\/wp-content\/uploads\/Logo-1913_360x360px.png\" alt=\"TSV Ettlingen Spinnerei 1913 Logo\" class=\"wp-image-581\" srcset=\"https:\/\/tsv-ettlingen.de\/tsv\/wp-content\/uploads\/Logo-1913_360x360px.png 360w, https:\/\/tsv-ettlingen.de\/tsv\/wp-content\/uploads\/Logo-1913_360x360px-300x300.png 300w, https:\/\/tsv-ettlingen.de\/tsv\/wp-content\/uploads\/Logo-1913_360x360px-150x150.png 150w\" sizes=\"auto, (max-width: 360px) 100vw, 360px\" \/><\/figure>\n<\/div><\/div>\n\n\n\n<div id=\"wp-block-themeisle-blocks-advanced-column-25e97a9a\" class=\"wp-block-themeisle-blocks-advanced-column\"><div class=\"wp-block-image\">\n<figure class=\"aligncenter size-full\"><img loading=\"lazy\" decoding=\"async\" width=\"360\" height=\"257\" src=\"http:\/\/tsv-ettlingen.de\/tsv\/wp-content\/uploads\/fussball_360x257px.jpg\" alt=\"Freizeit-Fu\u00dfballmannschaft\" class=\"wp-image-579\" srcset=\"https:\/\/tsv-ettlingen.de\/tsv\/wp-content\/uploads\/fussball_360x257px.jpg 360w, https:\/\/tsv-ettlingen.de\/tsv\/wp-content\/uploads\/fussball_360x257px-300x214.jpg 300w\" sizes=\"auto, (max-width: 360px) 100vw, 360px\" \/><\/figure>\n<\/div><\/div>\n<\/div><\/section>\n\n\n\n<div id=\"wp-block-themeisle-blocks-advanced-columns-708d3536\" class=\"wp-block-themeisle-blocks-advanced-columns has-2-columns has-desktop-equal-layout has-tablet-equal-layout has-mobile-collapsedRows-layout has-vertical-unset has-default-gap\"><div class=\"wp-block-themeisle-blocks-advanced-columns-overlay\"><\/div><div class=\"innerblocks-wrap\">\n<div id=\"wp-block-themeisle-blocks-advanced-column-849305f6\" class=\"wp-block-themeisle-blocks-advanced-column\">\n<hr class=\"wp-block-separator has-css-opacity is-style-wide\"\/>\n\n\n\n<p class=\"has-text-align-center\"><strong>Ansprechpartner: <\/strong> <\/p>\n\n\n\n<p class=\"has-text-align-center\">Hanno Engelmann<br>Tel: 07243 597799<br>E-Mail: <a href=\"mailto:fussball@tsv-ettlingen.de\" target=\"_blank\" rel=\"noreferrer noopener\">fussball@tsv-ettlingen.de<\/a><\/p>\n<\/div>\n\n\n\n<div id=\"wp-block-themeisle-blocks-advanced-column-5d0ed9fc\" class=\"wp-block-themeisle-blocks-advanced-column\">\n<hr class=\"wp-block-separator has-alpha-channel-opacity is-style-wide\" id=\"block-92489361-066b-4c00-baf1-0bd4a1b8d31e\"\/>\n\n\n\n<p class=\"has-text-align-center\" id=\"block-14954f17-f56c-4572-82f8-c454e277d431\"><strong>Training:<\/strong><\/p>\n\n\n\n<p class=\"has-text-align-center\" id=\"block-14954f17-f56c-4572-82f8-c454e277d431\">Hellbergsporthalle, Sch\u00f6llbronnerstra\u00dfe 78<br>Wenn das Wetter mitspielt, wird drau\u00dfen trainiert.<\/p>\n\n\n\n<div id=\"wp-block-themeisle-blocks-button-group-52703406\" class=\"wp-block-themeisle-blocks-button-group wp-block-buttons align-center-desktop\">\n<div id=\"wp-block-themeisle-blocks-button-1608cac8\" class=\"wp-block-themeisle-blocks-button wp-block-button\"><a target=\"_self\" rel=\"noopener noreferrer\" class=\"wp-block-button__link\"><i class=\"far fa-fw fa-clock margin-right\"><\/i><span> Freitag, 19:00 &#8211; 20:30 Uhr <\/span><\/a><\/div>\n<\/div>\n<\/div>\n<\/div><\/div>\n<\/div>\n<\/div><\/section>\n\n\n\n<hr class=\"wp-block-separator has-alpha-channel-opacity is-style-wide\"\/>\n","protected":false},"excerpt":{"rendered":"","protected":false},"author":1,"featured_media":474,"parent":262,"menu_order":0,"comment_status":"closed","ping_status":"closed","template":"page-templates\/template-pagebuilder-full-width.php","meta":{"neve_meta_sidebar":"full-width","neve_meta_container":"","neve_meta_enable_content_width":"on","neve_meta_content_width":100,"neve_meta_title_alignment":"","neve_meta_author_avatar":"","neve_post_elements_order":"","neve_meta_disable_header":"","neve_meta_disable_footer":"","neve_meta_disable_title":"","_themeisle_gutenberg_block_has_review":false,"footnotes":""},"class_list":["post-567","page","type-page","status-publish","has-post-thumbnail","hentry"],"yoast_head":"<!-- This site is optimized with the Yoast SEO plugin v27.4 - https:\/\/yoast.com\/product\/yoast-seo-wordpress\/ -->\n<title>Freizeit-Fu\u00dfball - TSV Ettlingen<\/title>\n<meta name=\"description\" content=\"Wenn man freitagabends auf eine gut gelaunte M\u00e4nnertruppe trifft, kann es sich eigentlich nur um die Freizeit-Fu\u00dfballer vom TSV handeln.\" \/>\n<meta name=\"robots\" content=\"index, follow, max-snippet:-1, max-image-preview:large, max-video-preview:-1\" \/>\n<link rel=\"canonical\" href=\"https:\/\/tsv-ettlingen.de\/tsv\/sportangebot\/freizeit-fussball\" \/>\n<meta property=\"og:locale\" content=\"de_DE\" \/>\n<meta property=\"og:type\" content=\"article\" \/>\n<meta property=\"og:title\" content=\"Freizeit-Fu\u00dfball - TSV Ettlingen\" \/>\n<meta property=\"og:description\" content=\"Wenn man freitagabends auf eine gut gelaunte M\u00e4nnertruppe trifft, kann es sich eigentlich nur um die Freizeit-Fu\u00dfballer vom TSV handeln.\" \/>\n<meta property=\"og:url\" content=\"https:\/\/tsv-ettlingen.de\/tsv\/sportangebot\/freizeit-fussball\" \/>\n<meta property=\"og:site_name\" content=\"TSV Ettlingen\" \/>\n<meta property=\"article:modified_time\" content=\"2024-10-08T18:57:38+00:00\" \/>\n<meta property=\"og:image\" content=\"https:\/\/tsv-ettlingen.de\/tsv\/wp-content\/uploads\/2021\/08\/Website_icons_Fussball.png\" \/>\n\t<meta property=\"og:image:width\" content=\"2001\" \/>\n\t<meta property=\"og:image:height\" content=\"2001\" \/>\n\t<meta property=\"og:image:type\" content=\"image\/png\" \/>\n<meta name=\"twitter:card\" content=\"summary_large_image\" \/>\n<meta name=\"twitter:label1\" content=\"Gesch\u00e4tzte Lesezeit\" \/>\n\t<meta name=\"twitter:data1\" content=\"2\u00a0Minuten\" \/>\n<script type=\"application\/ld+json\" class=\"yoast-schema-graph\">{\"@context\":\"https:\\\/\\\/schema.org\",\"@graph\":[{\"@type\":\"WebPage\",\"@id\":\"https:\\\/\\\/tsv-ettlingen.de\\\/tsv\\\/sportangebot\\\/freizeit-fussball\",\"url\":\"https:\\\/\\\/tsv-ettlingen.de\\\/tsv\\\/sportangebot\\\/freizeit-fussball\",\"name\":\"Freizeit-Fu\u00dfball - TSV Ettlingen\",\"isPartOf\":{\"@id\":\"https:\\\/\\\/tsv-ettlingen.de\\\/tsv\\\/#website\"},\"primaryImageOfPage\":{\"@id\":\"https:\\\/\\\/tsv-ettlingen.de\\\/tsv\\\/sportangebot\\\/freizeit-fussball#primaryimage\"},\"image\":{\"@id\":\"https:\\\/\\\/tsv-ettlingen.de\\\/tsv\\\/sportangebot\\\/freizeit-fussball#primaryimage\"},\"thumbnailUrl\":\"https:\\\/\\\/tsv-ettlingen.de\\\/tsv\\\/wp-content\\\/uploads\\\/2021\\\/08\\\/Website_icons_Fussball.png\",\"datePublished\":\"2021-11-09T20:21:28+00:00\",\"dateModified\":\"2024-10-08T18:57:38+00:00\",\"description\":\"Wenn man freitagabends auf eine gut gelaunte M\u00e4nnertruppe trifft, kann es sich eigentlich nur um die Freizeit-Fu\u00dfballer vom TSV handeln.\",\"breadcrumb\":{\"@id\":\"https:\\\/\\\/tsv-ettlingen.de\\\/tsv\\\/sportangebot\\\/freizeit-fussball#breadcrumb\"},\"inLanguage\":\"de\",\"potentialAction\":[{\"@type\":\"ReadAction\",\"target\":[\"https:\\\/\\\/tsv-ettlingen.de\\\/tsv\\\/sportangebot\\\/freizeit-fussball\"]}]},{\"@type\":\"ImageObject\",\"inLanguage\":\"de\",\"@id\":\"https:\\\/\\\/tsv-ettlingen.de\\\/tsv\\\/sportangebot\\\/freizeit-fussball#primaryimage\",\"url\":\"https:\\\/\\\/tsv-ettlingen.de\\\/tsv\\\/wp-content\\\/uploads\\\/2021\\\/08\\\/Website_icons_Fussball.png\",\"contentUrl\":\"https:\\\/\\\/tsv-ettlingen.de\\\/tsv\\\/wp-content\\\/uploads\\\/2021\\\/08\\\/Website_icons_Fussball.png\",\"width\":2001,\"height\":2001},{\"@type\":\"BreadcrumbList\",\"@id\":\"https:\\\/\\\/tsv-ettlingen.de\\\/tsv\\\/sportangebot\\\/freizeit-fussball#breadcrumb\",\"itemListElement\":[{\"@type\":\"ListItem\",\"position\":1,\"name\":\"Startseite\",\"item\":\"https:\\\/\\\/tsv-ettlingen.de\\\/tsv\\\/\"},{\"@type\":\"ListItem\",\"position\":2,\"name\":\"Sportangebot\",\"item\":\"https:\\\/\\\/tsv-ettlingen.de\\\/tsv\\\/sportangebot\"},{\"@type\":\"ListItem\",\"position\":3,\"name\":\"Freizeit-Fu\u00dfball\"}]},{\"@type\":\"WebSite\",\"@id\":\"https:\\\/\\\/tsv-ettlingen.de\\\/tsv\\\/#website\",\"url\":\"https:\\\/\\\/tsv-ettlingen.de\\\/tsv\\\/\",\"name\":\"TSV Ettlingen\",\"description\":\"Zusammenhalt leben!\",\"publisher\":{\"@id\":\"https:\\\/\\\/tsv-ettlingen.de\\\/tsv\\\/#organization\"},\"potentialAction\":[{\"@type\":\"SearchAction\",\"target\":{\"@type\":\"EntryPoint\",\"urlTemplate\":\"https:\\\/\\\/tsv-ettlingen.de\\\/tsv\\\/?s={search_term_string}\"},\"query-input\":{\"@type\":\"PropertyValueSpecification\",\"valueRequired\":true,\"valueName\":\"search_term_string\"}}],\"inLanguage\":\"de\"},{\"@type\":\"Organization\",\"@id\":\"https:\\\/\\\/tsv-ettlingen.de\\\/tsv\\\/#organization\",\"name\":\"TSV Ettlingen e.V.\",\"url\":\"https:\\\/\\\/tsv-ettlingen.de\\\/tsv\\\/\",\"logo\":{\"@type\":\"ImageObject\",\"inLanguage\":\"de\",\"@id\":\"https:\\\/\\\/tsv-ettlingen.de\\\/tsv\\\/#\\\/schema\\\/logo\\\/image\\\/\",\"url\":\"https:\\\/\\\/tsv-ettlingen.de\\\/tsv\\\/wp-content\\\/uploads\\\/2021\\\/05\\\/LOGO_Farbe.jpg\",\"contentUrl\":\"https:\\\/\\\/tsv-ettlingen.de\\\/tsv\\\/wp-content\\\/uploads\\\/2021\\\/05\\\/LOGO_Farbe.jpg\",\"width\":2008,\"height\":1181,\"caption\":\"TSV Ettlingen e.V.\"},\"image\":{\"@id\":\"https:\\\/\\\/tsv-ettlingen.de\\\/tsv\\\/#\\\/schema\\\/logo\\\/image\\\/\"},\"sameAs\":[\"https:\\\/\\\/www.instagram.com\\\/tsv_ettlingen\\\/\"]}]}<\/script>\n<!-- \/ Yoast SEO plugin. -->","yoast_head_json":{"title":"Freizeit-Fu\u00dfball - TSV Ettlingen","description":"Wenn man freitagabends auf eine gut gelaunte M\u00e4nnertruppe trifft, kann es sich eigentlich nur um die Freizeit-Fu\u00dfballer vom TSV handeln.","robots":{"index":"index","follow":"follow","max-snippet":"max-snippet:-1","max-image-preview":"max-image-preview:large","max-video-preview":"max-video-preview:-1"},"canonical":"https:\/\/tsv-ettlingen.de\/tsv\/sportangebot\/freizeit-fussball","og_locale":"de_DE","og_type":"article","og_title":"Freizeit-Fu\u00dfball - TSV Ettlingen","og_description":"Wenn man freitagabends auf eine gut gelaunte M\u00e4nnertruppe trifft, kann es sich eigentlich nur um die Freizeit-Fu\u00dfballer vom TSV handeln.","og_url":"https:\/\/tsv-ettlingen.de\/tsv\/sportangebot\/freizeit-fussball","og_site_name":"TSV Ettlingen","article_modified_time":"2024-10-08T18:57:38+00:00","og_image":[{"width":2001,"height":2001,"url":"https:\/\/tsv-ettlingen.de\/tsv\/wp-content\/uploads\/2021\/08\/Website_icons_Fussball.png","type":"image\/png"}],"twitter_card":"summary_large_image","twitter_misc":{"Gesch\u00e4tzte Lesezeit":"2\u00a0Minuten"},"schema":{"@context":"https:\/\/schema.org","@graph":[{"@type":"WebPage","@id":"https:\/\/tsv-ettlingen.de\/tsv\/sportangebot\/freizeit-fussball","url":"https:\/\/tsv-ettlingen.de\/tsv\/sportangebot\/freizeit-fussball","name":"Freizeit-Fu\u00dfball - TSV Ettlingen","isPartOf":{"@id":"https:\/\/tsv-ettlingen.de\/tsv\/#website"},"primaryImageOfPage":{"@id":"https:\/\/tsv-ettlingen.de\/tsv\/sportangebot\/freizeit-fussball#primaryimage"},"image":{"@id":"https:\/\/tsv-ettlingen.de\/tsv\/sportangebot\/freizeit-fussball#primaryimage"},"thumbnailUrl":"https:\/\/tsv-ettlingen.de\/tsv\/wp-content\/uploads\/2021\/08\/Website_icons_Fussball.png","datePublished":"2021-11-09T20:21:28+00:00","dateModified":"2024-10-08T18:57:38+00:00","description":"Wenn man freitagabends auf eine gut gelaunte M\u00e4nnertruppe trifft, kann es sich eigentlich nur um die Freizeit-Fu\u00dfballer vom TSV handeln.","breadcrumb":{"@id":"https:\/\/tsv-ettlingen.de\/tsv\/sportangebot\/freizeit-fussball#breadcrumb"},"inLanguage":"de","potentialAction":[{"@type":"ReadAction","target":["https:\/\/tsv-ettlingen.de\/tsv\/sportangebot\/freizeit-fussball"]}]},{"@type":"ImageObject","inLanguage":"de","@id":"https:\/\/tsv-ettlingen.de\/tsv\/sportangebot\/freizeit-fussball#primaryimage","url":"https:\/\/tsv-ettlingen.de\/tsv\/wp-content\/uploads\/2021\/08\/Website_icons_Fussball.png","contentUrl":"https:\/\/tsv-ettlingen.de\/tsv\/wp-content\/uploads\/2021\/08\/Website_icons_Fussball.png","width":2001,"height":2001},{"@type":"BreadcrumbList","@id":"https:\/\/tsv-ettlingen.de\/tsv\/sportangebot\/freizeit-fussball#breadcrumb","itemListElement":[{"@type":"ListItem","position":1,"name":"Startseite","item":"https:\/\/tsv-ettlingen.de\/tsv\/"},{"@type":"ListItem","position":2,"name":"Sportangebot","item":"https:\/\/tsv-ettlingen.de\/tsv\/sportangebot"},{"@type":"ListItem","position":3,"name":"Freizeit-Fu\u00dfball"}]},{"@type":"WebSite","@id":"https:\/\/tsv-ettlingen.de\/tsv\/#website","url":"https:\/\/tsv-ettlingen.de\/tsv\/","name":"TSV Ettlingen","description":"Zusammenhalt leben!","publisher":{"@id":"https:\/\/tsv-ettlingen.de\/tsv\/#organization"},"potentialAction":[{"@type":"SearchAction","target":{"@type":"EntryPoint","urlTemplate":"https:\/\/tsv-ettlingen.de\/tsv\/?s={search_term_string}"},"query-input":{"@type":"PropertyValueSpecification","valueRequired":true,"valueName":"search_term_string"}}],"inLanguage":"de"},{"@type":"Organization","@id":"https:\/\/tsv-ettlingen.de\/tsv\/#organization","name":"TSV Ettlingen e.V.","url":"https:\/\/tsv-ettlingen.de\/tsv\/","logo":{"@type":"ImageObject","inLanguage":"de","@id":"https:\/\/tsv-ettlingen.de\/tsv\/#\/schema\/logo\/image\/","url":"https:\/\/tsv-ettlingen.de\/tsv\/wp-content\/uploads\/2021\/05\/LOGO_Farbe.jpg","contentUrl":"https:\/\/tsv-ettlingen.de\/tsv\/wp-content\/uploads\/2021\/05\/LOGO_Farbe.jpg","width":2008,"height":1181,"caption":"TSV Ettlingen e.V."},"image":{"@id":"https:\/\/tsv-ettlingen.de\/tsv\/#\/schema\/logo\/image\/"},"sameAs":["https:\/\/www.instagram.com\/tsv_ettlingen\/"]}]}},"_links":{"self":[{"href":"https:\/\/tsv-ettlingen.de\/tsv\/wp-json\/wp\/v2\/pages\/567","targetHints":{"allow":["GET"]}}],"collection":[{"href":"https:\/\/tsv-ettlingen.de\/tsv\/wp-json\/wp\/v2\/pages"}],"about":[{"href":"https:\/\/tsv-ettlingen.de\/tsv\/wp-json\/wp\/v2\/types\/page"}],"author":[{"embeddable":true,"href":"https:\/\/tsv-ettlingen.de\/tsv\/wp-json\/wp\/v2\/users\/1"}],"replies":[{"embeddable":true,"href":"https:\/\/tsv-ettlingen.de\/tsv\/wp-json\/wp\/v2\/comments?post=567"}],"version-history":[{"count":16,"href":"https:\/\/tsv-ettlingen.de\/tsv\/wp-json\/wp\/v2\/pages\/567\/revisions"}],"predecessor-version":[{"id":4162,"href":"https:\/\/tsv-ettlingen.de\/tsv\/wp-json\/wp\/v2\/pages\/567\/revisions\/4162"}],"up":[{"embeddable":true,"href":"https:\/\/tsv-ettlingen.de\/tsv\/wp-json\/wp\/v2\/pages\/262"}],"wp:featuredmedia":[{"embeddable":true,"href":"https:\/\/tsv-ettlingen.de\/tsv\/wp-json\/wp\/v2\/media\/474"}],"wp:attachment":[{"href":"https:\/\/tsv-ettlingen.de\/tsv\/wp-json\/wp\/v2\/media?parent=567"}],"curies":[{"name":"wp","href":"https:\/\/api.w.org\/{rel}","templated":true}]}}