{"id":647,"date":"2021-12-12T09:29:07","date_gmt":"2021-12-12T08:29:07","guid":{"rendered":"https:\/\/tsvettlingen.live-website.com\/?page_id=647"},"modified":"2023-09-05T14:07:42","modified_gmt":"2023-09-05T12:07:42","slug":"spielberichte","status":"publish","type":"page","link":"https:\/\/tsv-ettlingen.de\/tsv\/sportangebot\/basketball\/spielberichte","title":{"rendered":"Spielberichte"},"content":{"rendered":"\n<div id=\"wp-block-themeisle-blocks-advanced-columns-e6e63c4d\" class=\"wp-block-themeisle-blocks-advanced-columns alignfull has-1-columns has-desktop-equal-layout has-tablet-equal-layout has-mobile-equal-layout has-vertical-unset has-dark-bg\"><div class=\"wp-block-themeisle-blocks-advanced-columns-overlay\"><\/div><div class=\"innerblocks-wrap\">\n<div id=\"wp-block-themeisle-blocks-advanced-column-0bfb60b8\" class=\"wp-block-themeisle-blocks-advanced-column\">\n<h1 id=\"wp-block-themeisle-blocks-advanced-heading-1ea6f356\" class=\"wp-block-themeisle-blocks-advanced-heading wp-block-themeisle-blocks-advanced-heading-1ea6f356\">Spielberichte<\/h1>\n<\/div>\n<\/div><\/div>\n\n\n\n<div id=\"wp-block-themeisle-blocks-advanced-columns-2cdb3440\" class=\"wp-block-themeisle-blocks-advanced-columns has-1-columns has-desktop-equal-layout has-tablet-equal-layout has-mobile-equal-layout has-vertical-unset\"><div class=\"wp-block-themeisle-blocks-advanced-columns-overlay\"><\/div><div class=\"innerblocks-wrap\">\n<div id=\"wp-block-themeisle-blocks-advanced-column-6f00f109\" class=\"wp-block-themeisle-blocks-advanced-column\"><div class=\"breadcrumbs align  wp-block-bcn-breadcrumb-trail has-text-color has-background\" vocab=\"https:\/\/schema.org\/\" typeof=\"BreadcrumbList\">\n\t<span><\/span>\n\t<span property=\"itemListElement\" typeof=\"ListItem\"><a property=\"item\" typeof=\"WebPage\" title=\"Gehe zu TSV Ettlingen.\" href=\"https:\/\/tsv-ettlingen.de\/tsv\" class=\"home\" ><span property=\"name\">TSV Ettlingen<\/span><\/a><meta property=\"position\" content=\"1\"><\/span> &gt; <span property=\"itemListElement\" typeof=\"ListItem\"><a property=\"item\" typeof=\"WebPage\" title=\"Gehe zu Beitr\u00e4ge.\" href=\"https:\/\/tsv-ettlingen.de\/tsv\/beitraege\" class=\"post-root post post-post\" aria-current=\"page\"><span property=\"name\">Beitr\u00e4ge<\/span><\/a><meta property=\"position\" content=\"2\"><\/span><\/div>\n<\/div>\n<\/div><\/div>\n\n\n\n<div id=\"wp-block-themeisle-blocks-advanced-columns-89ddb497\" class=\"wp-block-themeisle-blocks-advanced-columns has-1-columns has-desktop-equal-layout has-tablet-equal-layout has-mobile-equal-layout has-vertical-unset has-default-gap\"><div class=\"wp-block-themeisle-blocks-advanced-columns-overlay\"><\/div><div class=\"innerblocks-wrap\">\n<div id=\"wp-block-themeisle-blocks-advanced-column-43dffed2\" class=\"wp-block-themeisle-blocks-advanced-column\">\n<div class=\"wp-block-query is-layout-flow wp-block-query-is-layout-flow\"><ul class=\"columns-2 wp-block-post-template is-layout-grid wp-container-core-post-template-is-layout-17361a50 wp-block-post-template-is-layout-grid\"><li class=\"wp-block-post post-5208 post type-post status-publish format-standard has-post-thumbnail hentry category-allgemein category-basketball category-jugend tag-basketballfreizeit tag-braunshausen tag-jugendfreizeit tag-sommerferien-2026\">\n<div class=\"wp-block-post-date\"><time datetime=\"2026-04-04T18:02:10+02:00\">4. April 2026<\/time><\/div>\n\n<div class=\"wp-block-post-author\"><div class=\"wp-block-post-author__content\"><p class=\"wp-block-post-author__name\">TSV Redaktion<\/p><\/div><\/div>\n\n<h2 class=\"wp-block-post-title\"><a href=\"https:\/\/tsv-ettlingen.de\/tsv\/basketball-freizeit-sommerferien\" target=\"_self\" >Basketball-Freizeit Sommerferien<\/a><\/h2>\n\n<figure style=\"aspect-ratio:1;\" class=\"aligncenter wp-block-post-featured-image\"><a href=\"https:\/\/tsv-ettlingen.de\/tsv\/basketball-freizeit-sommerferien\" target=\"_self\"  ><img loading=\"lazy\" decoding=\"async\" width=\"761\" height=\"677\" src=\"https:\/\/tsv-ettlingen.de\/tsv\/wp-content\/uploads\/2026\/04\/STB-Gaestehaus-Braunshausen.jpeg\" class=\"attachment-post-thumbnail size-post-thumbnail wp-post-image\" alt=\"Basketball-Freizeit Sommerferien\" style=\"width:100%;height:100%;object-fit:cover;\" srcset=\"https:\/\/tsv-ettlingen.de\/tsv\/wp-content\/uploads\/2026\/04\/STB-Gaestehaus-Braunshausen.jpeg 761w, https:\/\/tsv-ettlingen.de\/tsv\/wp-content\/uploads\/2026\/04\/STB-Gaestehaus-Braunshausen-300x267.jpeg 300w\" sizes=\"auto, (max-width: 761px) 100vw, 761px\" \/><\/a><\/figure>\n\n\n<div style=\"height:20px\" aria-hidden=\"true\" class=\"wp-block-spacer\"><\/div>\n\n\n<div class=\"wp-block-post-excerpt\"><p class=\"wp-block-post-excerpt__excerpt\">Anmeldeschluss verl\u00e4ngert bis Sonntag 12.04.2026 &#8211; noch schnell anmelden! Vom 10. bis 14. August bietet die Basketballabteilung des TSV wieder eine Jugendfreizeit an. Es geht dieses Jahr ins G\u00e4stehaus Braunshausen im Saarland. Es sind noch Pl\u00e4tze frei. Wenn du also Mitglied beim TSV bist, Lust auf 5 Tage Basketball, Spa\u00df&hellip;<\/p><p class=\"wp-block-post-excerpt__more-text\"><a class=\"wp-block-post-excerpt__more-link\" href=\"https:\/\/tsv-ettlingen.de\/tsv\/basketball-freizeit-sommerferien\">Weiterlesen<\/a><\/p><\/div>\n\n\n<hr class=\"wp-block-separator has-css-opacity\"\/>\n\n<\/li><li class=\"wp-block-post post-5183 post type-post status-publish format-standard hentry category-allgemein category-basketball category-jugend tag-basketball-camp tag-osterferien\">\n<div class=\"wp-block-post-date\"><time datetime=\"2026-03-06T10:04:21+01:00\">6. M\u00e4rz 2026<\/time><\/div>\n\n<div class=\"wp-block-post-author\"><div class=\"wp-block-post-author__content\"><p class=\"wp-block-post-author__name\">Janne Rug<\/p><\/div><\/div>\n\n<h2 class=\"wp-block-post-title\"><a href=\"https:\/\/tsv-ettlingen.de\/tsv\/basketball-camp\" target=\"_self\" >Basketball-Camp Osterferien<\/a><\/h2>\n\n\n\n\n<div style=\"height:20px\" aria-hidden=\"true\" class=\"wp-block-spacer\"><\/div>\n\n\n<div class=\"wp-block-post-excerpt\"><p class=\"wp-block-post-excerpt__excerpt\">Hast du Lust auf ein Basketball-Camp und hast in den Osterferien noch nichts vor? Du spielst au\u00dferdem beim TSV Ettlingen in den Mannschaften U12 bis U16? Dann bist du hier genau richtig! In den Osterferien am 08. und 09. April 2026 findet zum ersten Mal ein Basketball-Camp in der Sporthalle&hellip;<\/p><p class=\"wp-block-post-excerpt__more-text\"><a class=\"wp-block-post-excerpt__more-link\" href=\"https:\/\/tsv-ettlingen.de\/tsv\/basketball-camp\">Weiterlesen<\/a><\/p><\/div>\n\n\n<hr class=\"wp-block-separator has-css-opacity\"\/>\n\n<\/li><li class=\"wp-block-post post-5180 post type-post status-publish format-standard hentry category-basketball tag-damen-2 tag-heimsieg tag-landesliga tag-sg-ek-karlsruhe\">\n<div class=\"wp-block-post-date\"><time datetime=\"2026-02-23T20:08:00+01:00\">23. Februar 2026<\/time><\/div>\n\n<div class=\"wp-block-post-author\"><div class=\"wp-block-post-author__content\"><p class=\"wp-block-post-author__name\">Nina Skala<\/p><\/div><\/div>\n\n<h2 class=\"wp-block-post-title\"><a href=\"https:\/\/tsv-ettlingen.de\/tsv\/damen-2-weiterhin-ungeschlagen\" target=\"_self\" >Damen 2 weiterhin ungeschlagen<\/a><\/h2>\n\n\n\n\n<div style=\"height:20px\" aria-hidden=\"true\" class=\"wp-block-spacer\"><\/div>\n\n\n<div class=\"wp-block-post-excerpt\"><p class=\"wp-block-post-excerpt__excerpt\">Die Damen 2 des TSV Ettlingen bleiben weiter ungeschlagen. In der Heimpartie gegen die Damen der SG Eichenkreuz Karlsruhe feierte das Team einen deutlichen 59:33-Erfolg. Bereits zur Halbzeit war die Begegnung praktisch entschieden: Mit einer starken Teamleistung erspielte sich Ettlingen eine klare 38:9-F\u00fchrung und legte damit den Grundstein f\u00fcr den&hellip;<\/p><p class=\"wp-block-post-excerpt__more-text\"><a class=\"wp-block-post-excerpt__more-link\" href=\"https:\/\/tsv-ettlingen.de\/tsv\/damen-2-weiterhin-ungeschlagen\">Weiterlesen<\/a><\/p><\/div>\n\n\n<hr class=\"wp-block-separator has-css-opacity\"\/>\n\n<\/li><li class=\"wp-block-post post-5178 post type-post status-publish format-standard hentry category-basketball tag-bezirksliga tag-heimsieg tag-herren-2 tag-sg-ek-karlsruhe\">\n<div class=\"wp-block-post-date\"><time datetime=\"2026-02-23T19:08:41+01:00\">23. Februar 2026<\/time><\/div>\n\n<div class=\"wp-block-post-author\"><div class=\"wp-block-post-author__content\"><p class=\"wp-block-post-author__name\">Nina Skala<\/p><\/div><\/div>\n\n<h2 class=\"wp-block-post-title\"><a href=\"https:\/\/tsv-ettlingen.de\/tsv\/nicht-schoen-aber-gewonnen\" target=\"_self\" >Nicht sch\u00f6n, aber gewonnen!<\/a><\/h2>\n\n\n\n\n<div style=\"height:20px\" aria-hidden=\"true\" class=\"wp-block-spacer\"><\/div>\n\n\n<div class=\"wp-block-post-excerpt\"><p class=\"wp-block-post-excerpt__excerpt\">Die Herren 2 des TSV Ettlingen feierten in heimischer Halle einen verdienten 71:61-Erfolg gegen die dritte Mannschaft der SG Eichenkreuz Karlsruhe.Die Partie begann ausgeglichen: Mit 25:25 endete das erste Viertel, in dem beide Teams offensiv ihren Rhythmus fanden, defensiv jedoch immer wieder L\u00fccken offenbarten. Auch im zweiten Abschnitt tat sich&hellip;<\/p><p class=\"wp-block-post-excerpt__more-text\"><a class=\"wp-block-post-excerpt__more-link\" href=\"https:\/\/tsv-ettlingen.de\/tsv\/nicht-schoen-aber-gewonnen\">Weiterlesen<\/a><\/p><\/div>\n\n\n<hr class=\"wp-block-separator has-css-opacity\"\/>\n\n<\/li><li class=\"wp-block-post post-5176 post type-post status-publish format-standard hentry category-basketball tag-damen-2 tag-heimsieg tag-landesliga tag-psk-lions\">\n<div class=\"wp-block-post-date\"><time datetime=\"2026-02-12T20:59:29+01:00\">12. Februar 2026<\/time><\/div>\n\n<div class=\"wp-block-post-author\"><div class=\"wp-block-post-author__content\"><p class=\"wp-block-post-author__name\">Nina Skala<\/p><\/div><\/div>\n\n<h2 class=\"wp-block-post-title\"><a href=\"https:\/\/tsv-ettlingen.de\/tsv\/damen-2-lassen-den-psk-lions-keine-chance\" target=\"_self\" >Damen 2 lassen den PSK Lions keine Chance<\/a><\/h2>\n\n\n\n\n<div style=\"height:20px\" aria-hidden=\"true\" class=\"wp-block-spacer\"><\/div>\n\n\n<div class=\"wp-block-post-excerpt\"><p class=\"wp-block-post-excerpt__excerpt\">Die Damen 2 des TSV Ettlingen haben ihre Heimst\u00e4rke erneut eindrucksvoll unter Beweis gestellt. Auch ohne ihre Topscorerin Silia Gmeinwieser feierte das Team einen deutlichen 64:29-Erfolg gegen die PSK Lions und wahrte damit weiterhin die wei\u00dfe Weste. Von Beginn an kontrollierte Ettlingen das Spielgeschehen und setzte sich im ersten Viertel&hellip;<\/p><p class=\"wp-block-post-excerpt__more-text\"><a class=\"wp-block-post-excerpt__more-link\" href=\"https:\/\/tsv-ettlingen.de\/tsv\/damen-2-lassen-den-psk-lions-keine-chance\">Weiterlesen<\/a><\/p><\/div>\n\n\n<hr class=\"wp-block-separator has-css-opacity\"\/>\n\n<\/li><li class=\"wp-block-post post-5174 post type-post status-publish format-standard hentry category-basketball category-jugend tag-auswaertsniederlage tag-landesliga tag-ps-karlsruhe-lions tag-u18-weiblich\">\n<div class=\"wp-block-post-date\"><time datetime=\"2026-02-11T20:57:03+01:00\">11. Februar 2026<\/time><\/div>\n\n<div class=\"wp-block-post-author\"><div class=\"wp-block-post-author__content\"><p class=\"wp-block-post-author__name\">Nina Skala<\/p><\/div><\/div>\n\n<h2 class=\"wp-block-post-title\"><a href=\"https:\/\/tsv-ettlingen.de\/tsv\/u18-maedels-unterliegen-den-psk-lions\" target=\"_self\" >U18-M\u00e4dels unterliegen den PSK Lions<\/a><\/h2>\n\n\n\n\n<div style=\"height:20px\" aria-hidden=\"true\" class=\"wp-block-spacer\"><\/div>\n\n\n<div class=\"wp-block-post-excerpt\"><p class=\"wp-block-post-excerpt__excerpt\">In der Heimpartie gegen die PSK Lions hatten die U18-M\u00e4dels des TSV Ettlingen Schwierigkeiten, ihren Rhythmus zu finden. Das Spiel der Ettlingerinnen wirkte oft ungeordnet, immer wieder standen sie sich selbst im Weg und fanden nur schwer zu klaren Abschl\u00fcssen. Zwar erspielten sie sich phasenweise gute Chancen, insgesamt waren die&hellip;<\/p><p class=\"wp-block-post-excerpt__more-text\"><a class=\"wp-block-post-excerpt__more-link\" href=\"https:\/\/tsv-ettlingen.de\/tsv\/u18-maedels-unterliegen-den-psk-lions\">Weiterlesen<\/a><\/p><\/div>\n\n\n<hr class=\"wp-block-separator has-css-opacity\"\/>\n\n<\/li><li class=\"wp-block-post post-5172 post type-post status-publish format-standard hentry category-basketball category-jugend tag-heimsieg tag-kreisliga tag-ssc-karlsruhe tag-u12-maennlich\">\n<div class=\"wp-block-post-date\"><time datetime=\"2026-02-10T20:54:28+01:00\">10. Februar 2026<\/time><\/div>\n\n<div class=\"wp-block-post-author\"><div class=\"wp-block-post-author__content\"><p class=\"wp-block-post-author__name\">TSV Redaktion<\/p><\/div><\/div>\n\n<h2 class=\"wp-block-post-title\"><a href=\"https:\/\/tsv-ettlingen.de\/tsv\/deutlicher-heimsieg-der-u12-jungs\" target=\"_self\" >Deutlicher Heimsieg der U12-Jungs<\/a><\/h2>\n\n\n\n\n<div style=\"height:20px\" aria-hidden=\"true\" class=\"wp-block-spacer\"><\/div>\n\n\n<div class=\"wp-block-post-excerpt\"><p class=\"wp-block-post-excerpt__excerpt\">Mit 88:37 (41:22) gewannen die U12-Jungs des TSV Ettlingen ihr Heimspiel am Samstag gegen die M\u00e4dchen des SSC Karlsruhe in der gemischten Kreisliga Nord. Nach einem nerv\u00f6sen Beginn auf beiden Seiten fanden die TSV-Jungs schneller ihren Rhythmus, konnten jedoch zun\u00e4chst nicht alle Aktionen in Punkte umm\u00fcnzen. Im Laufe der Begegnung&hellip;<\/p><p class=\"wp-block-post-excerpt__more-text\"><a class=\"wp-block-post-excerpt__more-link\" href=\"https:\/\/tsv-ettlingen.de\/tsv\/deutlicher-heimsieg-der-u12-jungs\">Weiterlesen<\/a><\/p><\/div>\n\n\n<hr class=\"wp-block-separator has-css-opacity\"\/>\n\n<\/li><li class=\"wp-block-post post-5170 post type-post status-publish format-standard hentry category-basketball category-jugend tag-kreisliga-a tag-niederlage tag-tsv-berghausen tag-tv-bretten tag-u12-weiblich\">\n<div class=\"wp-block-post-date\"><time datetime=\"2026-02-09T20:50:14+01:00\">9. Februar 2026<\/time><\/div>\n\n<div class=\"wp-block-post-author\"><div class=\"wp-block-post-author__content\"><p class=\"wp-block-post-author__name\">Nina Skala<\/p><\/div><\/div>\n\n<h2 class=\"wp-block-post-title\"><a href=\"https:\/\/tsv-ettlingen.de\/tsv\/u12-maedels-mit-kaempferischem-doppelspieltag\" target=\"_self\" >U12-M\u00e4dels mit k\u00e4mpferischem Doppelspieltag<\/a><\/h2>\n\n\n\n\n<div style=\"height:20px\" aria-hidden=\"true\" class=\"wp-block-spacer\"><\/div>\n\n\n<div class=\"wp-block-post-excerpt\"><p class=\"wp-block-post-excerpt__excerpt\">Ein intensives Spielwochenende liegt hinter den U12-M\u00e4dels des TSV Ettlingen \u2013 mit schweren Aufgaben und wichtigen Erfahrungen. Am Samstag stand die Heimpartie gegen den TV Bretten auf dem Programm. Gegen die k\u00f6rperlich \u00fcberlegene Jungsmannschaft hatten es die Ettlingerinnen schwer. Bretten nutzte seine Vorteile aus und zog fr\u00fch davon. Trotz des&hellip;<\/p><p class=\"wp-block-post-excerpt__more-text\"><a class=\"wp-block-post-excerpt__more-link\" href=\"https:\/\/tsv-ettlingen.de\/tsv\/u12-maedels-mit-kaempferischem-doppelspieltag\">Weiterlesen<\/a><\/p><\/div>\n\n\n<hr class=\"wp-block-separator has-css-opacity\"\/>\n\n<\/li><li class=\"wp-block-post post-5156 post type-post status-publish format-standard hentry category-basketball tag-auswaertsniederlage tag-damen-1 tag-landesliga tag-ssc-karlsruhe tag-tabellenfuehrer\">\n<div class=\"wp-block-post-date\"><time datetime=\"2026-02-05T17:16:25+01:00\">5. Februar 2026<\/time><\/div>\n\n<div class=\"wp-block-post-author\"><div class=\"wp-block-post-author__content\"><p class=\"wp-block-post-author__name\">Nina Skala<\/p><\/div><\/div>\n\n<h2 class=\"wp-block-post-title\"><a href=\"https:\/\/tsv-ettlingen.de\/tsv\/damen-1-liefern-sich-beim-tabellenfuehrer-starken-kampf\" target=\"_self\" >Damen 1 liefern sich beim Tabellenf\u00fchrer starken Kampf<\/a><\/h2>\n\n\n\n\n<div style=\"height:20px\" aria-hidden=\"true\" class=\"wp-block-spacer\"><\/div>\n\n\n<div class=\"wp-block-post-excerpt\"><p class=\"wp-block-post-excerpt__excerpt\">Die Damen 1 des TSV mussten sich am vergangenen Spieltag dem Tabellenf\u00fchrer SSC Karlsruhe geschlagen geben, zeigten dabei jedoch eine starke k\u00e4mpferische Leistung und bewiesen, dass sie auch mit den Top-Teams der Oberliga mithalten k\u00f6nnen. Trotz eines holprigen Starts gelang es dem Team, das erste Viertel offen zu gestalten und&hellip;<\/p><p class=\"wp-block-post-excerpt__more-text\"><a class=\"wp-block-post-excerpt__more-link\" href=\"https:\/\/tsv-ettlingen.de\/tsv\/damen-1-liefern-sich-beim-tabellenfuehrer-starken-kampf\">Weiterlesen<\/a><\/p><\/div>\n\n\n<hr class=\"wp-block-separator has-css-opacity\"\/>\n\n<\/li><li class=\"wp-block-post post-5154 post type-post status-publish format-standard hentry category-basketball tag-auswaertsniederlage tag-bezirksliga tag-goldstadt-united tag-herren-2\">\n<div class=\"wp-block-post-date\"><time datetime=\"2026-02-04T17:08:46+01:00\">4. Februar 2026<\/time><\/div>\n\n<div class=\"wp-block-post-author\"><div class=\"wp-block-post-author__content\"><p class=\"wp-block-post-author__name\">Nina Skala<\/p><\/div><\/div>\n\n<h2 class=\"wp-block-post-title\"><a href=\"https:\/\/tsv-ettlingen.de\/tsv\/herren-2-unterliegen-knapp-in-der-goldstadt\" target=\"_self\" >Herren 2 unterliegen knapp in der Goldstadt<\/a><\/h2>\n\n\n\n\n<div style=\"height:20px\" aria-hidden=\"true\" class=\"wp-block-spacer\"><\/div>\n\n\n<div class=\"wp-block-post-excerpt\"><p class=\"wp-block-post-excerpt__excerpt\">Mit einer denkbar knappen 76:78-Niederlage kehrten die Herren 2 des TSV Ettlingen am Samstagabend vom Ausw\u00e4rtsspiel bei Goldstadt United aus Pforzheim zur\u00fcck. Trotz des dezimierten Kaders \u2013 oder vielleicht gerade deswegen \u2013 zeigte die Mannschaft von Beginn an eine sehr engagierte Leistung, eine sehr gute Defensive und hohe Aufmerksamkeit. Durch&hellip;<\/p><p class=\"wp-block-post-excerpt__more-text\"><a class=\"wp-block-post-excerpt__more-link\" href=\"https:\/\/tsv-ettlingen.de\/tsv\/herren-2-unterliegen-knapp-in-der-goldstadt\">Weiterlesen<\/a><\/p><\/div>\n\n\n<hr class=\"wp-block-separator has-css-opacity\"\/>\n\n<\/li><\/ul><\/div>\n<\/div>\n<\/div><\/div>\n","protected":false},"excerpt":{"rendered":"","protected":false},"author":7,"featured_media":0,"parent":621,"menu_order":1,"comment_status":"closed","ping_status":"closed","template":"page-templates\/template-pagebuilder-full-width.php","meta":{"neve_meta_sidebar":"full-width","neve_meta_container":"","neve_meta_enable_content_width":"on","neve_meta_content_width":100,"neve_meta_title_alignment":"","neve_meta_author_avatar":"","neve_post_elements_order":"","neve_meta_disable_header":"","neve_meta_disable_footer":"","neve_meta_disable_title":"","_themeisle_gutenberg_block_has_review":false,"footnotes":""},"class_list":["post-647","page","type-page","status-publish","hentry"],"yoast_head":"<!-- This site is optimized with the Yoast SEO plugin v27.4 - https:\/\/yoast.com\/product\/yoast-seo-wordpress\/ -->\n<title>Spielberichte - TSV Ettlingen<\/title>\n<meta name=\"description\" content=\"Verpasse keine Beitr\u00e4ge und Spielberichte der Basketball-Abteilung des TSV Ettlingen mehr.\" \/>\n<meta name=\"robots\" content=\"index, follow, max-snippet:-1, max-image-preview:large, max-video-preview:-1\" \/>\n<link rel=\"canonical\" href=\"https:\/\/tsv-ettlingen.de\/tsv\/sportangebot\/basketball\/spielberichte\" \/>\n<meta property=\"og:locale\" content=\"de_DE\" \/>\n<meta property=\"og:type\" content=\"article\" \/>\n<meta property=\"og:title\" content=\"Spielberichte - TSV Ettlingen\" \/>\n<meta property=\"og:description\" content=\"Verpasse keine Beitr\u00e4ge und Spielberichte der Basketball-Abteilung des TSV Ettlingen mehr.\" \/>\n<meta property=\"og:url\" content=\"https:\/\/tsv-ettlingen.de\/tsv\/sportangebot\/basketball\/spielberichte\" \/>\n<meta property=\"og:site_name\" content=\"TSV Ettlingen\" \/>\n<meta property=\"article:modified_time\" content=\"2023-09-05T12:07:42+00:00\" \/>\n<meta name=\"twitter:card\" content=\"summary_large_image\" \/>\n<meta name=\"twitter:label1\" content=\"Gesch\u00e4tzte Lesezeit\" \/>\n\t<meta name=\"twitter:data1\" content=\"1\u00a0Minute\" \/>\n<script type=\"application\/ld+json\" class=\"yoast-schema-graph\">{\"@context\":\"https:\\\/\\\/schema.org\",\"@graph\":[{\"@type\":\"WebPage\",\"@id\":\"https:\\\/\\\/tsv-ettlingen.de\\\/tsv\\\/sportangebot\\\/basketball\\\/spielberichte\",\"url\":\"https:\\\/\\\/tsv-ettlingen.de\\\/tsv\\\/sportangebot\\\/basketball\\\/spielberichte\",\"name\":\"Spielberichte - TSV Ettlingen\",\"isPartOf\":{\"@id\":\"https:\\\/\\\/tsv-ettlingen.de\\\/tsv\\\/#website\"},\"datePublished\":\"2021-12-12T08:29:07+00:00\",\"dateModified\":\"2023-09-05T12:07:42+00:00\",\"description\":\"Verpasse keine Beitr\u00e4ge und Spielberichte der Basketball-Abteilung des TSV Ettlingen mehr.\",\"breadcrumb\":{\"@id\":\"https:\\\/\\\/tsv-ettlingen.de\\\/tsv\\\/sportangebot\\\/basketball\\\/spielberichte#breadcrumb\"},\"inLanguage\":\"de\",\"potentialAction\":[{\"@type\":\"ReadAction\",\"target\":[\"https:\\\/\\\/tsv-ettlingen.de\\\/tsv\\\/sportangebot\\\/basketball\\\/spielberichte\"]}]},{\"@type\":\"BreadcrumbList\",\"@id\":\"https:\\\/\\\/tsv-ettlingen.de\\\/tsv\\\/sportangebot\\\/basketball\\\/spielberichte#breadcrumb\",\"itemListElement\":[{\"@type\":\"ListItem\",\"position\":1,\"name\":\"Startseite\",\"item\":\"https:\\\/\\\/tsv-ettlingen.de\\\/tsv\\\/\"},{\"@type\":\"ListItem\",\"position\":2,\"name\":\"Sportangebot\",\"item\":\"https:\\\/\\\/tsv-ettlingen.de\\\/tsv\\\/sportangebot\"},{\"@type\":\"ListItem\",\"position\":3,\"name\":\"Basketball\",\"item\":\"https:\\\/\\\/tsv-ettlingen.de\\\/tsv\\\/sportangebot\\\/basketball\"},{\"@type\":\"ListItem\",\"position\":4,\"name\":\"Spielberichte\"}]},{\"@type\":\"WebSite\",\"@id\":\"https:\\\/\\\/tsv-ettlingen.de\\\/tsv\\\/#website\",\"url\":\"https:\\\/\\\/tsv-ettlingen.de\\\/tsv\\\/\",\"name\":\"TSV Ettlingen\",\"description\":\"Zusammenhalt leben!\",\"publisher\":{\"@id\":\"https:\\\/\\\/tsv-ettlingen.de\\\/tsv\\\/#organization\"},\"potentialAction\":[{\"@type\":\"SearchAction\",\"target\":{\"@type\":\"EntryPoint\",\"urlTemplate\":\"https:\\\/\\\/tsv-ettlingen.de\\\/tsv\\\/?s={search_term_string}\"},\"query-input\":{\"@type\":\"PropertyValueSpecification\",\"valueRequired\":true,\"valueName\":\"search_term_string\"}}],\"inLanguage\":\"de\"},{\"@type\":\"Organization\",\"@id\":\"https:\\\/\\\/tsv-ettlingen.de\\\/tsv\\\/#organization\",\"name\":\"TSV Ettlingen e.V.\",\"url\":\"https:\\\/\\\/tsv-ettlingen.de\\\/tsv\\\/\",\"logo\":{\"@type\":\"ImageObject\",\"inLanguage\":\"de\",\"@id\":\"https:\\\/\\\/tsv-ettlingen.de\\\/tsv\\\/#\\\/schema\\\/logo\\\/image\\\/\",\"url\":\"https:\\\/\\\/tsv-ettlingen.de\\\/tsv\\\/wp-content\\\/uploads\\\/2021\\\/05\\\/LOGO_Farbe.jpg\",\"contentUrl\":\"https:\\\/\\\/tsv-ettlingen.de\\\/tsv\\\/wp-content\\\/uploads\\\/2021\\\/05\\\/LOGO_Farbe.jpg\",\"width\":2008,\"height\":1181,\"caption\":\"TSV Ettlingen e.V.\"},\"image\":{\"@id\":\"https:\\\/\\\/tsv-ettlingen.de\\\/tsv\\\/#\\\/schema\\\/logo\\\/image\\\/\"},\"sameAs\":[\"https:\\\/\\\/www.instagram.com\\\/tsv_ettlingen\\\/\"]}]}<\/script>\n<!-- \/ Yoast SEO plugin. -->","yoast_head_json":{"title":"Spielberichte - TSV Ettlingen","description":"Verpasse keine Beitr\u00e4ge und Spielberichte der Basketball-Abteilung des TSV Ettlingen mehr.","robots":{"index":"index","follow":"follow","max-snippet":"max-snippet:-1","max-image-preview":"max-image-preview:large","max-video-preview":"max-video-preview:-1"},"canonical":"https:\/\/tsv-ettlingen.de\/tsv\/sportangebot\/basketball\/spielberichte","og_locale":"de_DE","og_type":"article","og_title":"Spielberichte - TSV Ettlingen","og_description":"Verpasse keine Beitr\u00e4ge und Spielberichte der Basketball-Abteilung des TSV Ettlingen mehr.","og_url":"https:\/\/tsv-ettlingen.de\/tsv\/sportangebot\/basketball\/spielberichte","og_site_name":"TSV Ettlingen","article_modified_time":"2023-09-05T12:07:42+00:00","twitter_card":"summary_large_image","twitter_misc":{"Gesch\u00e4tzte Lesezeit":"1\u00a0Minute"},"schema":{"@context":"https:\/\/schema.org","@graph":[{"@type":"WebPage","@id":"https:\/\/tsv-ettlingen.de\/tsv\/sportangebot\/basketball\/spielberichte","url":"https:\/\/tsv-ettlingen.de\/tsv\/sportangebot\/basketball\/spielberichte","name":"Spielberichte - TSV Ettlingen","isPartOf":{"@id":"https:\/\/tsv-ettlingen.de\/tsv\/#website"},"datePublished":"2021-12-12T08:29:07+00:00","dateModified":"2023-09-05T12:07:42+00:00","description":"Verpasse keine Beitr\u00e4ge und Spielberichte der Basketball-Abteilung des TSV Ettlingen mehr.","breadcrumb":{"@id":"https:\/\/tsv-ettlingen.de\/tsv\/sportangebot\/basketball\/spielberichte#breadcrumb"},"inLanguage":"de","potentialAction":[{"@type":"ReadAction","target":["https:\/\/tsv-ettlingen.de\/tsv\/sportangebot\/basketball\/spielberichte"]}]},{"@type":"BreadcrumbList","@id":"https:\/\/tsv-ettlingen.de\/tsv\/sportangebot\/basketball\/spielberichte#breadcrumb","itemListElement":[{"@type":"ListItem","position":1,"name":"Startseite","item":"https:\/\/tsv-ettlingen.de\/tsv\/"},{"@type":"ListItem","position":2,"name":"Sportangebot","item":"https:\/\/tsv-ettlingen.de\/tsv\/sportangebot"},{"@type":"ListItem","position":3,"name":"Basketball","item":"https:\/\/tsv-ettlingen.de\/tsv\/sportangebot\/basketball"},{"@type":"ListItem","position":4,"name":"Spielberichte"}]},{"@type":"WebSite","@id":"https:\/\/tsv-ettlingen.de\/tsv\/#website","url":"https:\/\/tsv-ettlingen.de\/tsv\/","name":"TSV Ettlingen","description":"Zusammenhalt leben!","publisher":{"@id":"https:\/\/tsv-ettlingen.de\/tsv\/#organization"},"potentialAction":[{"@type":"SearchAction","target":{"@type":"EntryPoint","urlTemplate":"https:\/\/tsv-ettlingen.de\/tsv\/?s={search_term_string}"},"query-input":{"@type":"PropertyValueSpecification","valueRequired":true,"valueName":"search_term_string"}}],"inLanguage":"de"},{"@type":"Organization","@id":"https:\/\/tsv-ettlingen.de\/tsv\/#organization","name":"TSV Ettlingen e.V.","url":"https:\/\/tsv-ettlingen.de\/tsv\/","logo":{"@type":"ImageObject","inLanguage":"de","@id":"https:\/\/tsv-ettlingen.de\/tsv\/#\/schema\/logo\/image\/","url":"https:\/\/tsv-ettlingen.de\/tsv\/wp-content\/uploads\/2021\/05\/LOGO_Farbe.jpg","contentUrl":"https:\/\/tsv-ettlingen.de\/tsv\/wp-content\/uploads\/2021\/05\/LOGO_Farbe.jpg","width":2008,"height":1181,"caption":"TSV Ettlingen e.V."},"image":{"@id":"https:\/\/tsv-ettlingen.de\/tsv\/#\/schema\/logo\/image\/"},"sameAs":["https:\/\/www.instagram.com\/tsv_ettlingen\/"]}]}},"_links":{"self":[{"href":"https:\/\/tsv-ettlingen.de\/tsv\/wp-json\/wp\/v2\/pages\/647","targetHints":{"allow":["GET"]}}],"collection":[{"href":"https:\/\/tsv-ettlingen.de\/tsv\/wp-json\/wp\/v2\/pages"}],"about":[{"href":"https:\/\/tsv-ettlingen.de\/tsv\/wp-json\/wp\/v2\/types\/page"}],"author":[{"embeddable":true,"href":"https:\/\/tsv-ettlingen.de\/tsv\/wp-json\/wp\/v2\/users\/7"}],"replies":[{"embeddable":true,"href":"https:\/\/tsv-ettlingen.de\/tsv\/wp-json\/wp\/v2\/comments?post=647"}],"version-history":[{"count":30,"href":"https:\/\/tsv-ettlingen.de\/tsv\/wp-json\/wp\/v2\/pages\/647\/revisions"}],"predecessor-version":[{"id":3048,"href":"https:\/\/tsv-ettlingen.de\/tsv\/wp-json\/wp\/v2\/pages\/647\/revisions\/3048"}],"up":[{"embeddable":true,"href":"https:\/\/tsv-ettlingen.de\/tsv\/wp-json\/wp\/v2\/pages\/621"}],"wp:attachment":[{"href":"https:\/\/tsv-ettlingen.de\/tsv\/wp-json\/wp\/v2\/media?parent=647"}],"curies":[{"name":"wp","href":"https:\/\/api.w.org\/{rel}","templated":true}]}}